{"id":767174,"date":"2025-08-28T12:38:58","date_gmt":"2025-08-28T09:38:58","guid":{"rendered":"https:\/\/roveyayinevi.com.tr\/index.php\/urun\/tarcin-ile-yeni-yil\/"},"modified":"2026-04-15T03:32:48","modified_gmt":"2026-04-15T00:32:48","slug":"tarcin-ile-yeni-yil","status":"publish","type":"product","link":"https:\/\/roveyayinevi.com.tr\/index.php\/urun\/tarcin-ile-yeni-yil\/","title":{"rendered":"Tar\u00e7\u0131n \u0130le Yeni Y\u0131l"},"content":{"rendered":"<p>Yeni y\u0131l yakla\u015f\u0131rken Tar\u00e7\u0131n ve arkada\u015flar\u0131 \u00e7ok heyecanl\u0131yd\u0131. Ancak Orman Gazetesi\u2019nde okuduklar\u0131 haber hepsini derinden sarst\u0131: Noel Baba hastaland\u0131\u011f\u0131 i\u00e7in hediye da\u011f\u0131tacak kimse kalmam\u0131\u015ft\u0131. Tar\u00e7\u0131n ve arkada\u015flar\u0131 bu duruma hemen bir \u00e7\u00f6z\u00fcm bulmaya karar verdi. Hediyelerin kar\u0131\u015ft\u0131\u011f\u0131, e\u011flenceli ve s\u00fcrpriz dolu bir \u00f6yk\u00fcye haz\u0131r m\u0131s\u0131n\u0131z? <\/p>\n","protected":false},"excerpt":{"rendered":"<p>Yeni y\u0131l yakla\u015f\u0131rken Tar\u00e7\u0131n ve arkada\u015flar\u0131 \u00e7ok heyecanl\u0131yd\u0131. Ancak Orman Gazetesi\u2019nde okuduklar\u0131 haber hepsini derinden sarst\u0131: Noel Baba hastaland\u0131\u011f\u0131 i\u00e7in hediye da\u011f\u0131tacak kimse kalmam\u0131\u015ft\u0131. Tar\u00e7\u0131n ve<span class=\"excerpt-hellip\"> [\u2026]<\/span><\/p>\n","protected":false},"featured_media":0,"template":"","meta":{"_monsterinsights_skip_tracking":false,"_monsterinsights_sitenote_active":false,"_monsterinsights_sitenote_note":"","_monsterinsights_sitenote_category":0},"product_brand":[],"product_cat":[12274,12518],"product_tag":[],"class_list":{"0":"post-767174","1":"product","2":"type-product","3":"status-publish","5":"product_cat-cocuk-ve-genclik-kitaplari","6":"product_cat-okul-oncesi-kitaplar","7":"pa_cilt-ciltsiz","8":"pa_tur-kitap","9":"pa_yayinevi-is-bankasi-kultur-yayinlari","10":"pa_yazar-andreas-konig","12":"first","13":"instock","14":"sale","15":"shipping-taxable","16":"purchasable","17":"product-type-simple"},"_links":{"self":[{"href":"https:\/\/roveyayinevi.com.tr\/index.php\/wp-json\/wp\/v2\/product\/767174","targetHints":{"allow":["GET"]}}],"collection":[{"href":"https:\/\/roveyayinevi.com.tr\/index.php\/wp-json\/wp\/v2\/product"}],"about":[{"href":"https:\/\/roveyayinevi.com.tr\/index.php\/wp-json\/wp\/v2\/types\/product"}],"wp:attachment":[{"href":"https:\/\/roveyayinevi.com.tr\/index.php\/wp-json\/wp\/v2\/media?parent=767174"}],"wp:term":[{"taxonomy":"product_brand","embeddable":true,"href":"https:\/\/roveyayinevi.com.tr\/index.php\/wp-json\/wp\/v2\/product_brand?post=767174"},{"taxonomy":"product_cat","embeddable":true,"href":"https:\/\/roveyayinevi.com.tr\/index.php\/wp-json\/wp\/v2\/product_cat?post=767174"},{"taxonomy":"product_tag","embeddable":true,"href":"https:\/\/roveyayinevi.com.tr\/index.php\/wp-json\/wp\/v2\/product_tag?post=767174"}],"curies":[{"name":"wp","href":"https:\/\/api.w.org\/{rel}","templated":true}]}}