{"id":767170,"date":"2025-08-28T12:38:52","date_gmt":"2025-08-28T09:38:52","guid":{"rendered":"https:\/\/roveyayinevi.com.tr\/index.php\/urun\/dinozor-bahcem\/"},"modified":"2026-04-15T03:32:48","modified_gmt":"2026-04-15T00:32:48","slug":"dinozor-bahcem","status":"publish","type":"product","link":"https:\/\/roveyayinevi.com.tr\/index.php\/urun\/dinozor-bahcem\/","title":{"rendered":"Dinozor Bah\u00e7em"},"content":{"rendered":"<p>Bah\u00e7\u0131vanl\u0131\u011f\u0131n harika s\u0131rlar\u0131n\u0131 dinozor bah\u00e7esinde ke\u015ffedin. Bu muhte\u015fem kitapta bitki yeti\u015ftirmekten \u015fahane bir kakt\u00fcs bah\u00e7esi haz\u0131rlamaya kadar pek \u00e7ok e\u011flenceli etkinlik bulacaks\u0131n\u0131z. Kraliyet Bah\u00e7ecilik Derne\u011fi\u2019nin bah\u00e7elerinden ilham alan bu kitapla, siz de bitkileri yak\u0131ndan tan\u0131yabilirsiniz. <\/p>\n","protected":false},"excerpt":{"rendered":"<p>Bah\u00e7\u0131vanl\u0131\u011f\u0131n harika s\u0131rlar\u0131n\u0131 dinozor bah\u00e7esinde ke\u015ffedin. Bu muhte\u015fem kitapta bitki yeti\u015ftirmekten \u015fahane bir kakt\u00fcs bah\u00e7esi haz\u0131rlamaya kadar pek \u00e7ok e\u011flenceli etkinlik bulacaks\u0131n\u0131z. Kraliyet Bah\u00e7ecilik Derne\u011fi\u2019nin bah\u00e7elerinden<span class=\"excerpt-hellip\"> [\u2026]<\/span><\/p>\n","protected":false},"featured_media":0,"template":"","meta":{"_monsterinsights_skip_tracking":false,"_monsterinsights_sitenote_active":false,"_monsterinsights_sitenote_note":"","_monsterinsights_sitenote_category":0},"product_brand":[],"product_cat":[12644,12274],"product_tag":[],"class_list":{"0":"post-767170","1":"product","2":"type-product","3":"status-publish","5":"product_cat-boyama-kitaplari","6":"product_cat-cocuk-ve-genclik-kitaplari","7":"pa_cilt-ciltsiz","8":"pa_tur-kitap","9":"pa_yayinevi-is-bankasi-kultur-yayinlari","10":"pa_yazar-emily-hibbs","12":"first","13":"instock","14":"sale","15":"shipping-taxable","16":"purchasable","17":"product-type-simple"},"_links":{"self":[{"href":"https:\/\/roveyayinevi.com.tr\/index.php\/wp-json\/wp\/v2\/product\/767170","targetHints":{"allow":["GET"]}}],"collection":[{"href":"https:\/\/roveyayinevi.com.tr\/index.php\/wp-json\/wp\/v2\/product"}],"about":[{"href":"https:\/\/roveyayinevi.com.tr\/index.php\/wp-json\/wp\/v2\/types\/product"}],"wp:attachment":[{"href":"https:\/\/roveyayinevi.com.tr\/index.php\/wp-json\/wp\/v2\/media?parent=767170"}],"wp:term":[{"taxonomy":"product_brand","embeddable":true,"href":"https:\/\/roveyayinevi.com.tr\/index.php\/wp-json\/wp\/v2\/product_brand?post=767170"},{"taxonomy":"product_cat","embeddable":true,"href":"https:\/\/roveyayinevi.com.tr\/index.php\/wp-json\/wp\/v2\/product_cat?post=767170"},{"taxonomy":"product_tag","embeddable":true,"href":"https:\/\/roveyayinevi.com.tr\/index.php\/wp-json\/wp\/v2\/product_tag?post=767170"}],"curies":[{"name":"wp","href":"https:\/\/api.w.org\/{rel}","templated":true}]}}