{"id":767167,"date":"2025-08-28T12:38:48","date_gmt":"2025-08-28T09:38:48","guid":{"rendered":"https:\/\/roveyayinevi.com.tr\/index.php\/urun\/benjamin-franklin\/"},"modified":"2026-04-15T03:32:48","modified_gmt":"2026-04-15T00:32:48","slug":"benjamin-franklin","status":"publish","type":"product","link":"https:\/\/roveyayinevi.com.tr\/index.php\/urun\/benjamin-franklin\/","title":{"rendered":"Benjamin Franklin"},"content":{"rendered":"<p>ABD\u2019nin kurucu babalar\u0131ndan Benjamin Franklin (1706-1790), \u00fclkenin gelmi\u015f ge\u00e7mi\u015f en \u00f6nemli yay\u0131nc\u0131lar\u0131ndan, bilimadamlar\u0131ndan, mucitlerinden, siyaset\u00e7ilerinden, diplomatlar\u0131ndan biridir. Paratoneri, bifokal g\u00f6zl\u00fck cam\u0131n\u0131, temiz yan\u0131\u015fl\u0131 sobay\u0131 icat etmi\u015f, kendi ad\u0131n\u0131 ta\u015f\u0131yan bir yaz\u0131 fontu geli\u015ftirmi\u015ftir. ABD\u2019nin posta zincirini olu\u015fturmu\u015ftur. \u0130nsanlar\u0131n hayat kalitesini y\u00fckseltecek toplumsal projelere kafa yorarak ya\u015fad\u0131\u011f\u0131 \u015fehirde \u00f6d\u00fcn\u00e7 kitap veren k\u00fct\u00fcphaneyi, \u00fcniversiteyi, itfaiyeyi, sigorta sistemini kurmu\u015ftur. Gazeteci olarak izledi\u011fi yay\u0131n politikas\u0131yla Amerika\u2019ya \u00f6zg\u00fc saf mizah\u0131n ve felsefi pragmatizm anlay\u0131\u015f\u0131n\u0131n geli\u015fmesine katk\u0131da bulundu\u011fu gibi, bas\u0131n ve ifade \u00f6zg\u00fcrl\u00fc\u011f\u00fcn\u00fcn y\u0131lmaz savunucular\u0131 aras\u0131nda yer alm\u0131\u015ft\u0131r. Pratik bir siyaset\u00e7i olarak Kuzey Amerika\u2019n\u0131n do\u011fu k\u0131y\u0131s\u0131nda yer alan \u0130ngiliz kolonilerini birle\u015ftirip federal modele dayal\u0131 ulusal bir h\u00fck\u00fcmet olu\u015fturmay\u0131 ama\u00e7layan ufuk a\u00e7\u0131c\u0131 planlar ortaya atm\u0131\u015ft\u0131r. Karar an\u0131 geldi\u011finde ve tart\u0131\u015fmalar y\u00fcz\u00fcnden ilerleme imk\u00e2n\u0131 kalmad\u0131\u011f\u0131nda, ABD anayasas\u0131n\u0131 m\u00fcmk\u00fcn k\u0131lan politik uzla\u015fmay\u0131 yaratan \u00f6nergeyi o vermi\u015ftir. Amerikan Ba\u011f\u0131ms\u0131zl\u0131k Bildirgesi\u2019nin orijinalinde kendi el yaz\u0131s\u0131yla yapt\u0131\u011f\u0131 d\u00fczeltmeler, bug\u00fcn h\u00e2l\u00e2 g\u00f6r\u00fclebilmektedir. Diplomat olarak d\u0131\u015f politikada idealizm ile kuvvetler dengesine dayanan ger\u00e7ek\u00e7ili\u011fi i\u00e7 i\u00e7e ge\u00e7iren bir yakla\u015f\u0131m geli\u015ftirmi\u015ftir. Hem \u00fclkesinin temsilcisi olarak \u0130ngilizlerle m\u00fczakerelerde bulunup, hem de \u0130ngiltere\u2019ye kar\u015f\u0131 Fransa\u2019n\u0131n deste\u011fini sa\u011flayan b\u00fcy\u00fckel\u00e7i olarak \u00fclkesinin ba\u011f\u0131ms\u0131zl\u0131\u011f\u0131n\u0131n maddi temelinin olu\u015fmas\u0131na b\u00fcy\u00fck katk\u0131larda bulunmu\u015ftur. Bu ba\u015far\u0131lar\u0131na ra\u011fmen orta s\u0131n\u0131f\u0131n erdem ve de\u011ferlerine ba\u011fl\u0131 kalm\u0131\u015f, i\u015finin-g\u00fcc\u00fcn\u00fcn ba\u015f\u0131ndaki s\u0131radan insan\u0131n bilgeli\u011fine inanm\u0131\u015f ve hayat\u0131 boyunca kendisini \u201cMatbaac\u0131 B. Franklin\u201d olarak tan\u0131tm\u0131\u015ft\u0131r. ABD\u2019nin en b\u00fcy\u00fck banknotu olan 100 dolar\u0131n \u00fczerinde onun resmi vard\u0131r. Walter Isaacson, Time dergisi genel yay\u0131n y\u00f6netmenli\u011fi yapm\u0131\u015f bir gazeteci ve elinizdeki biyografi d\u0131\u015f\u0131nda Albert Einstein ve Steve Jobs biyografileriyle de ses getirmi\u015f bir yazard\u0131r. <\/p>\n","protected":false},"excerpt":{"rendered":"<p>ABD\u2019nin kurucu babalar\u0131ndan Benjamin Franklin (1706-1790), \u00fclkenin gelmi\u015f ge\u00e7mi\u015f en \u00f6nemli yay\u0131nc\u0131lar\u0131ndan, bilimadamlar\u0131ndan, mucitlerinden, siyaset\u00e7ilerinden, diplomatlar\u0131ndan biridir. Paratoneri, bifokal g\u00f6zl\u00fck cam\u0131n\u0131, temiz yan\u0131\u015fl\u0131 sobay\u0131 icat etmi\u015f,<span class=\"excerpt-hellip\"> [\u2026]<\/span><\/p>\n","protected":false},"featured_media":0,"template":"","meta":{"_monsterinsights_skip_tracking":false,"_monsterinsights_sitenote_active":false,"_monsterinsights_sitenote_note":"","_monsterinsights_sitenote_category":0},"product_brand":[],"product_cat":[13946,12304],"product_tag":[],"class_list":{"0":"post-767167","1":"product","2":"type-product","3":"status-publish","5":"product_cat-biyografi-otobiyografi","6":"product_cat-tarih","7":"pa_cilt-ciltsiz","8":"pa_tur-kitap","9":"pa_yayinevi-is-bankasi-kultur-yayinlari","10":"pa_yazar-walter-isaacson","12":"first","13":"instock","14":"sale","15":"shipping-taxable","16":"purchasable","17":"product-type-simple"},"_links":{"self":[{"href":"https:\/\/roveyayinevi.com.tr\/index.php\/wp-json\/wp\/v2\/product\/767167","targetHints":{"allow":["GET"]}}],"collection":[{"href":"https:\/\/roveyayinevi.com.tr\/index.php\/wp-json\/wp\/v2\/product"}],"about":[{"href":"https:\/\/roveyayinevi.com.tr\/index.php\/wp-json\/wp\/v2\/types\/product"}],"wp:attachment":[{"href":"https:\/\/roveyayinevi.com.tr\/index.php\/wp-json\/wp\/v2\/media?parent=767167"}],"wp:term":[{"taxonomy":"product_brand","embeddable":true,"href":"https:\/\/roveyayinevi.com.tr\/index.php\/wp-json\/wp\/v2\/product_brand?post=767167"},{"taxonomy":"product_cat","embeddable":true,"href":"https:\/\/roveyayinevi.com.tr\/index.php\/wp-json\/wp\/v2\/product_cat?post=767167"},{"taxonomy":"product_tag","embeddable":true,"href":"https:\/\/roveyayinevi.com.tr\/index.php\/wp-json\/wp\/v2\/product_tag?post=767167"}],"curies":[{"name":"wp","href":"https:\/\/api.w.org\/{rel}","templated":true}]}}