{"id":767166,"date":"2025-08-28T12:38:47","date_gmt":"2025-08-28T09:38:47","guid":{"rendered":"https:\/\/roveyayinevi.com.tr\/index.php\/urun\/financial-times-strateji-rehberi\/"},"modified":"2026-04-15T03:32:48","modified_gmt":"2026-04-15T00:32:48","slug":"financial-times-strateji-rehberi","status":"publish","type":"product","link":"https:\/\/roveyayinevi.com.tr\/index.php\/urun\/financial-times-strateji-rehberi\/","title":{"rendered":"Financial Times Strateji Rehberi"},"content":{"rendered":"<p>Financial Times Strateji Rehberi 25 y\u0131ldan beri en kapsaml\u0131 ve rahat okunan strateji rehberi olmu\u015ftur. \u015eimdi tamamen g\u00fcncellenmi\u015f olarak ve yeni bir i\u00e7erikle sunulan bu kitap, hem \u015firket d\u00fczeyinde hem de i\u015f birimi d\u00fczeyinde geni\u015f bir genel bak\u0131\u015f, d\u00fcnyan\u0131n \u00f6nde gelen stratejik d\u00fc\u015f\u00fcn\u00fcrleri hakk\u0131nda A\u2019dan Z\u2019ye ayr\u0131nt\u0131l\u0131 bilgi ve kendi stratejinizi geli\u015ftirmek i\u00e7in belli ba\u015fl\u0131 stratejik ara\u00e7 ve teknikleri sunuyor. Richard Koch kendi deneyimleri ve d\u00fcnyan\u0131n ileri gelen stratejistleriyle s\u00f6yle\u015filerini temel alarak ba\u015far\u0131l\u0131 bir strateji yaratma, uygulama ve anlaman\u0131n b\u00fct\u00fcn kritik ad\u0131mlar\u0131n\u0131 ke\u015ffetmenize yard\u0131mc\u0131 oluyor. Tan\u0131mak istedi\u011finiz stratejik modellere ve d\u00fc\u015f\u00fcn\u00fcrlere eri\u015fmek i\u00e7in kolay okunan ve jargondan ar\u0131nm\u0131\u015f bir rehber niteli\u011findeki Financial Times Strateji Rehberi, hangi sorular\u0131 sorman\u0131z gerekti\u011fini, onlar\u0131n yan\u0131tlar\u0131n\u0131 nas\u0131l bulaca\u011f\u0131n\u0131z\u0131 ve atman\u0131z gereken ad\u0131mlar\u0131 bir bir a\u00e7\u0131kl\u0131yor. <\/p>\n","protected":false},"excerpt":{"rendered":"<p>Financial Times Strateji Rehberi 25 y\u0131ldan beri en kapsaml\u0131 ve rahat okunan strateji rehberi olmu\u015ftur. \u015eimdi tamamen g\u00fcncellenmi\u015f olarak ve yeni bir i\u00e7erikle sunulan bu kitap,<span class=\"excerpt-hellip\"> [\u2026]<\/span><\/p>\n","protected":false},"featured_media":0,"template":"","meta":{"_monsterinsights_skip_tracking":false,"_monsterinsights_sitenote_active":false,"_monsterinsights_sitenote_note":"","_monsterinsights_sitenote_category":0},"product_brand":[],"product_cat":[13043,17647],"product_tag":[],"class_list":{"0":"post-767166","1":"product","2":"type-product","3":"status-publish","5":"product_cat-ekonomi","6":"product_cat-is-dunyasi","7":"pa_cilt-ciltsiz","8":"pa_tur-kitap","9":"pa_yayinevi-is-bankasi-kultur-yayinlari","10":"pa_yazar-richard-koch","12":"first","13":"instock","14":"sale","15":"shipping-taxable","16":"purchasable","17":"product-type-simple"},"_links":{"self":[{"href":"https:\/\/roveyayinevi.com.tr\/index.php\/wp-json\/wp\/v2\/product\/767166","targetHints":{"allow":["GET"]}}],"collection":[{"href":"https:\/\/roveyayinevi.com.tr\/index.php\/wp-json\/wp\/v2\/product"}],"about":[{"href":"https:\/\/roveyayinevi.com.tr\/index.php\/wp-json\/wp\/v2\/types\/product"}],"wp:attachment":[{"href":"https:\/\/roveyayinevi.com.tr\/index.php\/wp-json\/wp\/v2\/media?parent=767166"}],"wp:term":[{"taxonomy":"product_brand","embeddable":true,"href":"https:\/\/roveyayinevi.com.tr\/index.php\/wp-json\/wp\/v2\/product_brand?post=767166"},{"taxonomy":"product_cat","embeddable":true,"href":"https:\/\/roveyayinevi.com.tr\/index.php\/wp-json\/wp\/v2\/product_cat?post=767166"},{"taxonomy":"product_tag","embeddable":true,"href":"https:\/\/roveyayinevi.com.tr\/index.php\/wp-json\/wp\/v2\/product_tag?post=767166"}],"curies":[{"name":"wp","href":"https:\/\/api.w.org\/{rel}","templated":true}]}}