{"id":767165,"date":"2025-08-28T12:38:46","date_gmt":"2025-08-28T09:38:46","guid":{"rendered":"https:\/\/roveyayinevi.com.tr\/index.php\/urun\/demiryolu-ve-kent\/"},"modified":"2026-04-15T03:32:48","modified_gmt":"2026-04-15T00:32:48","slug":"demiryolu-ve-kent","status":"publish","type":"product","link":"https:\/\/roveyayinevi.com.tr\/index.php\/urun\/demiryolu-ve-kent\/","title":{"rendered":"Demiryolu ve Kent"},"content":{"rendered":"<p>On dokuzuncu y\u00fczy\u0131lda Bab\u0131ali\u2019nin Rumeli\u2019ye ili\u015fkin \u00f6nceliklerinden biri liman \u015fehirleri ile i\u00e7 merkezleri birbirine ba\u011flayacak ve bunlar\u0131 Dersaadet\u2019e ula\u015ft\u0131racak bir demiryolu a\u011f\u0131n\u0131n kurulmas\u0131yd\u0131. Demiryollar\u0131n\u0131n Osmanl\u0131 \u015fehirlerine var\u0131\u015f\u0131, Balkanlarda modernite deneyimini canland\u0131rd\u0131\u011f\u0131 gibi, bu \u015fehirlerin ve \u015fehirlilerin kendileri d\u0131\u015f\u0131ndaki d\u00fcnyaya ekonomik ve sosyal a\u011flar \u00fczerinden entegre olabilmelerini kolayla\u015ft\u0131rd\u0131. Demiryollar\u0131 yaln\u0131zca \u015fehirleri ba\u011flamakla kalmad\u0131, ayn\u0131 zamanda Osmanl\u0131 co\u011frafyas\u0131n\u0131n sosyal, ekonomik ve mek\u00e2nsal dokusunu da k\u00f6kten de\u011fi\u015ftirdi. Ahmet Erdem Tozo\u011flu\u2019nun Demiryolu ve Kent adl\u0131 bu \u00e7al\u0131\u015fmas\u0131, okurlar\u0131n\u0131 Osmanl\u0131 Balkan \u015fehirlerinin i\u00e7 i\u00e7e ge\u00e7mi\u015f hik\u00e2yelerine ve \u0130stanbul&#8217;dan ba\u015flayarak Balkanlara uzanan demiryolu a\u011f\u0131n\u0131n \u015fehirler \u00fczerindeki etkileyici ser\u00fcvenine tan\u0131kl\u0131k etmeye \u00e7a\u011f\u0131r\u0131yor. \u0130stanbul\u2019dan Selanik\u2019e, Manast\u0131r\u2019dan Edirne ve Dedea\u011fa\u00e7\u2019a kadar uzanan bu modernle\u015fme ve d\u00f6n\u00fc\u015f\u00fcm yolculu\u011funda, ar\u015fiv belgeleri, edebi eserler ve g\u00f6z al\u0131c\u0131 g\u00f6rsellerle zenginle\u015ftirilmi\u015f bir anlat\u0131 yer al\u0131yor. Kitapta, T\u00fcrkiye\u2019de bug\u00fcne kadar daha \u00e7ok ekonomik, siyasi ve askeri a\u00e7\u0131lardan ele al\u0131nan demiryollar\u0131 tarihine dair sosyal ve k\u00fclt\u00fcrel bir perspektif sunuluyor. <\/p>\n","protected":false},"excerpt":{"rendered":"<p>On dokuzuncu y\u00fczy\u0131lda Bab\u0131ali\u2019nin Rumeli\u2019ye ili\u015fkin \u00f6nceliklerinden biri liman \u015fehirleri ile i\u00e7 merkezleri birbirine ba\u011flayacak ve bunlar\u0131 Dersaadet\u2019e ula\u015ft\u0131racak bir demiryolu a\u011f\u0131n\u0131n kurulmas\u0131yd\u0131. Demiryollar\u0131n\u0131n Osmanl\u0131 \u015fehirlerine<span class=\"excerpt-hellip\"> [\u2026]<\/span><\/p>\n","protected":false},"featured_media":0,"template":"","meta":{"_monsterinsights_skip_tracking":false,"_monsterinsights_sitenote_active":false,"_monsterinsights_sitenote_note":"","_monsterinsights_sitenote_category":0},"product_brand":[],"product_cat":[12370,12304],"product_tag":[],"class_list":{"0":"post-767165","1":"product","2":"type-product","3":"status-publish","5":"product_cat-arastirma-inceleme","6":"product_cat-tarih","7":"pa_cilt-ciltsiz","8":"pa_tur-kitap","9":"pa_yayinevi-is-bankasi-kultur-yayinlari","10":"pa_yazar-ahmet-erdem-tozoglu","12":"first","13":"instock","14":"sale","15":"shipping-taxable","16":"purchasable","17":"product-type-simple"},"_links":{"self":[{"href":"https:\/\/roveyayinevi.com.tr\/index.php\/wp-json\/wp\/v2\/product\/767165","targetHints":{"allow":["GET"]}}],"collection":[{"href":"https:\/\/roveyayinevi.com.tr\/index.php\/wp-json\/wp\/v2\/product"}],"about":[{"href":"https:\/\/roveyayinevi.com.tr\/index.php\/wp-json\/wp\/v2\/types\/product"}],"wp:attachment":[{"href":"https:\/\/roveyayinevi.com.tr\/index.php\/wp-json\/wp\/v2\/media?parent=767165"}],"wp:term":[{"taxonomy":"product_brand","embeddable":true,"href":"https:\/\/roveyayinevi.com.tr\/index.php\/wp-json\/wp\/v2\/product_brand?post=767165"},{"taxonomy":"product_cat","embeddable":true,"href":"https:\/\/roveyayinevi.com.tr\/index.php\/wp-json\/wp\/v2\/product_cat?post=767165"},{"taxonomy":"product_tag","embeddable":true,"href":"https:\/\/roveyayinevi.com.tr\/index.php\/wp-json\/wp\/v2\/product_tag?post=767165"}],"curies":[{"name":"wp","href":"https:\/\/api.w.org\/{rel}","templated":true}]}}