{"id":767158,"date":"2025-08-28T12:38:35","date_gmt":"2025-08-28T09:38:35","guid":{"rendered":"https:\/\/roveyayinevi.com.tr\/index.php\/urun\/hurrem-2\/"},"modified":"2026-04-15T03:32:48","modified_gmt":"2026-04-15T00:32:48","slug":"hurrem-2","status":"publish","type":"product","link":"https:\/\/roveyayinevi.com.tr\/index.php\/urun\/hurrem-2\/","title":{"rendered":"H\u00fcrrem"},"content":{"rendered":"<p>Hakk\u0131nda \u00e7ok az bilgi bulunan Frans\u0131z oyun yazar\u0131 J. Desmares\u2019\u0131n bilinen tek eseridir H\u00fcrrem. 1643\u2019te yay\u0131mlanan bu eser Osmanl\u0131 saray\u0131ndaki iktidar ili\u015fkilerini trajik bir a\u015fk hik\u00e2yesi etraf\u0131nda oyunla\u015ft\u0131r\u0131r. Entrikalar, vehimler, strateji ve taktik hamlelerle bezeli egzotik bir saray imgesi \u00e7izilir metinde. Oyunun dramatik gerilimini ise bir yandan Sultan S\u00fcleyman ile H\u00fcrrem aras\u0131ndaki \u00e7at\u0131\u015fmal\u0131 a\u015fk, di\u011fer yandan S\u00fcleyman\u2019\u0131n \u00f6nceki cariyesiyle H\u00fcrrem aras\u0131ndaki rekabet olu\u015fturur. H\u00fcrrem, Sultan S\u00fcleyman\u2019a duydu\u011fu kuvvetli a\u015fk\u0131n pe\u015finden giden, o\u011fullar\u0131n\u0131n gelece\u011fi i\u00e7in \u00f6l\u00fcm de dahil her \u015feyi g\u00f6ze alan g\u00fc\u00e7l\u00fc bir kad\u0131n karakter olarak temsil edilir; bu karakterin tek bir arzusu vard\u0131r: Sultan S\u00fcleyman ile evlenmek. Evlili\u011fe giden yolda da her \u015fey mubaht\u0131r. Gelgelelim bu arzunun kar\u015f\u0131s\u0131na Osmanl\u0131 gelene\u011fi ve t\u00fcrl\u00fc yasaklar \u00e7\u0131kacakt\u0131r zira Osmanl\u0131\u2019da bir sultan\u0131n cariyesiyle evlenmesi g\u00f6r\u00fclm\u00fc\u015f \u015fey de\u011fildir. Sultan S\u00fcleyman\u2019\u0131n gelene\u011fi kar\u015f\u0131s\u0131na almaktan ba\u015fka \u00e7aresi yoktur. Bir yanda ilahi yasalar ile insani yasalar aras\u0131nda kalan Sultan S\u00fcleyman; di\u011fer yanda ise ya\u015fam\u0131 pamuk ipli\u011fine ba\u011fl\u0131, her an \u00f6ld\u00fcr\u00fclebilecek bir kad\u0131n olarak H\u00fcrrem. Sonunda a\u015fk ve entrika kazanacak; saray i\u00e7i skandallara ve k\u00fclt\u00fcrel \u00e7alkant\u0131lara ra\u011fmen Sultan ve cariyesi evlili\u011fin kap\u0131s\u0131ndan i\u00e7eri gireceklerdir&#8230; <\/p>\n","protected":false},"excerpt":{"rendered":"<p>Hakk\u0131nda \u00e7ok az bilgi bulunan Frans\u0131z oyun yazar\u0131 J. Desmares\u2019\u0131n bilinen tek eseridir H\u00fcrrem. 1643\u2019te yay\u0131mlanan bu eser Osmanl\u0131 saray\u0131ndaki iktidar ili\u015fkilerini trajik bir a\u015fk hik\u00e2yesi<span class=\"excerpt-hellip\"> [\u2026]<\/span><\/p>\n","protected":false},"featured_media":0,"template":"","meta":{"_monsterinsights_skip_tracking":false,"_monsterinsights_sitenote_active":false,"_monsterinsights_sitenote_note":"","_monsterinsights_sitenote_category":0},"product_brand":[],"product_cat":[13946,12304],"product_tag":[],"class_list":{"0":"post-767158","1":"product","2":"type-product","3":"status-publish","5":"product_cat-biyografi-otobiyografi","6":"product_cat-tarih","7":"pa_cilt-ciltsiz","8":"pa_tur-kitap","9":"pa_yayinevi-is-bankasi-kultur-yayinlari","10":"pa_yazar-jean-desmares","12":"first","13":"instock","14":"sale","15":"shipping-taxable","16":"purchasable","17":"product-type-simple"},"_links":{"self":[{"href":"https:\/\/roveyayinevi.com.tr\/index.php\/wp-json\/wp\/v2\/product\/767158","targetHints":{"allow":["GET"]}}],"collection":[{"href":"https:\/\/roveyayinevi.com.tr\/index.php\/wp-json\/wp\/v2\/product"}],"about":[{"href":"https:\/\/roveyayinevi.com.tr\/index.php\/wp-json\/wp\/v2\/types\/product"}],"wp:attachment":[{"href":"https:\/\/roveyayinevi.com.tr\/index.php\/wp-json\/wp\/v2\/media?parent=767158"}],"wp:term":[{"taxonomy":"product_brand","embeddable":true,"href":"https:\/\/roveyayinevi.com.tr\/index.php\/wp-json\/wp\/v2\/product_brand?post=767158"},{"taxonomy":"product_cat","embeddable":true,"href":"https:\/\/roveyayinevi.com.tr\/index.php\/wp-json\/wp\/v2\/product_cat?post=767158"},{"taxonomy":"product_tag","embeddable":true,"href":"https:\/\/roveyayinevi.com.tr\/index.php\/wp-json\/wp\/v2\/product_tag?post=767158"}],"curies":[{"name":"wp","href":"https:\/\/api.w.org\/{rel}","templated":true}]}}