{"id":767156,"date":"2025-08-28T12:38:33","date_gmt":"2025-08-28T09:38:33","guid":{"rendered":"https:\/\/roveyayinevi.com.tr\/index.php\/urun\/tan-kizilligi-2\/"},"modified":"2026-04-15T03:32:48","modified_gmt":"2026-04-15T00:32:48","slug":"tan-kizilligi-2","status":"publish","type":"product","link":"https:\/\/roveyayinevi.com.tr\/index.php\/urun\/tan-kizilligi-2\/","title":{"rendered":"Tan K\u0131z\u0131ll\u0131\u011f\u0131"},"content":{"rendered":"<p>Friedrich Wilhelm Nietzsche (1844-1900): Geleneksel din, aklah ve felsefe anlay\u0131\u015flar\u0131n\u0131 kendine \u00f6zg\u00fc yo\u011fun ve \u00e7arp\u0131c\u0131 birdille ele\u015ftiren en etkili \u00e7a\u011fda\u015f felsefecilerdendir. Bonn \u00dcniversitesi\u2019nde teoloji okumaya ba\u015flayan Nietzsche daha sonrafilolojiye y\u00f6neldi. Leipzig \u00dcniversitesi\u2019nde \u00f6\u011frenimini s\u00fcrd\u00fcrd\u00fc, hen\u00fcz \u00f6\u011frenci iken Basel \u00dcniversitesi filolojiprofes\u00f6rl\u00fc\u011f\u00fcne aday g\u00f6sterildi. 1869\u2019da s\u0131nav ve tez ko\u015fulu aranmadan, yaln\u0131zca yaz\u0131lar\u0131na dayanarak doktor unvan\u0131 verilenNietzsche profes\u00f6rl\u00fc\u011f\u00fc s\u0131ras\u0131nda klasik filoloji \u00e7al\u0131\u015fmalar\u0131ndan uzakla\u015ft\u0131 ve felsefeyle u\u011fra\u015fmaya ba\u015flad\u0131. Tragedyan\u0131nDo\u011fu\u015fu, Zamana Ayk\u0131r\u0131 Bak\u0131\u015flar, \u0130nsanca Pek \u0130nsanca (Kar\u0131\u015f\u0131k Kan\u0131lar ve \u00d6zdeyi\u015fler, Gezgin ve G\u00f6lgesi), Tan K\u0131z\u0131ll\u0131\u011f\u0131, \u015eenBilim, B\u00f6yle S\u00f6yledi Zerd\u00fc\u015ft, \u0130yinin ve K\u00f6t\u00fcn\u00fcn \u00d6tesinde, Ahlak\u0131n Soyk\u00fct\u00fc\u011f\u00fc, Ecce Homo, Wagner Olay\u0131, DionysosDithyramboslar\u0131, Putlar\u0131n Alacakaranl\u0131\u011f\u0131, Deccal, Nietzsche Wagner\u2019e Kar\u015f\u0131 ba\u015fl\u0131ca b\u00fcy\u00fck eserleri aras\u0131nda yer almaktad\u0131r.<\/p>\n","protected":false},"excerpt":{"rendered":"<p>Friedrich Wilhelm Nietzsche (1844-1900): Geleneksel din, aklah ve felsefe anlay\u0131\u015flar\u0131n\u0131 kendine \u00f6zg\u00fc yo\u011fun ve \u00e7arp\u0131c\u0131 birdille ele\u015ftiren en etkili \u00e7a\u011fda\u015f felsefecilerdendir. Bonn \u00dcniversitesi\u2019nde teoloji okumaya ba\u015flayan<span class=\"excerpt-hellip\"> [\u2026]<\/span><\/p>\n","protected":false},"featured_media":0,"template":"","meta":{"_monsterinsights_skip_tracking":false,"_monsterinsights_sitenote_active":false,"_monsterinsights_sitenote_note":"","_monsterinsights_sitenote_category":0},"product_brand":[],"product_cat":[15319,12388],"product_tag":[],"class_list":{"0":"post-767156","1":"product","2":"type-product","3":"status-publish","5":"product_cat-etik","6":"product_cat-felsefe","7":"pa_cilt-ciltsiz","8":"pa_tur-kitap","9":"pa_yayinevi-is-bankasi-kultur-yayinlari","10":"pa_yazar-friedrich-nietzsche","12":"first","13":"instock","14":"sale","15":"shipping-taxable","16":"purchasable","17":"product-type-simple"},"_links":{"self":[{"href":"https:\/\/roveyayinevi.com.tr\/index.php\/wp-json\/wp\/v2\/product\/767156","targetHints":{"allow":["GET"]}}],"collection":[{"href":"https:\/\/roveyayinevi.com.tr\/index.php\/wp-json\/wp\/v2\/product"}],"about":[{"href":"https:\/\/roveyayinevi.com.tr\/index.php\/wp-json\/wp\/v2\/types\/product"}],"wp:attachment":[{"href":"https:\/\/roveyayinevi.com.tr\/index.php\/wp-json\/wp\/v2\/media?parent=767156"}],"wp:term":[{"taxonomy":"product_brand","embeddable":true,"href":"https:\/\/roveyayinevi.com.tr\/index.php\/wp-json\/wp\/v2\/product_brand?post=767156"},{"taxonomy":"product_cat","embeddable":true,"href":"https:\/\/roveyayinevi.com.tr\/index.php\/wp-json\/wp\/v2\/product_cat?post=767156"},{"taxonomy":"product_tag","embeddable":true,"href":"https:\/\/roveyayinevi.com.tr\/index.php\/wp-json\/wp\/v2\/product_tag?post=767156"}],"curies":[{"name":"wp","href":"https:\/\/api.w.org\/{rel}","templated":true}]}}