{"id":767155,"date":"2025-08-28T12:38:32","date_gmt":"2025-08-28T09:38:32","guid":{"rendered":"https:\/\/roveyayinevi.com.tr\/index.php\/urun\/mayalar\/"},"modified":"2026-04-15T03:32:48","modified_gmt":"2026-04-15T00:32:48","slug":"mayalar","status":"publish","type":"product","link":"https:\/\/roveyayinevi.com.tr\/index.php\/urun\/mayalar\/","title":{"rendered":"Mayalar"},"content":{"rendered":"<p>Astronomik g\u00f6zlemleri, matemati\u011fin s\u0131f\u0131r kavram\u0131na ili\u015fkin bulu\u015flar\u0131, gizemli din ve ayinleri, g\u00f6rkemli mimarileri, \u00f6zg\u00fcn yaz\u0131 ve takvimleriyle d\u00fcnyan\u0131n en ilgin\u00e7 uygarl\u0131klar\u0131ndan biridir Mayalar. Profes\u00f6r Coe, t\u00fcm bu \u00f6zellikleriyle ele ald\u0131\u011f\u0131 Mayalar\u0131, mamut avlayan atalar\u0131ndan g\u00fcn\u00fcm\u00fcze kadar inceliyor. Klasik Maya uygarl\u0131\u011f\u0131n\u0131n h\u00e2l\u00e2 tam a\u00e7\u0131klanamayan \u00e7\u00f6k\u00fc\u015f\u00fc ard\u0131ndaki olas\u0131 nedenler, ge\u00e7 Maya topluluklar\u0131n\u0131n \u0130spanyol s\u00f6m\u00fcrgecilere kar\u015f\u0131 direni\u015f m\u00fccadelesi, bug\u00fcn ya\u015fayan Mayalar\u0131n karma k\u00fclt\u00fcrleri ve ya\u015fam ko\u015fullar\u0131, bu tarihsel s\u0131ralama i\u00e7inde yerini alan ilgin\u00e7 ba\u015fl\u0131klardan baz\u0131lar\u0131. Maya b\u00f6lgesi i\u00e7in bir gezi k\u0131lavuzu da i\u00e7eren kitapta, Maya yaz\u0131s\u0131n\u0131n \u00e7\u00f6z\u00fcl\u00fc\u015f\u00fc gibi baz\u0131 ilgin\u00e7 ke\u015fif \u00f6yk\u00fclerine de yer veriliyor. 172 ayr\u0131nt\u0131l\u0131 resimli<\/p>\n","protected":false},"excerpt":{"rendered":"<p>Astronomik g\u00f6zlemleri, matemati\u011fin s\u0131f\u0131r kavram\u0131na ili\u015fkin bulu\u015flar\u0131, gizemli din ve ayinleri, g\u00f6rkemli mimarileri, \u00f6zg\u00fcn yaz\u0131 ve takvimleriyle d\u00fcnyan\u0131n en ilgin\u00e7 uygarl\u0131klar\u0131ndan biridir Mayalar. Profes\u00f6r Coe, t\u00fcm<span class=\"excerpt-hellip\"> [\u2026]<\/span><\/p>\n","protected":false},"featured_media":0,"template":"","meta":{"_monsterinsights_skip_tracking":false,"_monsterinsights_sitenote_active":false,"_monsterinsights_sitenote_note":"","_monsterinsights_sitenote_category":0},"product_brand":[],"product_cat":[12370,12304],"product_tag":[],"class_list":{"0":"post-767155","1":"product","2":"type-product","3":"status-publish","5":"product_cat-arastirma-inceleme","6":"product_cat-tarih","7":"pa_cilt-ciltsiz","8":"pa_tur-kitap","9":"pa_yayinevi-akil-celen-kitaplar","10":"pa_yazar-michael-d-coe","12":"first","13":"instock","14":"sale","15":"shipping-taxable","16":"purchasable","17":"product-type-simple"},"_links":{"self":[{"href":"https:\/\/roveyayinevi.com.tr\/index.php\/wp-json\/wp\/v2\/product\/767155","targetHints":{"allow":["GET"]}}],"collection":[{"href":"https:\/\/roveyayinevi.com.tr\/index.php\/wp-json\/wp\/v2\/product"}],"about":[{"href":"https:\/\/roveyayinevi.com.tr\/index.php\/wp-json\/wp\/v2\/types\/product"}],"wp:attachment":[{"href":"https:\/\/roveyayinevi.com.tr\/index.php\/wp-json\/wp\/v2\/media?parent=767155"}],"wp:term":[{"taxonomy":"product_brand","embeddable":true,"href":"https:\/\/roveyayinevi.com.tr\/index.php\/wp-json\/wp\/v2\/product_brand?post=767155"},{"taxonomy":"product_cat","embeddable":true,"href":"https:\/\/roveyayinevi.com.tr\/index.php\/wp-json\/wp\/v2\/product_cat?post=767155"},{"taxonomy":"product_tag","embeddable":true,"href":"https:\/\/roveyayinevi.com.tr\/index.php\/wp-json\/wp\/v2\/product_tag?post=767155"}],"curies":[{"name":"wp","href":"https:\/\/api.w.org\/{rel}","templated":true}]}}