{"id":767154,"date":"2025-08-28T12:38:31","date_gmt":"2025-08-28T09:38:31","guid":{"rendered":"https:\/\/roveyayinevi.com.tr\/index.php\/urun\/misir-ve-misirlilar\/"},"modified":"2026-04-15T03:32:48","modified_gmt":"2026-04-15T00:32:48","slug":"misir-ve-misirlilar","status":"publish","type":"product","link":"https:\/\/roveyayinevi.com.tr\/index.php\/urun\/misir-ve-misirlilar\/","title":{"rendered":"M\u0131s\u0131r ve M\u0131s\u0131rl\u0131lar"},"content":{"rendered":"<p>\u00dc\u00e7 bin y\u0131ldan daha uzun s\u00fcren M\u0131s\u0131r uygarl\u0131\u011f\u0131n\u0131n incelendi\u011fi M\u0131s\u0131r ve M\u0131s\u0131rl\u0131lar kitab\u0131, tarihin bu en zengin ve en karma\u015f\u0131k erken d\u00f6nem toplumuna kapsaml\u0131 bir giri\u015f sunmaktad\u0131r. En \u00fcst d\u00fczey siyasetten M\u0131s\u0131rl\u0131lar\u0131n g\u00fcnl\u00fck kayg\u0131lar\u0131na kadar geni\u015f bir alan\u0131 kapsayan bu kitap din, dil, sanat, mimari, kentler ve mumyalama gibi M\u0131s\u0131r k\u00fclt\u00fcr\u00fcn\u00fcn ve toplumunun t\u00fcm y\u00f6nlerini ara\u015ft\u0131rmaktad\u0131r. Arkeolojik kaynaklar\u0131 ve yaz\u0131l\u0131 metinleri bir araya getiren yazarlar, okuyucuya M\u0131s\u0131r&#8217;\u0131n ola\u011fan\u00fcst\u00fc antik k\u00fclt\u00fcr\u00fc hakk\u0131nda \u00f6zg\u00fcn ve kapsaml\u0131 bilgiler sunmaktad\u0131r. T\u00fcm\u00fcyle g\u00f6zden ge\u00e7irilmi\u015f ve g\u00fcncelle\u015ftirilmi\u015f bu yeni edisyonda, \u00e7ok say\u0131da yeni resim ilave edildi\u011fi gibi, hem M\u0131s\u0131r&#8217;da kad\u0131nlar\u0131n rol\u00fc daha geni\u015f bir bi\u00e7imde ele al\u0131nmakta hem de M\u0131s\u0131r&#8217;\u0131n neolitik \u00e7a\u011f\u0131 ve tar\u0131m toplumuna ge\u00e7i\u015fi daha ayr\u0131nt\u0131l\u0131 olarak incelenmektedir. Geni\u015f kaynak\u00e7a, s\u00f6zl\u00fck, hanedan kronolojisi, konuyla ilgili okuma \u00f6nerileri ve olduk\u00e7a zengin resimleri ile bu kitap, Eski M\u0131s\u0131r toplumunu ve uygarl\u0131\u011f\u0131n\u0131 ara\u015ft\u0131rmak isteyen herkes i\u00e7in temel bir kaynak kitapt\u0131r. <\/p>\n","protected":false},"excerpt":{"rendered":"<p>\u00dc\u00e7 bin y\u0131ldan daha uzun s\u00fcren M\u0131s\u0131r uygarl\u0131\u011f\u0131n\u0131n incelendi\u011fi M\u0131s\u0131r ve M\u0131s\u0131rl\u0131lar kitab\u0131, tarihin bu en zengin ve en karma\u015f\u0131k erken d\u00f6nem toplumuna kapsaml\u0131 bir giri\u015f<span class=\"excerpt-hellip\"> [\u2026]<\/span><\/p>\n","protected":false},"featured_media":0,"template":"","meta":{"_monsterinsights_skip_tracking":false,"_monsterinsights_sitenote_active":false,"_monsterinsights_sitenote_note":"","_monsterinsights_sitenote_category":0},"product_brand":[],"product_cat":[52477,52478],"product_tag":[],"class_list":{"0":"post-767154","1":"product","2":"type-product","3":"status-publish","5":"product_cat-arastirma","6":"product_cat-arkeoloji","7":"pa_cilt-ciltsiz","8":"pa_tur-kitap","9":"pa_yayinevi-akil-celen-kitaplar","10":"pa_yazar-dougles-j-brewer-emily-teeter","12":"first","13":"instock","14":"sale","15":"shipping-taxable","16":"purchasable","17":"product-type-simple"},"_links":{"self":[{"href":"https:\/\/roveyayinevi.com.tr\/index.php\/wp-json\/wp\/v2\/product\/767154","targetHints":{"allow":["GET"]}}],"collection":[{"href":"https:\/\/roveyayinevi.com.tr\/index.php\/wp-json\/wp\/v2\/product"}],"about":[{"href":"https:\/\/roveyayinevi.com.tr\/index.php\/wp-json\/wp\/v2\/types\/product"}],"wp:attachment":[{"href":"https:\/\/roveyayinevi.com.tr\/index.php\/wp-json\/wp\/v2\/media?parent=767154"}],"wp:term":[{"taxonomy":"product_brand","embeddable":true,"href":"https:\/\/roveyayinevi.com.tr\/index.php\/wp-json\/wp\/v2\/product_brand?post=767154"},{"taxonomy":"product_cat","embeddable":true,"href":"https:\/\/roveyayinevi.com.tr\/index.php\/wp-json\/wp\/v2\/product_cat?post=767154"},{"taxonomy":"product_tag","embeddable":true,"href":"https:\/\/roveyayinevi.com.tr\/index.php\/wp-json\/wp\/v2\/product_tag?post=767154"}],"curies":[{"name":"wp","href":"https:\/\/api.w.org\/{rel}","templated":true}]}}