{"id":767152,"date":"2025-08-28T12:38:27","date_gmt":"2025-08-28T09:38:27","guid":{"rendered":"https:\/\/roveyayinevi.com.tr\/index.php\/urun\/goblin-slayer-goblin-avcisi-6\/"},"modified":"2026-04-15T03:32:48","modified_gmt":"2026-04-15T00:32:48","slug":"goblin-slayer-goblin-avcisi-6","status":"publish","type":"product","link":"https:\/\/roveyayinevi.com.tr\/index.php\/urun\/goblin-slayer-goblin-avcisi-6\/","title":{"rendered":"Goblin Slayer \u2013 Goblin Avc\u0131s\u0131 6"},"content":{"rendered":"<p>\u0130ntikam i\u00e7in yan\u0131p tutu\u015fan goblin \u015fampiyonu ile Goblin Avc\u0131s\u0131 aras\u0131nda kin ve \u00f6fke dolu m\u00fccadele ba\u015fl\u0131yor. Ate\u015f, su veya zehir kullanmas\u0131 yasak olan Goblin Avc\u0131s\u0131, \u00f6l\u00fcml\u00fc d\u00fc\u015fmanlar\u0131n\u0131 ortadan kald\u0131rmak i\u00e7in bu kez hangi gizli silah\u0131 kullanacak? Suyun alt\u0131ndaki harabelerin b\u00fcy\u00fck gizemi sonunda a\u00e7\u0131\u011fa m\u0131 \u00e7\u0131k\u0131yor?   Goblin Slayer, her cildini nefesinizi tutarak okuyaca\u011f\u0131n\u0131z aksiyon dolu bir macera. <\/p>\n","protected":false},"excerpt":{"rendered":"<p>\u0130ntikam i\u00e7in yan\u0131p tutu\u015fan goblin \u015fampiyonu ile Goblin Avc\u0131s\u0131 aras\u0131nda kin ve \u00f6fke dolu m\u00fccadele ba\u015fl\u0131yor. Ate\u015f, su veya zehir kullanmas\u0131 yasak olan Goblin Avc\u0131s\u0131, \u00f6l\u00fcml\u00fc<span class=\"excerpt-hellip\"> [\u2026]<\/span><\/p>\n","protected":false},"featured_media":0,"template":"","meta":{"_monsterinsights_skip_tracking":false,"_monsterinsights_sitenote_active":false,"_monsterinsights_sitenote_note":"","_monsterinsights_sitenote_category":0},"product_brand":[],"product_cat":[12416,12291],"product_tag":[],"class_list":{"0":"post-767152","1":"product","2":"type-product","3":"status-publish","5":"product_cat-cizgi-roman","6":"product_cat-edebiyat","7":"pa_cilt-ciltsiz","8":"pa_tur-kitap","9":"pa_yayinevi-kurukafa","10":"pa_yazar-kumo-kagyu","12":"first","13":"instock","14":"sale","15":"shipping-taxable","16":"purchasable","17":"product-type-simple"},"_links":{"self":[{"href":"https:\/\/roveyayinevi.com.tr\/index.php\/wp-json\/wp\/v2\/product\/767152","targetHints":{"allow":["GET"]}}],"collection":[{"href":"https:\/\/roveyayinevi.com.tr\/index.php\/wp-json\/wp\/v2\/product"}],"about":[{"href":"https:\/\/roveyayinevi.com.tr\/index.php\/wp-json\/wp\/v2\/types\/product"}],"wp:attachment":[{"href":"https:\/\/roveyayinevi.com.tr\/index.php\/wp-json\/wp\/v2\/media?parent=767152"}],"wp:term":[{"taxonomy":"product_brand","embeddable":true,"href":"https:\/\/roveyayinevi.com.tr\/index.php\/wp-json\/wp\/v2\/product_brand?post=767152"},{"taxonomy":"product_cat","embeddable":true,"href":"https:\/\/roveyayinevi.com.tr\/index.php\/wp-json\/wp\/v2\/product_cat?post=767152"},{"taxonomy":"product_tag","embeddable":true,"href":"https:\/\/roveyayinevi.com.tr\/index.php\/wp-json\/wp\/v2\/product_tag?post=767152"}],"curies":[{"name":"wp","href":"https:\/\/api.w.org\/{rel}","templated":true}]}}