{"id":767150,"date":"2025-08-28T12:38:23","date_gmt":"2025-08-28T09:38:23","guid":{"rendered":"https:\/\/roveyayinevi.com.tr\/index.php\/urun\/kizil-damga-bez-cilt\/"},"modified":"2026-04-15T03:32:48","modified_gmt":"2026-04-15T00:32:48","slug":"kizil-damga-bez-cilt","status":"publish","type":"product","link":"https:\/\/roveyayinevi.com.tr\/index.php\/urun\/kizil-damga-bez-cilt\/","title":{"rendered":"K\u0131z\u0131l Damga (Bez Cilt)"},"content":{"rendered":"<p>Amerikan edebiyat\u0131n\u0131n kurucu klasiklerinden biri olan K\u0131z\u0131l Damga\u2019da Hester Prynne\u2019in muhafazak\u00e2r bir toplumda evlilikd\u0131\u015f\u0131 bir ili\u015fkiden \u00e7ocu\u011fu olmas\u0131 nedeniyle ya\u015fanan dramatik ili\u015fkiler ve psikolojik karma\u015falar anlat\u0131l\u0131r.17. y\u00fczy\u0131lda Boston\u2019da P\u00fcriten bir toplulukta ge\u00e7en hik\u00e2yede Hester \u201cg\u00fcnah\u201d\u0131n\u0131n simgesi olarak elbisesinin g\u00f6\u011fs\u00fcnde k\u0131z\u0131l bir A harfiyle ya\u015famak zorunda b\u0131rak\u0131l\u0131r. Fakat Hester kendisine isnat edilen su\u00e7u kabul etmez, gayrime\u015fru say\u0131lan k\u0131z\u0131 Pearl\u2019e sahip \u00e7\u0131kar, g\u00fc\u00e7l\u00fc bir iradeyle ve haysiyetini koruyarak kendine yeni bir ya\u015fam kurmaya \u00e7al\u0131\u015f\u0131r. Bu arada Hester\u2019\u0131n kay\u0131p kocas\u0131, Roger Chillingworth ad\u0131yla yeni bir kimli\u011fe b\u00fcr\u00fcn\u00fcp kasabaya d\u00f6ner ve intikam pe\u015fine d\u00fc\u015fer. Kasaban\u0131n pederi Arthur Dimmesdale de gizemli olaylar\u0131n merkezindedir ve vicdan muhasebesi i\u00e7indedir. Trajik bir sona ilerleyen bu hik\u00e2yede k\u0131z\u0131l damgan\u0131n s\u0131rr\u0131 her karakterin ak\u0131betini farkl\u0131 \u015fekillerde belirleyecektir.Klasik Amerikan edebiyat\u0131n\u0131n kurucu yazarlar\u0131ndan Nathaniel Hawthorne\u2019un yasak a\u015fk ve tutku, g\u00fcnah ve kefaret, vicdan ve ikiy\u00fczl\u00fcl\u00fck, ahlak ve erdem gibi Karanl\u0131k Romantizm temalar\u0131yla \u00f6r\u00fcl\u00fc ba\u015fyap\u0131t\u0131 K\u0131z\u0131l Damga\u2019y\u0131 Aysun Babacan\u2019\u0131n \u00f6zenli \u00e7evirisiyle sunuyoruz.<\/p>\n","protected":false},"excerpt":{"rendered":"<p>Amerikan edebiyat\u0131n\u0131n kurucu klasiklerinden biri olan K\u0131z\u0131l Damga\u2019da Hester Prynne\u2019in muhafazak\u00e2r bir toplumda evlilikd\u0131\u015f\u0131 bir ili\u015fkiden \u00e7ocu\u011fu olmas\u0131 nedeniyle ya\u015fanan dramatik ili\u015fkiler ve psikolojik karma\u015falar anlat\u0131l\u0131r.17.<span class=\"excerpt-hellip\"> [\u2026]<\/span><\/p>\n","protected":false},"featured_media":0,"template":"","meta":{"_monsterinsights_skip_tracking":false,"_monsterinsights_sitenote_active":false,"_monsterinsights_sitenote_note":"","_monsterinsights_sitenote_category":0},"product_brand":[],"product_cat":[12291,12711],"product_tag":[],"class_list":{"0":"post-767150","1":"product","2":"type-product","3":"status-publish","5":"product_cat-edebiyat","6":"product_cat-roman-oyku","7":"pa_cilt-ciltli","8":"pa_tur-kitap","9":"pa_yayinevi-koridor-yayincilik","10":"pa_yazar-nathaniel-hawthorne","12":"first","13":"instock","14":"sale","15":"shipping-taxable","16":"purchasable","17":"product-type-simple"},"_links":{"self":[{"href":"https:\/\/roveyayinevi.com.tr\/index.php\/wp-json\/wp\/v2\/product\/767150","targetHints":{"allow":["GET"]}}],"collection":[{"href":"https:\/\/roveyayinevi.com.tr\/index.php\/wp-json\/wp\/v2\/product"}],"about":[{"href":"https:\/\/roveyayinevi.com.tr\/index.php\/wp-json\/wp\/v2\/types\/product"}],"wp:attachment":[{"href":"https:\/\/roveyayinevi.com.tr\/index.php\/wp-json\/wp\/v2\/media?parent=767150"}],"wp:term":[{"taxonomy":"product_brand","embeddable":true,"href":"https:\/\/roveyayinevi.com.tr\/index.php\/wp-json\/wp\/v2\/product_brand?post=767150"},{"taxonomy":"product_cat","embeddable":true,"href":"https:\/\/roveyayinevi.com.tr\/index.php\/wp-json\/wp\/v2\/product_cat?post=767150"},{"taxonomy":"product_tag","embeddable":true,"href":"https:\/\/roveyayinevi.com.tr\/index.php\/wp-json\/wp\/v2\/product_tag?post=767150"}],"curies":[{"name":"wp","href":"https:\/\/api.w.org\/{rel}","templated":true}]}}