{"id":767148,"date":"2025-08-28T12:38:20","date_gmt":"2025-08-28T09:38:20","guid":{"rendered":"https:\/\/roveyayinevi.com.tr\/index.php\/urun\/tarih-boyunca-muslumanlara-atilan-iftiralar\/"},"modified":"2026-04-15T03:32:48","modified_gmt":"2026-04-15T00:32:48","slug":"tarih-boyunca-muslumanlara-atilan-iftiralar","status":"publish","type":"product","link":"https:\/\/roveyayinevi.com.tr\/index.php\/urun\/tarih-boyunca-muslumanlara-atilan-iftiralar\/","title":{"rendered":"Tarih Boyunca M\u00fcsl\u00fcmanlara At\u0131lan \u0130ftiralar"},"content":{"rendered":"<p>Bu kitapta anlat\u0131lan ger\u00e7ekler iyi anla\u015f\u0131ld\u0131\u011f\u0131 takdirde Kuran ayetleri ve evrendeki her \u015feyin anlam\u0131 \u00e7ok daha iyi kavranacakt\u0131r. \u0130nsan, kendisi de d\u00e2hil olmak \u00fczere her \u015feyin sadece kopyas\u0131yla muhatap oldu\u011fu bir d\u00fcnyada ya\u015famaktad\u0131r. Her \u015feyin g\u00f6r\u00fcnt\u00fc oldu\u011fu bu kopya evrende tek mutlak varl\u0131k Allah&#8217;t\u0131r, O&#8217;ndan ba\u015fka \u0130lah yoktur.  Bundan \u00f6t\u00fcr\u00fc her kesimin bu kitab\u0131 okumas\u0131 gerekmektedir. Gelin siz de Rabbimiz olan Allah&#8217;a teslim olun, O&#8217;na g\u00f6n\u00fclden itaat edin. Ve b\u00f6ylelikle g\u00f6rmeyen ki\u015filerden olmaktan kurtulun. <\/p>\n","protected":false},"excerpt":{"rendered":"<p>Bu kitapta anlat\u0131lan ger\u00e7ekler iyi anla\u015f\u0131ld\u0131\u011f\u0131 takdirde Kuran ayetleri ve evrendeki her \u015feyin anlam\u0131 \u00e7ok daha iyi kavranacakt\u0131r. \u0130nsan, kendisi de d\u00e2hil olmak \u00fczere her \u015feyin<span class=\"excerpt-hellip\"> [\u2026]<\/span><\/p>\n","protected":false},"featured_media":0,"template":"","meta":{"_monsterinsights_skip_tracking":false,"_monsterinsights_sitenote_active":false,"_monsterinsights_sitenote_note":"","_monsterinsights_sitenote_category":0},"product_brand":[],"product_cat":[12718,12719,18109],"product_tag":[],"class_list":{"0":"post-767148","1":"product","2":"type-product","3":"status-publish","5":"product_cat-din","6":"product_cat-islam","7":"product_cat-islam-tarihi","8":"pa_cilt-ciltsiz","9":"pa_tur-kitap","10":"pa_yayinevi-kalem-lugat-yayincilik","11":"pa_yazar-nurullah-opcin","13":"first","14":"instock","15":"sale","16":"shipping-taxable","17":"purchasable","18":"product-type-simple"},"_links":{"self":[{"href":"https:\/\/roveyayinevi.com.tr\/index.php\/wp-json\/wp\/v2\/product\/767148","targetHints":{"allow":["GET"]}}],"collection":[{"href":"https:\/\/roveyayinevi.com.tr\/index.php\/wp-json\/wp\/v2\/product"}],"about":[{"href":"https:\/\/roveyayinevi.com.tr\/index.php\/wp-json\/wp\/v2\/types\/product"}],"wp:attachment":[{"href":"https:\/\/roveyayinevi.com.tr\/index.php\/wp-json\/wp\/v2\/media?parent=767148"}],"wp:term":[{"taxonomy":"product_brand","embeddable":true,"href":"https:\/\/roveyayinevi.com.tr\/index.php\/wp-json\/wp\/v2\/product_brand?post=767148"},{"taxonomy":"product_cat","embeddable":true,"href":"https:\/\/roveyayinevi.com.tr\/index.php\/wp-json\/wp\/v2\/product_cat?post=767148"},{"taxonomy":"product_tag","embeddable":true,"href":"https:\/\/roveyayinevi.com.tr\/index.php\/wp-json\/wp\/v2\/product_tag?post=767148"}],"curies":[{"name":"wp","href":"https:\/\/api.w.org\/{rel}","templated":true}]}}