{"id":767147,"date":"2025-08-28T12:38:18","date_gmt":"2025-08-28T09:38:18","guid":{"rendered":"https:\/\/roveyayinevi.com.tr\/index.php\/urun\/zuhal-yildizi\/"},"modified":"2026-04-15T03:32:48","modified_gmt":"2026-04-15T00:32:48","slug":"zuhal-yildizi","status":"publish","type":"product","link":"https:\/\/roveyayinevi.com.tr\/index.php\/urun\/zuhal-yildizi\/","title":{"rendered":"Z\u00fchal Y\u0131ld\u0131z\u0131"},"content":{"rendered":"<p>A\u011fa\u00e7lar bo\u015flu\u011fa bak\u0131yor Yorgun ellerinde k\u0131r\u0131k dallar\u0131 R\u00fczg\u00e2r hesap sorarcas\u0131na Hayalleri t\u0131rmal\u0131yor&#8230; Bu kimin kederi, kimin tela\u015f\u0131? Bir suret eksildi\u011finde Bir h\u00fcz\u00fcn yuva yapar g\u00f6nle G\u00f6zleri kulaklar\u0131 sevgi&#8230; Hayat\u0131n bir \u015fekli, bir y\u00fcz\u00fc olsayd\u0131 Ayr\u0131l\u0131\u011fa benzerdi mutlaka&#8230;<\/p>\n","protected":false},"excerpt":{"rendered":"<p>A\u011fa\u00e7lar bo\u015flu\u011fa bak\u0131yor Yorgun ellerinde k\u0131r\u0131k dallar\u0131 R\u00fczg\u00e2r hesap sorarcas\u0131na Hayalleri t\u0131rmal\u0131yor&#8230; Bu kimin kederi, kimin tela\u015f\u0131? Bir suret eksildi\u011finde Bir h\u00fcz\u00fcn yuva yapar g\u00f6nle G\u00f6zleri<span class=\"excerpt-hellip\"> [\u2026]<\/span><\/p>\n","protected":false},"featured_media":0,"template":"","meta":{"_monsterinsights_skip_tracking":false,"_monsterinsights_sitenote_active":false,"_monsterinsights_sitenote_note":"","_monsterinsights_sitenote_category":0},"product_brand":[],"product_cat":[12291,12509],"product_tag":[],"class_list":{"0":"post-767147","1":"product","2":"type-product","3":"status-publish","5":"product_cat-edebiyat","6":"product_cat-siir","7":"pa_cilt-ciltsiz","8":"pa_tur-kitap","9":"pa_yayinevi-elpis-yayinlari","10":"pa_yazar-mert-susta","12":"first","13":"instock","14":"sale","15":"shipping-taxable","16":"purchasable","17":"product-type-simple"},"_links":{"self":[{"href":"https:\/\/roveyayinevi.com.tr\/index.php\/wp-json\/wp\/v2\/product\/767147","targetHints":{"allow":["GET"]}}],"collection":[{"href":"https:\/\/roveyayinevi.com.tr\/index.php\/wp-json\/wp\/v2\/product"}],"about":[{"href":"https:\/\/roveyayinevi.com.tr\/index.php\/wp-json\/wp\/v2\/types\/product"}],"wp:attachment":[{"href":"https:\/\/roveyayinevi.com.tr\/index.php\/wp-json\/wp\/v2\/media?parent=767147"}],"wp:term":[{"taxonomy":"product_brand","embeddable":true,"href":"https:\/\/roveyayinevi.com.tr\/index.php\/wp-json\/wp\/v2\/product_brand?post=767147"},{"taxonomy":"product_cat","embeddable":true,"href":"https:\/\/roveyayinevi.com.tr\/index.php\/wp-json\/wp\/v2\/product_cat?post=767147"},{"taxonomy":"product_tag","embeddable":true,"href":"https:\/\/roveyayinevi.com.tr\/index.php\/wp-json\/wp\/v2\/product_tag?post=767147"}],"curies":[{"name":"wp","href":"https:\/\/api.w.org\/{rel}","templated":true}]}}