{"id":767142,"date":"2025-08-28T12:38:08","date_gmt":"2025-08-28T09:38:08","guid":{"rendered":"https:\/\/roveyayinevi.com.tr\/index.php\/urun\/belki-bir-gun-tanisiriz\/"},"modified":"2026-04-12T03:24:25","modified_gmt":"2026-04-12T00:24:25","slug":"belki-bir-gun-tanisiriz","status":"publish","type":"product","link":"https:\/\/roveyayinevi.com.tr\/index.php\/urun\/belki-bir-gun-tanisiriz\/","title":{"rendered":"Belki Bir G\u00fcn Tan\u0131\u015f\u0131r\u0131z"},"content":{"rendered":"<p>A\u015eKA GE\u00c7 KALDIM   B\u00fcy\u00fcklenmeden oldu\u011fum yerde sessizce sevdim R\u00fczg\u00e2r\u0131 \u00f6n\u00fcme ald\u0131m esti\u011fi kadar i\u00e7im ac\u0131d\u0131 Durdum ba\u015f\u0131m\u0131 e\u011fdim Bakamad\u0131m y\u00fcz\u00fcne, utand\u0131m. Y\u00fcr\u00fcd\u00fcm senden uza\u011fa Yollar\u0131m ayn\u0131, adres ayn\u0131 Yoklu\u011fun yine bende Seni \u00f6zlemeyi unutsam, iyile\u015fsem Hay\u0131r! Hay\u0131r! Seni sevmeyi \u00e7ok sevdim Ellerin s\u0131la olsa da ellerimden Sessiz sedas\u0131z b\u00f6ylesi de g\u00fczel Seni sevmesi ne g\u00fczel.<\/p>\n","protected":false},"excerpt":{"rendered":"<p>A\u015eKA GE\u00c7 KALDIM B\u00fcy\u00fcklenmeden oldu\u011fum yerde sessizce sevdim R\u00fczg\u00e2r\u0131 \u00f6n\u00fcme ald\u0131m esti\u011fi kadar i\u00e7im ac\u0131d\u0131 Durdum ba\u015f\u0131m\u0131 e\u011fdim Bakamad\u0131m y\u00fcz\u00fcne, utand\u0131m. Y\u00fcr\u00fcd\u00fcm senden uza\u011fa Yollar\u0131m ayn\u0131,<span class=\"excerpt-hellip\"> [\u2026]<\/span><\/p>\n","protected":false},"featured_media":0,"template":"","meta":{"_monsterinsights_skip_tracking":false,"_monsterinsights_sitenote_active":false,"_monsterinsights_sitenote_note":"","_monsterinsights_sitenote_category":0},"product_brand":[],"product_cat":[12291,12509],"product_tag":[],"class_list":{"0":"post-767142","1":"product","2":"type-product","3":"status-publish","5":"product_cat-edebiyat","6":"product_cat-siir","7":"pa_cilt-ciltsiz","8":"pa_tur-kitap","9":"pa_yayinevi-elpis-yayinlari","10":"pa_yazar-ebru-sari","12":"first","13":"instock","14":"sale","15":"shipping-taxable","16":"purchasable","17":"product-type-simple"},"_links":{"self":[{"href":"https:\/\/roveyayinevi.com.tr\/index.php\/wp-json\/wp\/v2\/product\/767142","targetHints":{"allow":["GET"]}}],"collection":[{"href":"https:\/\/roveyayinevi.com.tr\/index.php\/wp-json\/wp\/v2\/product"}],"about":[{"href":"https:\/\/roveyayinevi.com.tr\/index.php\/wp-json\/wp\/v2\/types\/product"}],"wp:attachment":[{"href":"https:\/\/roveyayinevi.com.tr\/index.php\/wp-json\/wp\/v2\/media?parent=767142"}],"wp:term":[{"taxonomy":"product_brand","embeddable":true,"href":"https:\/\/roveyayinevi.com.tr\/index.php\/wp-json\/wp\/v2\/product_brand?post=767142"},{"taxonomy":"product_cat","embeddable":true,"href":"https:\/\/roveyayinevi.com.tr\/index.php\/wp-json\/wp\/v2\/product_cat?post=767142"},{"taxonomy":"product_tag","embeddable":true,"href":"https:\/\/roveyayinevi.com.tr\/index.php\/wp-json\/wp\/v2\/product_tag?post=767142"}],"curies":[{"name":"wp","href":"https:\/\/api.w.org\/{rel}","templated":true}]}}