{"id":767140,"date":"2025-08-28T12:38:06","date_gmt":"2025-08-28T09:38:06","guid":{"rendered":"https:\/\/roveyayinevi.com.tr\/index.php\/urun\/saraydan-carsiya-gaziantepten-istanbula-kirk-kat-baklava-tarihi\/"},"modified":"2026-04-15T03:32:47","modified_gmt":"2026-04-15T00:32:47","slug":"saraydan-carsiya-gaziantepten-istanbula-kirk-kat-baklava-tarihi","status":"publish","type":"product","link":"https:\/\/roveyayinevi.com.tr\/index.php\/urun\/saraydan-carsiya-gaziantepten-istanbula-kirk-kat-baklava-tarihi\/","title":{"rendered":"Saraydan \u00c7ar\u015f\u0131ya, Gaziantep\u2019ten \u0130stanbul\u2019a K\u0131rk Kat Baklava Tarihi"},"content":{"rendered":"<p>Bu kitapta iki tarih\u00e7i, tek bir tatl\u0131n\u0131n \u00f6yk\u00fcs\u00fcn\u00fc anlat\u0131yor: Bu\u011fday unundan mamul, incecik a\u00e7\u0131lm\u0131\u015f kat kat yufkayla sade ya\u011f\u0131 ve \u015ferbeti bulu\u015fturan, sarmadan burmaya, \u015f\u00f6biyetten havu\u00e7 dilimine, bug\u00fcn onlarca \u015fekle giren baklavan\u0131n bu topraklardaki tarihini\u2026   Bu kitab\u0131n ortaya \u00e7\u0131k\u0131\u015f\u0131n\u0131n sebebi, T\u00fcrkiye\u2019de daima \u201cbizim\u201d oldu\u011fu vurgulansa da, baklavaya dair bilinenlerin asl\u0131nda pek az oldu\u011funu fark etmemizdi: Bug\u00fcn art\u0131k ad\u0131 Gaziantep\u2019le \u00f6zde\u015fle\u015fti\u011finden, baklavan\u0131n \u0130stanbullu, sarayl\u0131 k\u00f6klerini ya hi\u00e7 bilmiyoruz ya da unuttuk. Eskiden baklava ekseri cevizli, bademli ya da kaymakl\u0131yken ne olmu\u015ftu da f\u0131st\u0131kl\u0131s\u0131 ba\u015fk\u00f6\u015feye kurulmu\u015ftu, bilmiyorduk. Osmanl\u0131 co\u011frafyas\u0131n\u0131n hemen her yerinde de\u011fi\u015fik usullerle yap\u0131lan, bug\u00fcn dahi T\u00fcrkiye\u2019nin farkl\u0131 b\u00f6lgelerine has \u00e7e\u015fitleri bulunan baklavalar aras\u0131ndan Antep baklavas\u0131n\u0131n ni\u00e7in ve tam olarak nas\u0131l y\u00fckseldi\u011fini hi\u00e7 ara\u015ft\u0131rmam\u0131\u015ft\u0131k. Bir \u015fekle ad\u0131n\u0131 veren \u201cbaklava kesim\u201d bile ni\u00e7in dikd\u00f6rtgene evrilmi\u015fti, d\u00fc\u015f\u00fcnmemi\u015ftik. \u0130\u015fte bu bilmediklerimizin \u00e7oklu\u011fu, elinizdeki kitab\u0131n \u00e7\u0131k\u0131\u015f noktas\u0131 oldu. Cevaplar\u0131 bulmak i\u00e7in Osmanl\u0131 ar\u015fivlerine, kad\u0131 sicillerine, saray mutfa\u011f\u0131 defterlerine dal\u0131nd\u0131; kent m\u00fczelerinden gazete ar\u015fivlerine uzanan ara\u015ft\u0131rmalar yap\u0131ld\u0131; baklavan\u0131n \u0130stanbul\u2019la Gaziantep aras\u0131nda gidip gelen hatt\u0131n\u0131 \u00e7izmek i\u00e7in mekik dokundu, ya\u015fayan baklava ustalar\u0131yla konu\u015fuldu ve sonunda ortaya baklavan\u0131n tarih\u00ee maceras\u0131n\u0131 daha \u00f6nce hi\u00e7 yaz\u0131lmam\u0131\u015f \u00e7apta ayd\u0131nlatan K\u0131rk Kat Baklava Tarihi \u00e7\u0131kt\u0131. Burak Onaran ve Priscilla Mary I\u015f\u0131n\u2019\u0131n elinden, bilgisi ve malzemesi baklava kadar katmanl\u0131, okumas\u0131 baklava kadar tatl\u0131\u2026 <\/p>\n","protected":false},"excerpt":{"rendered":"<p>Bu kitapta iki tarih\u00e7i, tek bir tatl\u0131n\u0131n \u00f6yk\u00fcs\u00fcn\u00fc anlat\u0131yor: Bu\u011fday unundan mamul, incecik a\u00e7\u0131lm\u0131\u015f kat kat yufkayla sade ya\u011f\u0131 ve \u015ferbeti bulu\u015fturan, sarmadan burmaya, \u015f\u00f6biyetten havu\u00e7<span class=\"excerpt-hellip\"> [\u2026]<\/span><\/p>\n","protected":false},"featured_media":0,"template":"","meta":{"_monsterinsights_skip_tracking":false,"_monsterinsights_sitenote_active":false,"_monsterinsights_sitenote_note":"","_monsterinsights_sitenote_category":0},"product_brand":[],"product_cat":[12457],"product_tag":[],"class_list":{"0":"post-767140","1":"product","2":"type-product","3":"status-publish","5":"product_cat-yemek-kitaplari","6":"pa_cilt-ciltsiz","7":"pa_tur-kitap","8":"pa_yayinevi-mundi","9":"pa_yazar-burak-onaran-priscilla-mary-isin","11":"first","12":"instock","13":"sale","14":"shipping-taxable","15":"purchasable","16":"product-type-simple"},"_links":{"self":[{"href":"https:\/\/roveyayinevi.com.tr\/index.php\/wp-json\/wp\/v2\/product\/767140","targetHints":{"allow":["GET"]}}],"collection":[{"href":"https:\/\/roveyayinevi.com.tr\/index.php\/wp-json\/wp\/v2\/product"}],"about":[{"href":"https:\/\/roveyayinevi.com.tr\/index.php\/wp-json\/wp\/v2\/types\/product"}],"wp:attachment":[{"href":"https:\/\/roveyayinevi.com.tr\/index.php\/wp-json\/wp\/v2\/media?parent=767140"}],"wp:term":[{"taxonomy":"product_brand","embeddable":true,"href":"https:\/\/roveyayinevi.com.tr\/index.php\/wp-json\/wp\/v2\/product_brand?post=767140"},{"taxonomy":"product_cat","embeddable":true,"href":"https:\/\/roveyayinevi.com.tr\/index.php\/wp-json\/wp\/v2\/product_cat?post=767140"},{"taxonomy":"product_tag","embeddable":true,"href":"https:\/\/roveyayinevi.com.tr\/index.php\/wp-json\/wp\/v2\/product_tag?post=767140"}],"curies":[{"name":"wp","href":"https:\/\/api.w.org\/{rel}","templated":true}]}}