{"id":767139,"date":"2025-08-28T12:38:04","date_gmt":"2025-08-28T09:38:04","guid":{"rendered":"https:\/\/roveyayinevi.com.tr\/index.php\/urun\/catidan-gelen-kedi\/"},"modified":"2026-04-15T03:32:47","modified_gmt":"2026-04-15T00:32:47","slug":"catidan-gelen-kedi","status":"publish","type":"product","link":"https:\/\/roveyayinevi.com.tr\/index.php\/urun\/catidan-gelen-kedi\/","title":{"rendered":"\u00c7at\u0131dan Gelen Kedi"},"content":{"rendered":"<p>Bayan Minoes eskiden bir kediydi. Art\u0131k insana d\u00f6n\u00fc\u015fm\u00fc\u015f olsa da h\u00e2l\u00e2 m\u0131rl\u0131yor, \u00f6fkelenince t\u0131rmal\u0131yor ve \u00e7at\u0131larda gezmeye bay\u0131l\u0131yor. En \u00f6nemlisi de h\u00e2l\u00e2 kedilerle konu\u015fabiliyor. Bayan Minoes&#8217;un patronu, utanga\u00e7 gazeteci Tibbe bu sayede bir\u00e7ok gizli habere ula\u015f\u0131yor. Kedi Haber Ajans\u0131&#8217;ndan ald\u0131\u011f\u0131 son haber \u015fehrin tan\u0131nm\u0131\u015f simalar\u0131ndan, fabrika sahibi Bay Ellemeet&#8217;le ilgili. Anla\u015f\u0131lan Bay Ellemeet g\u00f6r\u00fcnd\u00fc\u011f\u00fc kadar hayvansever de\u011fil ama herkesi kand\u0131rmay\u0131 ba\u015far\u0131yor. Peki Tibbe Kedi Haber Ajans\u0131&#8217;n\u0131n yard\u0131m\u0131yla ger\u00e7ekleri ortaya \u00e7\u0131karmay\u0131 ba\u015farabilecek mi? <\/p>\n","protected":false},"excerpt":{"rendered":"<p>Bayan Minoes eskiden bir kediydi. Art\u0131k insana d\u00f6n\u00fc\u015fm\u00fc\u015f olsa da h\u00e2l\u00e2 m\u0131rl\u0131yor, \u00f6fkelenince t\u0131rmal\u0131yor ve \u00e7at\u0131larda gezmeye bay\u0131l\u0131yor. En \u00f6nemlisi de h\u00e2l\u00e2 kedilerle konu\u015fabiliyor. Bayan Minoes&#8217;un<span class=\"excerpt-hellip\"> [\u2026]<\/span><\/p>\n","protected":false},"featured_media":0,"template":"","meta":{"_monsterinsights_skip_tracking":false,"_monsterinsights_sitenote_active":false,"_monsterinsights_sitenote_note":"","_monsterinsights_sitenote_category":0},"product_brand":[],"product_cat":[12274,12284],"product_tag":[],"class_list":{"0":"post-767139","1":"product","2":"type-product","3":"status-publish","5":"product_cat-cocuk-ve-genclik-kitaplari","6":"product_cat-hikayeler","7":"pa_cilt-ciltsiz","8":"pa_tur-kitap","9":"pa_yayinevi-can-cocuk-yayinlari","10":"pa_yazar-annie-m-g-schmidt","12":"first","13":"instock","14":"sale","15":"shipping-taxable","16":"purchasable","17":"product-type-simple"},"_links":{"self":[{"href":"https:\/\/roveyayinevi.com.tr\/index.php\/wp-json\/wp\/v2\/product\/767139","targetHints":{"allow":["GET"]}}],"collection":[{"href":"https:\/\/roveyayinevi.com.tr\/index.php\/wp-json\/wp\/v2\/product"}],"about":[{"href":"https:\/\/roveyayinevi.com.tr\/index.php\/wp-json\/wp\/v2\/types\/product"}],"wp:attachment":[{"href":"https:\/\/roveyayinevi.com.tr\/index.php\/wp-json\/wp\/v2\/media?parent=767139"}],"wp:term":[{"taxonomy":"product_brand","embeddable":true,"href":"https:\/\/roveyayinevi.com.tr\/index.php\/wp-json\/wp\/v2\/product_brand?post=767139"},{"taxonomy":"product_cat","embeddable":true,"href":"https:\/\/roveyayinevi.com.tr\/index.php\/wp-json\/wp\/v2\/product_cat?post=767139"},{"taxonomy":"product_tag","embeddable":true,"href":"https:\/\/roveyayinevi.com.tr\/index.php\/wp-json\/wp\/v2\/product_tag?post=767139"}],"curies":[{"name":"wp","href":"https:\/\/api.w.org\/{rel}","templated":true}]}}