{"id":767136,"date":"2025-08-28T12:37:58","date_gmt":"2025-08-28T09:37:58","guid":{"rendered":"https:\/\/roveyayinevi.com.tr\/index.php\/urun\/bir-tasra-idarecisinin-mesleki-seruveni\/"},"modified":"2026-04-15T03:32:47","modified_gmt":"2026-04-15T00:32:47","slug":"bir-tasra-idarecisinin-mesleki-seruveni","status":"publish","type":"product","link":"https:\/\/roveyayinevi.com.tr\/index.php\/urun\/bir-tasra-idarecisinin-mesleki-seruveni\/","title":{"rendered":"Bir Ta\u015fra \u0130darecisinin Mesleki Ser\u00fcveni"},"content":{"rendered":"<p>M\u00fclki idare amirli\u011finin en zevkli yan\u0131 halkla i\u00e7 i\u00e7e bulunmak, onlar\u0131n duygu ve d\u00fc\u015f\u00fcncelerine arac\u0131s\u0131z ula\u015fabilmek, sorunlar\u0131na dokunabilmektir. Bu temaslarda her bir yurtta\u015f\u0131n sorunlar\u0131n\u0131 birinci elden dinlemek ve birlikte \u00e7\u00f6z\u00fcm \u00fcretme \u015fans\u0131na sahip olursunuz. E\u011fer ba\u015far\u0131l\u0131 bir sonu\u00e7 elde edebilirseniz manevi y\u00f6nden \u00f6vg\u00fclerle doyurulursunuz. Anadolu halk\u0131 bu bak\u0131mdan kadir k\u0131ymet bilir, k\u00fc\u00e7\u00fck \u015feylerle de mutlu olur. Bu mutluluk g\u00f6zlerine yans\u0131r; siz bakt\u0131\u011f\u0131n\u0131zda bunun s\u0131cakl\u0131\u011f\u0131 hissedersiniz. Benzer \u015fekilde kendisine s\u0131radan (e\u015fit) yurtta\u015f muamelesi yapt\u0131\u011f\u0131n\u0131z il\u00e7enin veya ilin maddeten h\u00e2kim k\u00fc\u00e7\u00fck grubundan veya ek\u00e2bir tak\u0131m\u0131ndan olanlar\u0131n da k\u00f6t\u00fcc\u00fcl bak\u0131\u015flar\u0131n\u0131 hemen fark edersiniz.<\/p>\n","protected":false},"excerpt":{"rendered":"<p>M\u00fclki idare amirli\u011finin en zevkli yan\u0131 halkla i\u00e7 i\u00e7e bulunmak, onlar\u0131n duygu ve d\u00fc\u015f\u00fcncelerine arac\u0131s\u0131z ula\u015fabilmek, sorunlar\u0131na dokunabilmektir. Bu temaslarda her bir yurtta\u015f\u0131n sorunlar\u0131n\u0131 birinci elden<span class=\"excerpt-hellip\"> [\u2026]<\/span><\/p>\n","protected":false},"featured_media":0,"template":"","meta":{"_monsterinsights_skip_tracking":false,"_monsterinsights_sitenote_active":false,"_monsterinsights_sitenote_note":"","_monsterinsights_sitenote_category":0},"product_brand":[],"product_cat":[13701,12291],"product_tag":[],"class_list":{"0":"post-767136","1":"product","2":"type-product","3":"status-publish","5":"product_cat-ani-mektup-gunluk","6":"product_cat-edebiyat","7":"pa_cilt-ciltsiz","8":"pa_tur-kitap","9":"pa_yayinevi-imge-kitabevi-yayinlari","10":"pa_yazar-ahmet-kurt","12":"first","13":"instock","14":"sale","15":"shipping-taxable","16":"purchasable","17":"product-type-simple"},"_links":{"self":[{"href":"https:\/\/roveyayinevi.com.tr\/index.php\/wp-json\/wp\/v2\/product\/767136","targetHints":{"allow":["GET"]}}],"collection":[{"href":"https:\/\/roveyayinevi.com.tr\/index.php\/wp-json\/wp\/v2\/product"}],"about":[{"href":"https:\/\/roveyayinevi.com.tr\/index.php\/wp-json\/wp\/v2\/types\/product"}],"wp:attachment":[{"href":"https:\/\/roveyayinevi.com.tr\/index.php\/wp-json\/wp\/v2\/media?parent=767136"}],"wp:term":[{"taxonomy":"product_brand","embeddable":true,"href":"https:\/\/roveyayinevi.com.tr\/index.php\/wp-json\/wp\/v2\/product_brand?post=767136"},{"taxonomy":"product_cat","embeddable":true,"href":"https:\/\/roveyayinevi.com.tr\/index.php\/wp-json\/wp\/v2\/product_cat?post=767136"},{"taxonomy":"product_tag","embeddable":true,"href":"https:\/\/roveyayinevi.com.tr\/index.php\/wp-json\/wp\/v2\/product_tag?post=767136"}],"curies":[{"name":"wp","href":"https:\/\/api.w.org\/{rel}","templated":true}]}}