{"id":767131,"date":"2025-08-28T12:37:48","date_gmt":"2025-08-28T09:37:48","guid":{"rendered":"https:\/\/roveyayinevi.com.tr\/index.php\/urun\/gunaydin-sizim\/"},"modified":"2026-04-15T03:32:47","modified_gmt":"2026-04-15T00:32:47","slug":"gunaydin-sizim","status":"publish","type":"product","link":"https:\/\/roveyayinevi.com.tr\/index.php\/urun\/gunaydin-sizim\/","title":{"rendered":"G\u00fcnayd\u0131n S\u0131z\u0131m"},"content":{"rendered":"<p>Bir g\u00fcn d\u00f6n\u00fcp arkana bakt\u0131\u011f\u0131nda, seni izleyen kimse yoksa, belki de \u00e7oktan yaln\u0131z b\u0131rak\u0131lm\u0131\u015fs\u0131nd\u0131r. Seninle deniz k\u0131y\u0131s\u0131nda bir sohbet bile imkans\u0131z art\u0131k; sen, mavi derinlikleri bile sessizli\u011fe bo\u011facak kadar so\u011fuksun.Y\u0131k\u0131nt\u0131lar aras\u0131nda umutlar ye\u015fertmeye \u00e7al\u0131\u015ft\u0131m, sevgine inanarak. Oysa sen, y\u00fcre\u011fimin tam ortas\u0131nda filizlenmi\u015f bir hayal k\u0131r\u0131kl\u0131\u011f\u0131ym\u0131\u015fs\u0131n. Vedalar yak\u0131\u015fmad\u0131 bize, ama sen art\u0131k dualar\u0131ma bile s\u0131\u011fmaz oldun. Kendimi bulmam i\u00e7in biraz yaln\u0131zl\u0131k gerek, d\u00f6nme geri; yaralar\u0131m kapand\u0131ktan sonra gelmen, yaln\u0131zca haks\u0131zl\u0131k olur bu \u015fehre.\u015eimdi g\u00f6ky\u00fcz\u00fcmde kendi ellerimle ku\u015flar \u00e7izece\u011fim, kahkahalar\u0131m sokaklar\u0131 yeniden boyayacak. Belki mutluluktan u\u00e7mayaca\u011f\u0131m, ama ayaklar\u0131m bu kez yere sa\u011flam basacak.Yaz\u0131 bekliyorum, bahar\u0131n geli\u015fi, papatyalar\u0131n d\u00fcnyay\u0131 yeniden beyaza boyay\u0131\u015f\u0131n\u0131\u2026 Seni de\u011fil. Gidi\u015finle yeniden a\u00e7acak i\u00e7imdeki bahar.<\/p>\n","protected":false},"excerpt":{"rendered":"<p>Bir g\u00fcn d\u00f6n\u00fcp arkana bakt\u0131\u011f\u0131nda, seni izleyen kimse yoksa, belki de \u00e7oktan yaln\u0131z b\u0131rak\u0131lm\u0131\u015fs\u0131nd\u0131r. Seninle deniz k\u0131y\u0131s\u0131nda bir sohbet bile imkans\u0131z art\u0131k; sen, mavi derinlikleri bile<span class=\"excerpt-hellip\"> [\u2026]<\/span><\/p>\n","protected":false},"featured_media":0,"template":"","meta":{"_monsterinsights_skip_tracking":false,"_monsterinsights_sitenote_active":false,"_monsterinsights_sitenote_note":"","_monsterinsights_sitenote_category":0},"product_brand":[],"product_cat":[12291,12711],"product_tag":[],"class_list":{"0":"post-767131","1":"product","2":"type-product","3":"status-publish","5":"product_cat-edebiyat","6":"product_cat-roman-oyku","7":"pa_cilt-ciltsiz","8":"pa_tur-kitap","9":"pa_yayinevi-epsilon-yayinlari","10":"pa_yazar-songul-unsal","12":"first","13":"instock","14":"sale","15":"shipping-taxable","16":"purchasable","17":"product-type-simple"},"_links":{"self":[{"href":"https:\/\/roveyayinevi.com.tr\/index.php\/wp-json\/wp\/v2\/product\/767131","targetHints":{"allow":["GET"]}}],"collection":[{"href":"https:\/\/roveyayinevi.com.tr\/index.php\/wp-json\/wp\/v2\/product"}],"about":[{"href":"https:\/\/roveyayinevi.com.tr\/index.php\/wp-json\/wp\/v2\/types\/product"}],"wp:attachment":[{"href":"https:\/\/roveyayinevi.com.tr\/index.php\/wp-json\/wp\/v2\/media?parent=767131"}],"wp:term":[{"taxonomy":"product_brand","embeddable":true,"href":"https:\/\/roveyayinevi.com.tr\/index.php\/wp-json\/wp\/v2\/product_brand?post=767131"},{"taxonomy":"product_cat","embeddable":true,"href":"https:\/\/roveyayinevi.com.tr\/index.php\/wp-json\/wp\/v2\/product_cat?post=767131"},{"taxonomy":"product_tag","embeddable":true,"href":"https:\/\/roveyayinevi.com.tr\/index.php\/wp-json\/wp\/v2\/product_tag?post=767131"}],"curies":[{"name":"wp","href":"https:\/\/api.w.org\/{rel}","templated":true}]}}