{"id":767130,"date":"2025-08-28T12:37:47","date_gmt":"2025-08-28T09:37:47","guid":{"rendered":"https:\/\/roveyayinevi.com.tr\/index.php\/urun\/engelli-el-kitabi\/"},"modified":"2026-04-15T03:32:47","modified_gmt":"2026-04-15T00:32:47","slug":"engelli-el-kitabi","status":"publish","type":"product","link":"https:\/\/roveyayinevi.com.tr\/index.php\/urun\/engelli-el-kitabi\/","title":{"rendered":"Engelli El Kitab\u0131"},"content":{"rendered":"<p>Engelli vatanda\u015flar\u0131m\u0131z\u0131n sorunlar\u0131n\u0131n \u00e7\u00f6z\u00fcm\u00fc noktas\u0131ndaki en \u00f6nemli husus, bu konudaki toplumsal hassasiyetin g\u00fc\u00e7lendirilmesidir. Zira engellilik, bir sa\u011fl\u0131k meselesi oldu\u011fu kadar, ayn\u0131 zamanda hukuki, sosyal ve ekonomik ve\u00e7heleri de bulunan \u00e7ok boyutlu bir konudur. Engelleri engellemek i\u00e7in, bu konudaki sorunlar\u0131n \u00e7\u00f6z\u00fcm\u00fcnde toplumun b\u00fct\u00fcn kesimleri rol \u00fcstlenmeli, herkes elini vicdan\u0131na koymal\u0131, herkes sorumluluk almal\u0131, herkes gerekli hassasiyeti g\u00f6stermelidir. Sorunlara \u00e7\u00f6z\u00fcm \u00fcretmek, engelli karde\u015flerimizin toplumla b\u00fct\u00fcnle\u015fmelerini, i\u015fg\u00fcc\u00fcne kat\u0131lmalar\u0131n\u0131, huzur ve refahlar\u0131n\u0131n artmas\u0131n\u0131 sa\u011flamak i\u00e7in \u00f6zveriyle \u00e7al\u0131\u015fmakt\u0131r. Engelli vatanda\u015flar\u0131m\u0131z\u0131n kamuda ve \u00f6zel sekt\u00f6rde istihdam\u0131n\u0131 sa\u011flamak, bu y\u00f6nde te\u015fvikler uygulamak gerekir. Sosyal Devlet ilkesini \u00e7ok daha aktif, \u00e7ok daha etkin bir \u015fekilde i\u015fletmek suretiyle, yerel y\u00f6netimlerimizden vergi indirimlerine kadar, engelli karde\u015flerimize hemen her alanda kolayl\u0131klar sa\u011flamakt\u0131r. Toplumsal sorumlulu\u011fu, hassasiyeti ve \u015fuuru artt\u0131rmas\u0131n\u0131 temennisiyle t\u00fcm engelli vatanda\u015flar\u0131m\u0131z\u0131n huzurlu ve sa\u011fl\u0131kl\u0131 bir hayat s\u00fcrmelerini diliyoruz. <\/p>\n","protected":false},"excerpt":{"rendered":"<p>Engelli vatanda\u015flar\u0131m\u0131z\u0131n sorunlar\u0131n\u0131n \u00e7\u00f6z\u00fcm\u00fc noktas\u0131ndaki en \u00f6nemli husus, bu konudaki toplumsal hassasiyetin g\u00fc\u00e7lendirilmesidir. Zira engellilik, bir sa\u011fl\u0131k meselesi oldu\u011fu kadar, ayn\u0131 zamanda hukuki, sosyal ve ekonomik<span class=\"excerpt-hellip\"> [\u2026]<\/span><\/p>\n","protected":false},"featured_media":0,"template":"","meta":{"_monsterinsights_skip_tracking":false,"_monsterinsights_sitenote_active":false,"_monsterinsights_sitenote_note":"","_monsterinsights_sitenote_category":0},"product_brand":[],"product_cat":[13488],"product_tag":[],"class_list":{"0":"post-767130","1":"product","2":"type-product","3":"status-publish","5":"product_cat-toplum-ve-insan","6":"pa_cilt-ciltsiz","7":"pa_tur-kitap","8":"pa_yayinevi-kalem-lugat-yayincilik","9":"pa_yazar-zubeyt-bozkurt","11":"first","12":"instock","13":"sale","14":"shipping-taxable","15":"purchasable","16":"product-type-simple"},"_links":{"self":[{"href":"https:\/\/roveyayinevi.com.tr\/index.php\/wp-json\/wp\/v2\/product\/767130","targetHints":{"allow":["GET"]}}],"collection":[{"href":"https:\/\/roveyayinevi.com.tr\/index.php\/wp-json\/wp\/v2\/product"}],"about":[{"href":"https:\/\/roveyayinevi.com.tr\/index.php\/wp-json\/wp\/v2\/types\/product"}],"wp:attachment":[{"href":"https:\/\/roveyayinevi.com.tr\/index.php\/wp-json\/wp\/v2\/media?parent=767130"}],"wp:term":[{"taxonomy":"product_brand","embeddable":true,"href":"https:\/\/roveyayinevi.com.tr\/index.php\/wp-json\/wp\/v2\/product_brand?post=767130"},{"taxonomy":"product_cat","embeddable":true,"href":"https:\/\/roveyayinevi.com.tr\/index.php\/wp-json\/wp\/v2\/product_cat?post=767130"},{"taxonomy":"product_tag","embeddable":true,"href":"https:\/\/roveyayinevi.com.tr\/index.php\/wp-json\/wp\/v2\/product_tag?post=767130"}],"curies":[{"name":"wp","href":"https:\/\/api.w.org\/{rel}","templated":true}]}}