{"id":767129,"date":"2025-08-28T12:37:45","date_gmt":"2025-08-28T09:37:45","guid":{"rendered":"https:\/\/roveyayinevi.com.tr\/index.php\/urun\/korku-ve-umit-dusunce-yazilari-1\/"},"modified":"2025-09-23T23:46:36","modified_gmt":"2025-09-23T20:46:36","slug":"korku-ve-umit-dusunce-yazilari-1","status":"publish","type":"product","link":"https:\/\/roveyayinevi.com.tr\/index.php\/urun\/korku-ve-umit-dusunce-yazilari-1\/","title":{"rendered":"Korku Ve \u00dcmit D\u00fc\u015f\u00fcnce Yaz\u0131lar\u0131 1"},"content":{"rendered":"<p>Korku ve \u00dcmit 40 y\u0131ll\u0131k \u00e7al\u0131\u015fman\u0131n sonunda haz\u0131rland\u0131. Kitap; insan odakl\u0131, toplumu konu alan, sosyal i\u00e7erikli bir kitapt\u0131r. Duygu ve d\u00fc\u015f\u00fcnce a\u011f\u0131rl\u0131kl\u0131 bir kitap olmas\u0131na ra\u011fmen bir \u00e7e\u015fit din ve ahlak kitab\u0131d\u0131r. * * * * Peygamber Efendimiz, hasta yata\u011f\u0131ndaki bir genci ziyarete gitmi\u015fti, ona \u201cKendini nas\u0131l buluyorsun?\u201d diye sordu. O da dedi ki: \u201cRabbimin rahmetini umuyorum, G\u00fcnahlar\u0131mdan korkuyorum.\u201d Peygamberimiz (sallah\u00fc aleyhi ve sellem) bunun \u00fczerine \u015f\u00f6yle buyurdular: \u201cBu iki duygu, bir m\u00fcminin kalbinde toplanacak olursa Allah o kuluna umdu\u011funu verir, korktu\u011fundan da emin k\u0131lar.\u201d \u201c\u0130slamiyet, KORKU VE \u00dcM\u0130T ARASINDAK\u0130 SEVG\u0130D\u0130R\u2026\u201d Ne mutlu, Allah\u2019tan korkan ve \u00dcmitlerini asla yitirmeyenlere\u2026 Ne mutlu, insanlar\u0131 ele\u015ftirip yarg\u0131lamayanlar\u2026 Ne mutlu, sevenlere ve sevilenlere, in\u015falara de\u011fer verenlere\u2026   Mehmet Y\u0131lmaz K\u00fctahya <\/p>\n","protected":false},"excerpt":{"rendered":"<p>Korku ve \u00dcmit 40 y\u0131ll\u0131k \u00e7al\u0131\u015fman\u0131n sonunda haz\u0131rland\u0131. Kitap; insan odakl\u0131, toplumu konu alan, sosyal i\u00e7erikli bir kitapt\u0131r. Duygu ve d\u00fc\u015f\u00fcnce a\u011f\u0131rl\u0131kl\u0131 bir kitap olmas\u0131na ra\u011fmen<span class=\"excerpt-hellip\"> [\u2026]<\/span><\/p>\n","protected":false},"featured_media":0,"template":"","meta":{"_monsterinsights_skip_tracking":false,"_monsterinsights_sitenote_active":false,"_monsterinsights_sitenote_note":"","_monsterinsights_sitenote_category":0},"product_brand":[],"product_cat":[12777,12291],"product_tag":[],"class_list":{"0":"post-767129","1":"product","2":"type-product","3":"status-publish","5":"product_cat-deneme","6":"product_cat-edebiyat","7":"pa_cilt-ciltsiz","8":"pa_tur-kitap","9":"pa_yayinevi-doksan-dokuz-yayinlari","10":"pa_yazar-mehmet-yilmaz","12":"first","13":"instock","14":"sale","15":"shipping-taxable","16":"purchasable","17":"product-type-simple"},"_links":{"self":[{"href":"https:\/\/roveyayinevi.com.tr\/index.php\/wp-json\/wp\/v2\/product\/767129","targetHints":{"allow":["GET"]}}],"collection":[{"href":"https:\/\/roveyayinevi.com.tr\/index.php\/wp-json\/wp\/v2\/product"}],"about":[{"href":"https:\/\/roveyayinevi.com.tr\/index.php\/wp-json\/wp\/v2\/types\/product"}],"wp:attachment":[{"href":"https:\/\/roveyayinevi.com.tr\/index.php\/wp-json\/wp\/v2\/media?parent=767129"}],"wp:term":[{"taxonomy":"product_brand","embeddable":true,"href":"https:\/\/roveyayinevi.com.tr\/index.php\/wp-json\/wp\/v2\/product_brand?post=767129"},{"taxonomy":"product_cat","embeddable":true,"href":"https:\/\/roveyayinevi.com.tr\/index.php\/wp-json\/wp\/v2\/product_cat?post=767129"},{"taxonomy":"product_tag","embeddable":true,"href":"https:\/\/roveyayinevi.com.tr\/index.php\/wp-json\/wp\/v2\/product_tag?post=767129"}],"curies":[{"name":"wp","href":"https:\/\/api.w.org\/{rel}","templated":true}]}}