{"id":767124,"date":"2025-08-28T12:37:35","date_gmt":"2025-08-28T09:37:35","guid":{"rendered":"https:\/\/roveyayinevi.com.tr\/index.php\/urun\/gonul-telimden-dokulenler-2\/"},"modified":"2026-04-15T03:32:47","modified_gmt":"2026-04-15T00:32:47","slug":"gonul-telimden-dokulenler-2","status":"publish","type":"product","link":"https:\/\/roveyayinevi.com.tr\/index.php\/urun\/gonul-telimden-dokulenler-2\/","title":{"rendered":"G\u00f6n\u00fcl Telimden D\u00f6k\u00fclenler"},"content":{"rendered":"<p>G\u00d6ZLER\u0130M NEML\u0130   G\u00f6n\u00fcl sinem darda hakk\u0131n yolunda, \u00d6z\u00fcm semah d\u00f6ner g\u00f6zlerim nemli, Hasret derin derin dertler solunda, G\u00f6n\u00fcl \u00e7e\u015fmem akar g\u00f6zlerim nemli.   \u00d6zlemi saklad\u0131m g\u00f6n\u00fcl testime, Y\u0131ld\u0131z kayd\u0131 \u0131\u015f\u0131k ya\u011fd\u0131 \u00fcst\u00fcme, Bunu neden yapt\u0131n g\u00f6n\u00fcl dostuna, An\u0131lar b\u00f6l\u00fck p\u00f6r\u00e7\u00fck g\u00f6zlerim nemli.   Neden y\u00e2r anlamaz bilmem halimi, Dal\u0131m\u0131 k\u0131rarak yolmu\u015f g\u00fcl\u00fcm\u00fc, Esen yeller u\u00e7uruyor k\u00fcl\u00fcm\u00fc, Ate\u015fim mi s\u00f6nd\u00fc g\u00f6zlerim nemli.   Kazma k\u00fcrek ile karn\u0131m a\u00e7ars\u0131n, Mahsul\u00fc m\u00fc ye\u015fil iken bi\u00e7ersin, Hakk\u0131n verdi\u011fini haks\u0131z sa\u00e7ars\u0131n, G\u00fcnbeg\u00fcn t\u00fckendim g\u00f6zlerim nemli   \u0130nci&#8217;yim ad\u0131n\u0131 elden saklad\u0131m, Sen u\u011fruna s\u00f6ze kulak t\u0131kad\u0131m, G\u00f6zde ferim s\u00f6nd\u00fc olmaz takad\u0131m, G\u00fcne\u015f mi karard\u0131 g\u00f6zlerim nemli. <\/p>\n","protected":false},"excerpt":{"rendered":"<p>G\u00d6ZLER\u0130M NEML\u0130 G\u00f6n\u00fcl sinem darda hakk\u0131n yolunda, \u00d6z\u00fcm semah d\u00f6ner g\u00f6zlerim nemli, Hasret derin derin dertler solunda, G\u00f6n\u00fcl \u00e7e\u015fmem akar g\u00f6zlerim nemli. \u00d6zlemi saklad\u0131m g\u00f6n\u00fcl testime,<span class=\"excerpt-hellip\"> [\u2026]<\/span><\/p>\n","protected":false},"featured_media":0,"template":"","meta":{"_monsterinsights_skip_tracking":false,"_monsterinsights_sitenote_active":false,"_monsterinsights_sitenote_note":"","_monsterinsights_sitenote_category":0},"product_brand":[],"product_cat":[12291,12509],"product_tag":[],"class_list":{"0":"post-767124","1":"product","2":"type-product","3":"status-publish","5":"product_cat-edebiyat","6":"product_cat-siir","7":"pa_cilt-ciltsiz","8":"pa_tur-kitap","9":"pa_yayinevi-gulnar-yayinlari","10":"pa_yazar-inci-demiray-yildirim","12":"first","13":"instock","14":"sale","15":"shipping-taxable","16":"purchasable","17":"product-type-simple"},"_links":{"self":[{"href":"https:\/\/roveyayinevi.com.tr\/index.php\/wp-json\/wp\/v2\/product\/767124","targetHints":{"allow":["GET"]}}],"collection":[{"href":"https:\/\/roveyayinevi.com.tr\/index.php\/wp-json\/wp\/v2\/product"}],"about":[{"href":"https:\/\/roveyayinevi.com.tr\/index.php\/wp-json\/wp\/v2\/types\/product"}],"wp:attachment":[{"href":"https:\/\/roveyayinevi.com.tr\/index.php\/wp-json\/wp\/v2\/media?parent=767124"}],"wp:term":[{"taxonomy":"product_brand","embeddable":true,"href":"https:\/\/roveyayinevi.com.tr\/index.php\/wp-json\/wp\/v2\/product_brand?post=767124"},{"taxonomy":"product_cat","embeddable":true,"href":"https:\/\/roveyayinevi.com.tr\/index.php\/wp-json\/wp\/v2\/product_cat?post=767124"},{"taxonomy":"product_tag","embeddable":true,"href":"https:\/\/roveyayinevi.com.tr\/index.php\/wp-json\/wp\/v2\/product_tag?post=767124"}],"curies":[{"name":"wp","href":"https:\/\/api.w.org\/{rel}","templated":true}]}}