{"id":767120,"date":"2025-08-28T12:37:28","date_gmt":"2025-08-28T09:37:28","guid":{"rendered":"https:\/\/roveyayinevi.com.tr\/index.php\/urun\/mavi-atlas-mutlu\/"},"modified":"2026-04-15T03:32:47","modified_gmt":"2026-04-15T00:32:47","slug":"mavi-atlas-mutlu","status":"publish","type":"product","link":"https:\/\/roveyayinevi.com.tr\/index.php\/urun\/mavi-atlas-mutlu\/","title":{"rendered":"Mavi Atlas Mutlu"},"content":{"rendered":"<p>G\u00f6z\u00fcn a\u00e7t\u0131 g\u00fcl tomurcuk Bayram seyran oldu kutlu Evim dolmu\u015f can p\u0131t\u0131rc\u0131k D\u00fcnya mutlu Atlas Mutlu   Cam g\u00f6zleri boncuk derin Bir minicik hokka burun D\u00fc\u015fm\u00fc\u015f kalbe tatl\u0131 torun Herkes mutlu Atlas Mutlu   Berkay Merve ana baba         Bir can geldi bu cihana Canlar katt\u0131 her bir cana Yuva mutlu Atlas Mutlu   Berkin Zikri ye\u011fen bulmu\u015f Amcan Day\u0131n \u00fcnvan alm\u0131\u015f T\u00fcm sevgiler sana kalm\u0131\u015f Dostlar mutlu Atlas Mutlu   Deden Ninen Leyla, Zeki Anne taraf Meryem, Fikri En g\u00fczel \u015fey \u00e7evremdeki Soyun mutlu Atlas Mutlu   \u00d6mr\u00fcn uzun sa\u011fl\u0131k olsun Baht\u0131n a\u00e7\u0131k huzur dolsun Annen Baban asil soysun \u00c7evren mutlu Atlas Mutlu   Deden\u2026 <\/p>\n","protected":false},"excerpt":{"rendered":"<p>G\u00f6z\u00fcn a\u00e7t\u0131 g\u00fcl tomurcuk Bayram seyran oldu kutlu Evim dolmu\u015f can p\u0131t\u0131rc\u0131k D\u00fcnya mutlu Atlas Mutlu Cam g\u00f6zleri boncuk derin Bir minicik hokka burun D\u00fc\u015fm\u00fc\u015f kalbe<span class=\"excerpt-hellip\"> [\u2026]<\/span><\/p>\n","protected":false},"featured_media":0,"template":"","meta":{"_monsterinsights_skip_tracking":false,"_monsterinsights_sitenote_active":false,"_monsterinsights_sitenote_note":"","_monsterinsights_sitenote_category":0},"product_brand":[],"product_cat":[12291,12509],"product_tag":[],"class_list":{"0":"post-767120","1":"product","2":"type-product","3":"status-publish","5":"product_cat-edebiyat","6":"product_cat-siir","7":"pa_cilt-ciltsiz","8":"pa_tur-kitap","9":"pa_yayinevi-gulnar-yayinlari","10":"pa_yazar-zeki-mutlu","12":"first","13":"instock","14":"sale","15":"shipping-taxable","16":"purchasable","17":"product-type-simple"},"_links":{"self":[{"href":"https:\/\/roveyayinevi.com.tr\/index.php\/wp-json\/wp\/v2\/product\/767120","targetHints":{"allow":["GET"]}}],"collection":[{"href":"https:\/\/roveyayinevi.com.tr\/index.php\/wp-json\/wp\/v2\/product"}],"about":[{"href":"https:\/\/roveyayinevi.com.tr\/index.php\/wp-json\/wp\/v2\/types\/product"}],"wp:attachment":[{"href":"https:\/\/roveyayinevi.com.tr\/index.php\/wp-json\/wp\/v2\/media?parent=767120"}],"wp:term":[{"taxonomy":"product_brand","embeddable":true,"href":"https:\/\/roveyayinevi.com.tr\/index.php\/wp-json\/wp\/v2\/product_brand?post=767120"},{"taxonomy":"product_cat","embeddable":true,"href":"https:\/\/roveyayinevi.com.tr\/index.php\/wp-json\/wp\/v2\/product_cat?post=767120"},{"taxonomy":"product_tag","embeddable":true,"href":"https:\/\/roveyayinevi.com.tr\/index.php\/wp-json\/wp\/v2\/product_tag?post=767120"}],"curies":[{"name":"wp","href":"https:\/\/api.w.org\/{rel}","templated":true}]}}