{"id":767119,"date":"2025-08-28T12:37:26","date_gmt":"2025-08-28T09:37:26","guid":{"rendered":"https:\/\/roveyayinevi.com.tr\/index.php\/urun\/dedemin-gizemli-iksiri-ahsap-sandik\/"},"modified":"2026-04-15T03:32:47","modified_gmt":"2026-04-15T00:32:47","slug":"dedemin-gizemli-iksiri-ahsap-sandik","status":"publish","type":"product","link":"https:\/\/roveyayinevi.com.tr\/index.php\/urun\/dedemin-gizemli-iksiri-ahsap-sandik\/","title":{"rendered":"Dedemin Gizemli \u0130ksiri &#8211; Ah\u015fap Sand\u0131k"},"content":{"rendered":"<p>Meri\u00e7 g\u00fcn\u00fcn birinde evlerinin \u00e7at\u0131 kat\u0131nda bir \u015fi\u015fe buldu. Bu \u015fi\u015fe y\u0131llar \u00f6nce g\u00f6\u00e7\u00fcp giden dedelerine aitti. Onca e\u015fyan\u0131n aras\u0131ndan bozulmadan, k\u0131r\u0131lmadan adete bulunaca\u011f\u0131 g\u00fcn\u00fc bekliyor gibi beklemi\u015fti. Meri\u00e7\u2019in Melih ad\u0131nda ikiz karde\u015fi vard\u0131, bir de a\u011fabeyleri Caner. Bu \u00fc\u00e7 karde\u015f dedelerinden kalan tarlaya gitmi\u015f ve orada delicenin \u00e7ekirde\u011fini topra\u011fa ekmesini istemi\u015flerdeki ki i\u015fler san\u0131ld\u0131\u011f\u0131 gibi gitmemi\u015fti. \u00c7\u00fcnk\u00fc kaz\u0131lan topra\u011f\u0131n aras\u0131nda gizemli mi gizemli ah\u015fap bir sand\u0131k \u00e7\u0131km\u0131\u015ft\u0131. Ans\u0131z\u0131n bulunan sand\u0131k yeni anlatmaya \u00e7al\u0131\u015f\u0131yordu? \u0130\u00e7inde neler vard\u0131? A\u00e7\u0131ld\u0131ktan sonra nelerin de\u011fi\u015fmesine sebep olacakt\u0131? Bu sorular\u0131n cevaplar\u0131 i\u00e7in sizleri \u201cDedemin Gizemli \u0130ksiri\u201d kitab\u0131n\u0131 okumaya davet ediyoruz. <\/p>\n","protected":false},"excerpt":{"rendered":"<p>Meri\u00e7 g\u00fcn\u00fcn birinde evlerinin \u00e7at\u0131 kat\u0131nda bir \u015fi\u015fe buldu. Bu \u015fi\u015fe y\u0131llar \u00f6nce g\u00f6\u00e7\u00fcp giden dedelerine aitti. Onca e\u015fyan\u0131n aras\u0131ndan bozulmadan, k\u0131r\u0131lmadan adete bulunaca\u011f\u0131 g\u00fcn\u00fc bekliyor<span class=\"excerpt-hellip\"> [\u2026]<\/span><\/p>\n","protected":false},"featured_media":0,"template":"","meta":{"_monsterinsights_skip_tracking":false,"_monsterinsights_sitenote_active":false,"_monsterinsights_sitenote_note":"","_monsterinsights_sitenote_category":0},"product_brand":[],"product_cat":[12274,12284],"product_tag":[],"class_list":{"0":"post-767119","1":"product","2":"type-product","3":"status-publish","5":"product_cat-cocuk-ve-genclik-kitaplari","6":"product_cat-hikayeler","7":"pa_cilt-ciltsiz","8":"pa_tur-kitap","9":"pa_yayinevi-gulnar-yayinlari","10":"pa_yazar-fadime-ozkaya-furtana","12":"first","13":"instock","14":"sale","15":"shipping-taxable","16":"purchasable","17":"product-type-simple"},"_links":{"self":[{"href":"https:\/\/roveyayinevi.com.tr\/index.php\/wp-json\/wp\/v2\/product\/767119","targetHints":{"allow":["GET"]}}],"collection":[{"href":"https:\/\/roveyayinevi.com.tr\/index.php\/wp-json\/wp\/v2\/product"}],"about":[{"href":"https:\/\/roveyayinevi.com.tr\/index.php\/wp-json\/wp\/v2\/types\/product"}],"wp:attachment":[{"href":"https:\/\/roveyayinevi.com.tr\/index.php\/wp-json\/wp\/v2\/media?parent=767119"}],"wp:term":[{"taxonomy":"product_brand","embeddable":true,"href":"https:\/\/roveyayinevi.com.tr\/index.php\/wp-json\/wp\/v2\/product_brand?post=767119"},{"taxonomy":"product_cat","embeddable":true,"href":"https:\/\/roveyayinevi.com.tr\/index.php\/wp-json\/wp\/v2\/product_cat?post=767119"},{"taxonomy":"product_tag","embeddable":true,"href":"https:\/\/roveyayinevi.com.tr\/index.php\/wp-json\/wp\/v2\/product_tag?post=767119"}],"curies":[{"name":"wp","href":"https:\/\/api.w.org\/{rel}","templated":true}]}}