{"id":767115,"date":"2025-08-28T12:37:21","date_gmt":"2025-08-28T09:37:21","guid":{"rendered":"https:\/\/roveyayinevi.com.tr\/index.php\/urun\/ornek-musluman-kadin-hz-meryem\/"},"modified":"2026-04-15T03:32:47","modified_gmt":"2026-04-15T00:32:47","slug":"ornek-musluman-kadin-hz-meryem","status":"publish","type":"product","link":"https:\/\/roveyayinevi.com.tr\/index.php\/urun\/ornek-musluman-kadin-hz-meryem\/","title":{"rendered":"\u00d6rnek M\u00fcsl\u00fcman Kad\u0131n Hz. Meryem"},"content":{"rendered":"<p>Hz. Meryem&#8217;in \u015fahs\u0131nda &#8220;ideal M\u00fcsl\u00fcman kad\u0131n karakteri&#8221;ni tan\u0131tmaktad\u0131r. Kuran&#8217;da bildirilen ideal kad\u0131n karakteri, bug\u00fcn cahiliye toplumlar\u0131nda yayg\u0131n olarak ya\u015fanan kad\u0131n karakterinden \u00e7ok farkl\u0131d\u0131r. Cahiliye toplumlar\u0131nda ya\u015fayan kad\u0131nlar, genellikle toplum taraf\u0131ndan kendilerine uygun g\u00f6r\u00fclen ve nesilden nesile aktar\u0131larak g\u00fcn\u00fcm\u00fcze kadar gelen ortak bir karakteri ya\u015famaktad\u0131rlar. M\u00fcsl\u00fcman kad\u0131n son derece g\u00fc\u00e7l\u00fc ve sa\u011flam bir ki\u015fili\u011fe sahiptir. Ve bu ki\u015fili\u011fi toplum nezdinde bir \u00fcst\u00fcnl\u00fck elde edebilmek i\u00e7in de\u011fil, sadece Allah&#8217;\u0131n r\u0131zas\u0131n\u0131 ve sevgisini kazanabilmek i\u00e7in ya\u015famaktad\u0131r. Bu kitapta cahiliye toplumlar\u0131nda yerle\u015fik olan kad\u0131n karakterinin yanl\u0131\u015fl\u0131\u011f\u0131na ve bu karakterin toplum i\u00e7erisinde nas\u0131l kabullenildi\u011fine dikkat \u00e7ekiyoruz. Ayr\u0131ca Allah&#8217;\u0131n, t\u00fcm alemlerin kad\u0131nlar\u0131na \u00fcst\u00fcn k\u0131ld\u0131\u011f\u0131n\u0131 bildirdi\u011fi Hz. Meryem&#8217;in ahlak\u0131n\u0131 anlatarak, &#8220;\u00f6rnek bir M\u00fcsl\u00fcman kad\u0131n&#8221;\u0131n sahip olmas\u0131 gereken \u00fcst\u00fcn ahlak anlay\u0131\u015f\u0131ndan bahsediyoruz.   <\/p>\n","protected":false},"excerpt":{"rendered":"<p>Hz. Meryem&#8217;in \u015fahs\u0131nda &#8220;ideal M\u00fcsl\u00fcman kad\u0131n karakteri&#8221;ni tan\u0131tmaktad\u0131r. Kuran&#8217;da bildirilen ideal kad\u0131n karakteri, bug\u00fcn cahiliye toplumlar\u0131nda yayg\u0131n olarak ya\u015fanan kad\u0131n karakterinden \u00e7ok farkl\u0131d\u0131r. Cahiliye toplumlar\u0131nda ya\u015fayan<span class=\"excerpt-hellip\"> [\u2026]<\/span><\/p>\n","protected":false},"featured_media":0,"template":"","meta":{"_monsterinsights_skip_tracking":false,"_monsterinsights_sitenote_active":false,"_monsterinsights_sitenote_note":"","_monsterinsights_sitenote_category":0},"product_brand":[],"product_cat":[12718,12719],"product_tag":[],"class_list":{"0":"post-767115","1":"product","2":"type-product","3":"status-publish","5":"product_cat-din","6":"product_cat-islam","7":"pa_cilt-ciltsiz","8":"pa_tur-kitap","9":"pa_yayinevi-kalem-lugat-yayincilik","10":"pa_yazar-zubeyt-bozkurt","12":"first","13":"instock","14":"sale","15":"shipping-taxable","16":"purchasable","17":"product-type-simple"},"_links":{"self":[{"href":"https:\/\/roveyayinevi.com.tr\/index.php\/wp-json\/wp\/v2\/product\/767115","targetHints":{"allow":["GET"]}}],"collection":[{"href":"https:\/\/roveyayinevi.com.tr\/index.php\/wp-json\/wp\/v2\/product"}],"about":[{"href":"https:\/\/roveyayinevi.com.tr\/index.php\/wp-json\/wp\/v2\/types\/product"}],"wp:attachment":[{"href":"https:\/\/roveyayinevi.com.tr\/index.php\/wp-json\/wp\/v2\/media?parent=767115"}],"wp:term":[{"taxonomy":"product_brand","embeddable":true,"href":"https:\/\/roveyayinevi.com.tr\/index.php\/wp-json\/wp\/v2\/product_brand?post=767115"},{"taxonomy":"product_cat","embeddable":true,"href":"https:\/\/roveyayinevi.com.tr\/index.php\/wp-json\/wp\/v2\/product_cat?post=767115"},{"taxonomy":"product_tag","embeddable":true,"href":"https:\/\/roveyayinevi.com.tr\/index.php\/wp-json\/wp\/v2\/product_tag?post=767115"}],"curies":[{"name":"wp","href":"https:\/\/api.w.org\/{rel}","templated":true}]}}