{"id":767113,"date":"2025-08-28T12:37:17","date_gmt":"2025-08-28T09:37:17","guid":{"rendered":"https:\/\/roveyayinevi.com.tr\/index.php\/urun\/denemeler-1\/"},"modified":"2026-04-15T03:32:47","modified_gmt":"2026-04-15T00:32:47","slug":"denemeler-1","status":"publish","type":"product","link":"https:\/\/roveyayinevi.com.tr\/index.php\/urun\/denemeler-1\/","title":{"rendered":"Denemeler 1"},"content":{"rendered":"<p>Lydia Davis, hen\u00fcz \u00f6\u011frenciyken \u015fiir yazmaya ba\u015flad\u0131 ve sonraki y\u0131llarda ona d\u00fcnya \u00e7ap\u0131nda \u00fcn kazand\u0131ran kurmaca metinler kaleme ald\u0131. \u00c7evirmen kimli\u011fiyle de uluslararas\u0131 \u00e7apta tan\u0131nan Davis, ilk \u00f6yk\u00fc kitab\u0131n\u0131n yay\u0131mland\u0131\u011f\u0131 1976\u2019dan bu yana, mensubu oldu\u011fu Amerikan edebiyat\u0131n\u0131n s\u0131n\u0131rlar\u0131n\u0131 farkl\u0131 co\u011frafyalara do\u011fru geni\u015fleterek \u00e7a\u011f\u0131n\u0131n en g\u00fc\u00e7l\u00fc edebiyat fig\u00fcrlerinden biri haline geldi. Ayn\u0131 zamanda iyi bir kurmacad\u0131\u015f\u0131 yazar\u0131 olan Davis\u2019in denemeleri, yazarlar ve eserler \u00fczerine yorumlar\u0131, yazma prati\u011fi hakk\u0131nda tavsiyeleri Denemeler 1\u2019de bir araya geliyor. Davis\u2019in ele ald\u0131\u011f\u0131 konular, onu bu d\u00fcnyan\u0131n i\u00e7ine \u00e7eken ilk edebi metinlerden en sevdi\u011fi \u00f6yk\u00fclere, John Ashbery\u2019nin Rimbaud \u00e7evirisinden Alan Cote\u2019un resimlerine, ilk turist foto\u011fraflar\u0131ndan \u00c7oban\u0131n Mezmuru\u2019na kadar uzan\u0131yor.   Bu sabah mutlu bir \u015fekilde evde dola\u015f\u0131yorum ve yapt\u0131\u011f\u0131m \u015fey akl\u0131ma tak\u0131l\u0131yor. Asl\u0131nda, yapt\u0131\u011f\u0131m bir jest akl\u0131ma tak\u0131l\u0131yor ama o tek jest az \u00f6nce yapt\u0131\u011f\u0131m \u015feyi betimleyen bir c\u00fcmle yazmama ilham veriyor. Bu, yazarken genellikle etkili bir yakla\u015f\u0131md\u0131r \u00e7\u00fcnk\u00fc tek \u00e7arp\u0131c\u0131 \u00f6\u011fe, kendi ba\u015f\u0131na bir anlam ta\u015f\u0131mayacak bir dizi s\u0131radan \u00f6\u011fenin sonucu olabilir.<\/p>\n","protected":false},"excerpt":{"rendered":"<p>Lydia Davis, hen\u00fcz \u00f6\u011frenciyken \u015fiir yazmaya ba\u015flad\u0131 ve sonraki y\u0131llarda ona d\u00fcnya \u00e7ap\u0131nda \u00fcn kazand\u0131ran kurmaca metinler kaleme ald\u0131. \u00c7evirmen kimli\u011fiyle de uluslararas\u0131 \u00e7apta tan\u0131nan Davis,<span class=\"excerpt-hellip\"> [\u2026]<\/span><\/p>\n","protected":false},"featured_media":0,"template":"","meta":{"_monsterinsights_skip_tracking":false,"_monsterinsights_sitenote_active":false,"_monsterinsights_sitenote_note":"","_monsterinsights_sitenote_category":0},"product_brand":[],"product_cat":[12777,12291],"product_tag":[],"class_list":{"0":"post-767113","1":"product","2":"type-product","3":"status-publish","5":"product_cat-deneme","6":"product_cat-edebiyat","7":"pa_cilt-ciltsiz","8":"pa_tur-kitap","9":"pa_yayinevi-everest-yayinlari","10":"pa_yazar-lydia-davis","12":"first","13":"instock","14":"sale","15":"shipping-taxable","16":"purchasable","17":"product-type-simple"},"_links":{"self":[{"href":"https:\/\/roveyayinevi.com.tr\/index.php\/wp-json\/wp\/v2\/product\/767113","targetHints":{"allow":["GET"]}}],"collection":[{"href":"https:\/\/roveyayinevi.com.tr\/index.php\/wp-json\/wp\/v2\/product"}],"about":[{"href":"https:\/\/roveyayinevi.com.tr\/index.php\/wp-json\/wp\/v2\/types\/product"}],"wp:attachment":[{"href":"https:\/\/roveyayinevi.com.tr\/index.php\/wp-json\/wp\/v2\/media?parent=767113"}],"wp:term":[{"taxonomy":"product_brand","embeddable":true,"href":"https:\/\/roveyayinevi.com.tr\/index.php\/wp-json\/wp\/v2\/product_brand?post=767113"},{"taxonomy":"product_cat","embeddable":true,"href":"https:\/\/roveyayinevi.com.tr\/index.php\/wp-json\/wp\/v2\/product_cat?post=767113"},{"taxonomy":"product_tag","embeddable":true,"href":"https:\/\/roveyayinevi.com.tr\/index.php\/wp-json\/wp\/v2\/product_tag?post=767113"}],"curies":[{"name":"wp","href":"https:\/\/api.w.org\/{rel}","templated":true}]}}