{"id":767111,"date":"2025-08-28T12:37:13","date_gmt":"2025-08-28T09:37:13","guid":{"rendered":"https:\/\/roveyayinevi.com.tr\/index.php\/urun\/dunun-dunyasi-4\/"},"modified":"2026-04-12T03:24:25","modified_gmt":"2026-04-12T00:24:25","slug":"dunun-dunyasi-4","status":"publish","type":"product","link":"https:\/\/roveyayinevi.com.tr\/index.php\/urun\/dunun-dunyasi-4\/","title":{"rendered":"D\u00fcn\u00fcn D\u00fcnyas\u0131"},"content":{"rendered":"<p>\u201cAsl\u0131nda anlatt\u0131\u011f\u0131m \u015feyler sadece benim yazg\u0131m de\u011fil\u201d diyor Stefan Zweig an\u0131lar\u0131n\u0131n \u00f6ns\u00f6z\u00fcnde, \u201caksine b\u00fct\u00fcn bir neslin yazg\u0131s\u0131.\u201d Bu, bir \u00f6nceki y\u00fczy\u0131l\u0131n o g\u00fcvenli burjuva ya\u015fam\u0131nda b\u00fcy\u00fcm\u00fc\u015f, b\u00fcy\u00fck \u00f6l\u00e7\u00fcde Nasyonal Sosyalizm ve s\u00fcrg\u00fcn ile son bulan bir \u00e7a\u011fla kendini \u00f6zde\u015fle\u015ftiren bir nesildir. Stefan Zweig, sava\u015f kar\u015f\u0131t\u0131 biri olarak I. D\u00fcnya Sava\u015f\u0131 s\u0131ras\u0131nda Z\u00fcrih\u2019e gidip oraya yerle\u015fti. 1919\u2019dan 1934\u2019e kadar olan d\u00f6nemde \u00e7o\u011funlukla Salzburg\u2019da ya\u015fad\u0131, 1938\u2019de \u0130ngiltere\u2019ye, 1940\u2019ta New York\u2019a ve birka\u00e7 ay sonra da Brezilya\u2019n\u0131n Petropolis kentine g\u00f6\u00e7 etti. D\u00fc\u015f\u00fcnsel vatan\u0131 olarak g\u00f6rd\u00fc\u011f\u00fc Avrupa\u2019n\u0131n \u00e7\u00f6k\u00fc\u015f\u00fc kar\u015f\u0131s\u0131nda duydu\u011fu umutsuzlukla 1942 y\u0131l\u0131nda ikinci e\u015fiyle birlikte intihar etti. \u00c7ok s\u0131k\u0131nt\u0131l\u0131 ko\u015fullar alt\u0131nda yaz\u0131lm\u0131\u015f, o zamanki e\u011fitim sistemine yap\u0131lan ele\u015ftirinin de eksik olmad\u0131\u011f\u0131 an\u0131lar\u0131ndan olu\u015fan D\u00fcn\u00fcn D\u00fcnyas\u0131 Stefan Zweig\u2019\u0131n Viyana\u2019da ge\u00e7irdi\u011fi huzurlu ve mutlu gen\u00e7li\u011fini g\u00f6zler \u00f6n\u00fcne serer. Bu ya\u015fama ilk g\u00f6lgeler Tuna Monar\u015fisi\u2019nin sonu ve iki D\u00fcnya Sava\u015f\u0131\u2019n\u0131n felaketleriyle d\u00fc\u015fmeye ba\u015flar. D\u00fcn\u00fcn D\u00fcnyas\u0131\u2019ndaki de\u011fi\u015fimleri bu kadar derin etkiler b\u0131rakarak tan\u0131mlayan \u00e7ok az kitap vard\u0131r; \u00e7\u00fcnk\u00fc bu kitap, ki\u015fisel an\u0131lar\u0131n \u00f6tesinde 20. y\u00fczy\u0131l\u0131n ilk yar\u0131s\u0131nda d\u00fc\u015f\u00fcn d\u00fcnyas\u0131nda ya\u015fananlar\u0131n t\u00fcm\u00fcn\u00fc \u00f6zetler. \u201c\u00c7\u00fcnk\u00fc k\u0131rk y\u0131l boyunca en i\u00e7ten g\u00f6rev sayd\u0131\u011f\u0131m, t\u00fcm g\u00fcc\u00fcmle ve inanc\u0131mla u\u011fra\u015ft\u0131\u011f\u0131m bar\u0131\u015f\u00e7\u0131l bir Avrupa birli\u011fi d\u00fc\u015f\u00fcncesi y\u0131k\u0131lm\u0131\u015ft\u0131. Kendi \u00f6l\u00fcm\u00fcmden daha fazla korktu\u011fum, herkesin herkesle sava\u015faca\u011f\u0131 sava\u015f ikinci kez zincirlerini k\u0131rm\u0131\u015ft\u0131. Ya\u015fam\u0131 boyunca t\u00fcm g\u00fcc\u00fcn\u00fc insanl\u0131\u011f\u0131n ve d\u00fc\u015f\u00fcncenin birli\u011fine adam\u0131\u015f biri olan ben bozulmaz, sars\u0131lmaz birli\u011fi gerektiren \u015fu saatlerde yarars\u0131z oldu\u011fu kadar ani gelen bu ayr\u0131mla kendimi hi\u00e7 olmad\u0131\u011f\u0131m kadar yaln\u0131z hissediyordum.\u201d <\/p>\n","protected":false},"excerpt":{"rendered":"<p>\u201cAsl\u0131nda anlatt\u0131\u011f\u0131m \u015feyler sadece benim yazg\u0131m de\u011fil\u201d diyor Stefan Zweig an\u0131lar\u0131n\u0131n \u00f6ns\u00f6z\u00fcnde, \u201caksine b\u00fct\u00fcn bir neslin yazg\u0131s\u0131.\u201d Bu, bir \u00f6nceki y\u00fczy\u0131l\u0131n o g\u00fcvenli burjuva ya\u015fam\u0131nda b\u00fcy\u00fcm\u00fc\u015f,<span class=\"excerpt-hellip\"> [\u2026]<\/span><\/p>\n","protected":false},"featured_media":0,"template":"","meta":{"_monsterinsights_skip_tracking":false,"_monsterinsights_sitenote_active":false,"_monsterinsights_sitenote_note":"","_monsterinsights_sitenote_category":0},"product_brand":[],"product_cat":[12291,12711],"product_tag":[],"class_list":{"0":"post-767111","1":"product","2":"type-product","3":"status-publish","5":"product_cat-edebiyat","6":"product_cat-roman-oyku","7":"pa_cilt-ciltsiz","8":"pa_tur-kitap","9":"pa_yayinevi-kirmizi-kedi-yayinevi","10":"pa_yazar-stefan-zweig","12":"first","13":"instock","14":"sale","15":"shipping-taxable","16":"purchasable","17":"product-type-simple"},"_links":{"self":[{"href":"https:\/\/roveyayinevi.com.tr\/index.php\/wp-json\/wp\/v2\/product\/767111","targetHints":{"allow":["GET"]}}],"collection":[{"href":"https:\/\/roveyayinevi.com.tr\/index.php\/wp-json\/wp\/v2\/product"}],"about":[{"href":"https:\/\/roveyayinevi.com.tr\/index.php\/wp-json\/wp\/v2\/types\/product"}],"wp:attachment":[{"href":"https:\/\/roveyayinevi.com.tr\/index.php\/wp-json\/wp\/v2\/media?parent=767111"}],"wp:term":[{"taxonomy":"product_brand","embeddable":true,"href":"https:\/\/roveyayinevi.com.tr\/index.php\/wp-json\/wp\/v2\/product_brand?post=767111"},{"taxonomy":"product_cat","embeddable":true,"href":"https:\/\/roveyayinevi.com.tr\/index.php\/wp-json\/wp\/v2\/product_cat?post=767111"},{"taxonomy":"product_tag","embeddable":true,"href":"https:\/\/roveyayinevi.com.tr\/index.php\/wp-json\/wp\/v2\/product_tag?post=767111"}],"curies":[{"name":"wp","href":"https:\/\/api.w.org\/{rel}","templated":true}]}}