{"id":767110,"date":"2025-08-28T12:37:11","date_gmt":"2025-08-28T09:37:11","guid":{"rendered":"https:\/\/roveyayinevi.com.tr\/index.php\/urun\/gece-ve-gunduz-2\/"},"modified":"2026-04-15T03:32:47","modified_gmt":"2026-04-15T00:32:47","slug":"gece-ve-gunduz-2","status":"publish","type":"product","link":"https:\/\/roveyayinevi.com.tr\/index.php\/urun\/gece-ve-gunduz-2\/","title":{"rendered":"Gece ve G\u00fcnd\u00fcz"},"content":{"rendered":"<p>\u201c\u015eairler K\u00f6\u015fesi\u201dne g\u00f6m\u00fclm\u00fc\u015f se\u00e7kin bir \u015fairin torunu olan Katharine Hilbery, annesine \u00fcnl\u00fc atalar\u0131n\u0131n biyografisini yazmas\u0131na yard\u0131m ederken, kendi \u015fiirsel yetene\u011fi hakk\u0131nda abart\u0131l\u0131 g\u00f6r\u00fc\u015flere sahip, yazarl\u0131\u011f\u0131n\u0131 g\u00fcnden g\u00fcne geli\u015ftiren William Rodney ile ni\u015fanlan\u0131r. Bu arada, kad\u0131n haklar\u0131 savunucusu Mary Datchet, alt tabakadan bir ge\u00e7mi\u015fe sahip bir avukat ve ele\u015ftirmen olan Ralph Denham\u2019a \u00e2\u015f\u0131kt\u0131r. Ancak Denham, Katharine\u2019e daha fazla ilgi duyar. Bu d\u00f6rt gencin hik\u00e2yeleri ve romantik ilgileri geli\u015fip i\u00e7 i\u00e7e ge\u00e7tik\u00e7e, h\u00e2l\u00e2 s\u0131n\u0131f tak\u0131nt\u0131l\u0131 ve Viktorya d\u00f6neminin toplumsal geleneklerine tak\u0131l\u0131p kalm\u0131\u015f bir toplumun resmi ortaya \u00e7\u0131kar. Virginia Woolf\u2019un t\u00fcm romanlar\u0131 aras\u0131nda a\u00e7\u0131k ara en geleneksel olan\u0131 Gece ve G\u00fcnd\u00fcz, h\u0131zla de\u011fi\u015fen bir d\u00fcnyan\u0131n g\u00fc\u00e7l\u00fc bir \u00e7a\u011fr\u0131\u015f\u0131m\u0131d\u0131r ve geleneksel bir \u00fcslupla yaz\u0131lm\u0131\u015f olsa da, yazar\u0131n, kad\u0131nlar\u0131n toplumdaki rol\u00fc ve a\u015fk ile evlili\u011fi uzla\u015ft\u0131rman\u0131n zorluklar\u0131 gibi tekrarlayan kayg\u0131lar\u0131n\u0131n \u00e7o\u011funu ele al\u0131r. \u201cKatharine\u2019in d\u00fcnya alg\u0131s\u0131, kendilerine di\u011fer insanlardan daha yak\u0131n g\u00f6rd\u00fckleri Shakespeare, Milton, Wordsworth ve Shelley gibi muhterem kimselerin an\u0131lar\u0131 \u00e7evresinde \u015fekillenmi\u015fti. Bu ki\u015filer onun vizyonunun geni\u015flemesine b\u00fcy\u00fck katk\u0131lar sa\u011flam\u0131\u015f ve insan ili\u015fkilerinde neyin iyi neyin k\u00f6t\u00fc oldu\u011funa dair bir g\u00f6r\u00fc\u015f olu\u015fturmas\u0131nda rol oynam\u0131\u015flard\u0131.\u201d <\/p>\n","protected":false},"excerpt":{"rendered":"<p>\u201c\u015eairler K\u00f6\u015fesi\u201dne g\u00f6m\u00fclm\u00fc\u015f se\u00e7kin bir \u015fairin torunu olan Katharine Hilbery, annesine \u00fcnl\u00fc atalar\u0131n\u0131n biyografisini yazmas\u0131na yard\u0131m ederken, kendi \u015fiirsel yetene\u011fi hakk\u0131nda abart\u0131l\u0131 g\u00f6r\u00fc\u015flere sahip, yazarl\u0131\u011f\u0131n\u0131 g\u00fcnden<span class=\"excerpt-hellip\"> [\u2026]<\/span><\/p>\n","protected":false},"featured_media":0,"template":"","meta":{"_monsterinsights_skip_tracking":false,"_monsterinsights_sitenote_active":false,"_monsterinsights_sitenote_note":"","_monsterinsights_sitenote_category":0},"product_brand":[],"product_cat":[12291,12711],"product_tag":[],"class_list":{"0":"post-767110","1":"product","2":"type-product","3":"status-publish","5":"product_cat-edebiyat","6":"product_cat-roman-oyku","7":"pa_cilt-ciltsiz","8":"pa_tur-kitap","9":"pa_yayinevi-kirmizi-kedi-yayinevi","10":"pa_yazar-virginia-woolf","12":"first","13":"instock","14":"sale","15":"shipping-taxable","16":"purchasable","17":"product-type-simple"},"_links":{"self":[{"href":"https:\/\/roveyayinevi.com.tr\/index.php\/wp-json\/wp\/v2\/product\/767110","targetHints":{"allow":["GET"]}}],"collection":[{"href":"https:\/\/roveyayinevi.com.tr\/index.php\/wp-json\/wp\/v2\/product"}],"about":[{"href":"https:\/\/roveyayinevi.com.tr\/index.php\/wp-json\/wp\/v2\/types\/product"}],"wp:attachment":[{"href":"https:\/\/roveyayinevi.com.tr\/index.php\/wp-json\/wp\/v2\/media?parent=767110"}],"wp:term":[{"taxonomy":"product_brand","embeddable":true,"href":"https:\/\/roveyayinevi.com.tr\/index.php\/wp-json\/wp\/v2\/product_brand?post=767110"},{"taxonomy":"product_cat","embeddable":true,"href":"https:\/\/roveyayinevi.com.tr\/index.php\/wp-json\/wp\/v2\/product_cat?post=767110"},{"taxonomy":"product_tag","embeddable":true,"href":"https:\/\/roveyayinevi.com.tr\/index.php\/wp-json\/wp\/v2\/product_tag?post=767110"}],"curies":[{"name":"wp","href":"https:\/\/api.w.org\/{rel}","templated":true}]}}