{"id":767107,"date":"2025-08-28T12:37:06","date_gmt":"2025-08-28T09:37:06","guid":{"rendered":"https:\/\/roveyayinevi.com.tr\/index.php\/urun\/duslerimizdeki-evren\/"},"modified":"2026-04-15T03:32:47","modified_gmt":"2026-04-15T00:32:47","slug":"duslerimizdeki-evren","status":"publish","type":"product","link":"https:\/\/roveyayinevi.com.tr\/index.php\/urun\/duslerimizdeki-evren\/","title":{"rendered":"D\u00fc\u015flerimizdeki Evren"},"content":{"rendered":"<p>Kronik \u00c7ocuk, merakl\u0131 okurlar\u0131n\u0131 evrenin s\u0131rlar\u0131n\u0131 ke\u015ffetmeye davet ediyor! Challenger Uzay Meki\u011fi\u2019nin f\u0131rlat\u0131l\u0131\u015f\u0131n\u0131 oda\u011f\u0131na alan D\u00fc\u015flerimizdeki Evren, Arma\u011fan Tuna\u2019n\u0131n \u00e7evirisiyle heyecan dolu bir okuma keyfi sunuyor.   Takvimler Ocak 1986\u2019y\u0131 g\u00f6sterdi\u011finde t\u00fcm d\u00fcnya bir daha asla unutamayaca\u011f\u0131 bir olaya tan\u0131kl\u0131k ediyordu: Challenger Uzay Meki\u011fi, D\u00fcnya\u2019n\u0131n \u00f6tesinde neler oldu\u011funu ke\u015ffe haz\u0131rd\u0131! Thomas ailesinin bilime merakl\u0131 \u00fcyesi Bird de bu olaya tan\u0131kl\u0131k edenler aras\u0131ndayd\u0131.   Ancak Thomas ailesinin bamba\u015fka g\u00fcndemleri vard\u0131: Cash, ikinci kez okudu\u011fu yedinci s\u0131n\u0131ftan kurtulmaya ve \u201cger\u00e7ekten iyi\u201d oldu\u011fu bir \u015fey bulmaya \u00e7al\u0131\u015f\u0131yor; Fitch, ard\u0131 ard\u0131na k\u0131rd\u0131\u011f\u0131 kalpleri onarman\u0131n yollar\u0131n\u0131 ar\u0131yordu. Her biri farkl\u0131 bir d\u00fcnyaya ait gibi g\u00f6r\u00fcnse de bu \u00fc\u00e7 karde\u015fin ortak bir amac\u0131 vard\u0131: \u0130\u00e7inde bulunduklar\u0131 ko\u015fullar\u0131 de\u011fi\u015ftirmek, olduklar\u0131 yerden ka\u00e7mak!   Erin Entrada Kelly, D\u00fc\u015flerimizdeki Evren\u2019de okurlar\u0131n\u0131 aile ba\u011flar\u0131, karde\u015flik, ba\u015fka d\u00fcnyalar\u0131 ke\u015ffetme merak\u0131 ve kendini bulma arzusu gibi birbirinden farkl\u0131 konularda d\u00fc\u015f\u00fcnmeye \u00e7a\u011f\u0131r\u0131yor.   Kronik \u00c7ocuk\u2019tan, uzay\u0131n derinliklerinde neler oldu\u011funu merak eden okurlar i\u00e7in s\u0131cac\u0131k bir hik\u00e2ye: D\u00fc\u015flerimizdeki Evren. Erin Entrada Kelly\u2019nin kaleme ald\u0131\u011f\u0131 bu sonsuzlu\u011fa uzanan ser\u00fcven, Arma\u011fan Tuna\u2019n\u0131n \u00e7evirisiyle hayat buluyor. 1986 y\u0131l\u0131n\u0131n Ocak ay\u0131nda t\u00fcm d\u00fcnya nefesini tutmu\u015f, Challenger Uzay Meki\u011fi\u2019nin f\u0131rlat\u0131lmas\u0131n\u0131 bekliyor. Thomas ailesinin \u00e7ocuklar\u0131ysa bu tarihi g\u00fcnde t\u00fcm hayatlar\u0131n\u0131n de\u011fi\u015fece\u011finden habersiz. Okulunu basketbol kadar sevmedi\u011fi i\u00e7in s\u00fcrekli s\u0131k\u0131nt\u0131 ya\u015fayan Cash, atari oyunlar\u0131yla kendine bamba\u015fka bir d\u00fcnya kuran Fitch ve NASA\u2019n\u0131n ilk kad\u0131n uzay meki\u011fi komutan\u0131 olmak isteyen Bird\u2026 Birbirinden \u00e7ok farkl\u0131 sahip bu \u00fc\u00e7 karde\u015fin ortak noktas\u0131ysa bir ka\u00e7\u0131\u015f hayali kurmalar\u0131.Newbery Onur \u00d6d\u00fcll\u00fc D\u00fc\u015flerimizdeki Evren; aile ba\u011flar\u0131, karde\u015flik ve ke\u015fif merak\u0131 \u00fczerine \u00e7arp\u0131c\u0131 bir hik\u00e2ye sunarken i\u00e7imizdeki karma\u015f\u0131k duygular ile kurdu\u011fumuz hayallerin asl\u0131nda ne kadar evrensel ve zamans\u0131z oldu\u011funu da vurguluyor.   M\u00fcfredat temalar\u0131:  \u00c7OCUK D\u00dcNYASI, UZAY VE EVREN, KE\u015e\u0130F, KARDE\u015eL\u0130K, A\u0130LE HAYATI, HAYAT BECER\u0130LER\u0130, TAR\u0130H <\/p>\n","protected":false},"excerpt":{"rendered":"<p>Kronik \u00c7ocuk, merakl\u0131 okurlar\u0131n\u0131 evrenin s\u0131rlar\u0131n\u0131 ke\u015ffetmeye davet ediyor! Challenger Uzay Meki\u011fi\u2019nin f\u0131rlat\u0131l\u0131\u015f\u0131n\u0131 oda\u011f\u0131na alan D\u00fc\u015flerimizdeki Evren, Arma\u011fan Tuna\u2019n\u0131n \u00e7evirisiyle heyecan dolu bir okuma keyfi sunuyor.<span class=\"excerpt-hellip\"> [\u2026]<\/span><\/p>\n","protected":false},"featured_media":0,"template":"","meta":{"_monsterinsights_skip_tracking":false,"_monsterinsights_sitenote_active":false,"_monsterinsights_sitenote_note":"","_monsterinsights_sitenote_category":0},"product_brand":[],"product_cat":[12274,12284],"product_tag":[],"class_list":{"0":"post-767107","1":"product","2":"type-product","3":"status-publish","5":"product_cat-cocuk-ve-genclik-kitaplari","6":"product_cat-hikayeler","7":"pa_cilt-ciltsiz","8":"pa_tur-kitap","9":"pa_yayinevi-kronik-kitap","10":"pa_yazar-erin-entrada-kelly","12":"first","13":"instock","14":"sale","15":"shipping-taxable","16":"purchasable","17":"product-type-simple"},"_links":{"self":[{"href":"https:\/\/roveyayinevi.com.tr\/index.php\/wp-json\/wp\/v2\/product\/767107","targetHints":{"allow":["GET"]}}],"collection":[{"href":"https:\/\/roveyayinevi.com.tr\/index.php\/wp-json\/wp\/v2\/product"}],"about":[{"href":"https:\/\/roveyayinevi.com.tr\/index.php\/wp-json\/wp\/v2\/types\/product"}],"wp:attachment":[{"href":"https:\/\/roveyayinevi.com.tr\/index.php\/wp-json\/wp\/v2\/media?parent=767107"}],"wp:term":[{"taxonomy":"product_brand","embeddable":true,"href":"https:\/\/roveyayinevi.com.tr\/index.php\/wp-json\/wp\/v2\/product_brand?post=767107"},{"taxonomy":"product_cat","embeddable":true,"href":"https:\/\/roveyayinevi.com.tr\/index.php\/wp-json\/wp\/v2\/product_cat?post=767107"},{"taxonomy":"product_tag","embeddable":true,"href":"https:\/\/roveyayinevi.com.tr\/index.php\/wp-json\/wp\/v2\/product_tag?post=767107"}],"curies":[{"name":"wp","href":"https:\/\/api.w.org\/{rel}","templated":true}]}}