{"id":767106,"date":"2025-08-28T12:37:04","date_gmt":"2025-08-28T09:37:04","guid":{"rendered":"https:\/\/roveyayinevi.com.tr\/index.php\/urun\/ezginin-gunlugu\/"},"modified":"2026-04-15T03:32:47","modified_gmt":"2026-04-15T00:32:47","slug":"ezginin-gunlugu","status":"publish","type":"product","link":"https:\/\/roveyayinevi.com.tr\/index.php\/urun\/ezginin-gunlugu\/","title":{"rendered":"Ezgi\u2019nin G\u00fcnl\u00fc\u011f\u00fc"},"content":{"rendered":"<p>Ezgi ile Eyy\u00fcb Enar dedenin arkas\u0131ndan; orman\u0131n i\u00e7lerine do\u011fru gittiklerinde g\u00f6rd\u00fc\u011f\u00fc manzara \u00e7ok g\u00fczeldi. \u00c7e\u015fit \u00e7e\u015fit meyveler vard\u0131. \u0130smail amca bir a\u011fac\u0131n yan\u0131nda durdu k\u00fc\u00e7\u00fck k\u00fc\u00e7\u00fck armut toplam\u0131\u015ft\u0131. Ezgi meyvenin tad\u0131na bakt\u0131\u011f\u0131 zaman onun armut olmad\u0131\u011f\u0131n\u0131 fark etti.  <\/p>\n","protected":false},"excerpt":{"rendered":"<p>Ezgi ile Eyy\u00fcb Enar dedenin arkas\u0131ndan; orman\u0131n i\u00e7lerine do\u011fru gittiklerinde g\u00f6rd\u00fc\u011f\u00fc manzara \u00e7ok g\u00fczeldi. \u00c7e\u015fit \u00e7e\u015fit meyveler vard\u0131. \u0130smail amca bir a\u011fac\u0131n yan\u0131nda durdu k\u00fc\u00e7\u00fck k\u00fc\u00e7\u00fck<span class=\"excerpt-hellip\"> [\u2026]<\/span><\/p>\n","protected":false},"featured_media":0,"template":"","meta":{"_monsterinsights_skip_tracking":false,"_monsterinsights_sitenote_active":false,"_monsterinsights_sitenote_note":"","_monsterinsights_sitenote_category":0},"product_brand":[],"product_cat":[12274,12284],"product_tag":[],"class_list":{"0":"post-767106","1":"product","2":"type-product","3":"status-publish","5":"product_cat-cocuk-ve-genclik-kitaplari","6":"product_cat-hikayeler","7":"pa_cilt-ciltsiz","8":"pa_tur-kitap","9":"pa_yayinevi-kalem-lugat-yayincilik","10":"pa_yazar-ismail-seven","12":"first","13":"instock","14":"sale","15":"shipping-taxable","16":"purchasable","17":"product-type-simple"},"_links":{"self":[{"href":"https:\/\/roveyayinevi.com.tr\/index.php\/wp-json\/wp\/v2\/product\/767106","targetHints":{"allow":["GET"]}}],"collection":[{"href":"https:\/\/roveyayinevi.com.tr\/index.php\/wp-json\/wp\/v2\/product"}],"about":[{"href":"https:\/\/roveyayinevi.com.tr\/index.php\/wp-json\/wp\/v2\/types\/product"}],"wp:attachment":[{"href":"https:\/\/roveyayinevi.com.tr\/index.php\/wp-json\/wp\/v2\/media?parent=767106"}],"wp:term":[{"taxonomy":"product_brand","embeddable":true,"href":"https:\/\/roveyayinevi.com.tr\/index.php\/wp-json\/wp\/v2\/product_brand?post=767106"},{"taxonomy":"product_cat","embeddable":true,"href":"https:\/\/roveyayinevi.com.tr\/index.php\/wp-json\/wp\/v2\/product_cat?post=767106"},{"taxonomy":"product_tag","embeddable":true,"href":"https:\/\/roveyayinevi.com.tr\/index.php\/wp-json\/wp\/v2\/product_tag?post=767106"}],"curies":[{"name":"wp","href":"https:\/\/api.w.org\/{rel}","templated":true}]}}