{"id":767104,"date":"2025-08-28T12:37:01","date_gmt":"2025-08-28T09:37:01","guid":{"rendered":"https:\/\/roveyayinevi.com.tr\/index.php\/urun\/fahr-i-kainatin-insanliga-mirasi\/"},"modified":"2026-04-15T03:32:47","modified_gmt":"2026-04-15T00:32:47","slug":"fahr-i-kainatin-insanliga-mirasi","status":"publish","type":"product","link":"https:\/\/roveyayinevi.com.tr\/index.php\/urun\/fahr-i-kainatin-insanliga-mirasi\/","title":{"rendered":"Fahr-i Kainat&#8217;\u0131n \u0130nsanl\u0131\u011fa Miras\u0131"},"content":{"rendered":"<p>Peygamberimiz Hz. Muhammed (sallallahu aleyhi ve sellem) hatr\u0131m\u0131za gelip, bizlere b\u0131rakt\u0131\u011f\u0131 mirasa etti\u011fimiz muamele ve i\u00e7inde bulundu\u011fumuz manzara g\u00f6z\u00fcm\u00fczde canland\u0131\u011f\u0131nda kalbimize bir a\u011fr\u0131 saplanm\u0131yor mu? &#8220;Efendimiz hakk\u0131nda konu\u015fmak s\u00f6z konusu oldu\u011funda art\u0131k bir \u015feyler s\u00f6ylemek yerine ya\u015fanmas\u0131 gerekti\u011fini, art\u0131k s\u00f6z\u00fcn azal\u0131p \u00f6z\u00fcn \u00e7o\u011falmas\u0131 gerekti\u011fini, rivayetin yerini riayetin almas\u0131 gerekti\u011fini d\u00fc\u015f\u00fcn\u00fclmeli&#8221; de\u011fil miyiz?              Efendimiz&#8217;in miras\u0131n\u0131n anlat\u0131lmas\u0131 konusunda do\u011frusu baz\u0131 \u00e7ekincelerim vard\u0131: &#8220;Birincisi, Efendimiz&#8217;in anlat\u0131lmas\u0131 \u00e7o\u011fald\u0131k\u00e7a O&#8217;nun miras\u0131ndan anlayan insanlar azal\u0131yor. \u0130kincisi, Efendimiz&#8217;e salavat \u00e7o\u011fald\u0131k\u00e7a Efendimiz&#8217;in ahlak\u0131 ile ahlaklananlar\u0131n say\u0131s\u0131 azal\u0131yor. \u00dc\u00e7\u00fcnc\u00fcs\u00fc,  Efendimiz&#8217;in miras\u0131n\u0131 ananlar \u00e7o\u011fald\u0131k\u00e7a Efendimiz&#8217;i anlayanlar azalmakta. Peygamber Efendimiz s\u00f6z konusu oldu\u011funda Resulullah&#8217;\u0131n bal\u0131na konup onu t\u00fcketen sivrisinek olmaktansa o bal\u0131 \u00e7o\u011faltan ve \u00fcreten bir ar\u0131 olma&#8221;m\u0131z\u0131n vakti gelmedi mi h\u00e2l\u00e2?             &#8220;M\u00fcsl\u00fcmanlar\u0131n Ehl-i Beyt&#8217;e olan sevgi ve ba\u011fl\u0131l\u0131klar\u0131, as\u0131rlar\u0131 a\u015fan manevi bir iklimin her daim ya\u015fanmas\u0131na vesile olmu\u015ftur. Ehl-i Beyt&#8217;e duyulan bu sevgi ve sayg\u0131, modern zamanlara \u00f6zg\u00fc nostaljinin \u00e7ok \u00f6tesinde derin anlamlar ta\u015f\u0131maktad\u0131r. Toplumda Ehl-i Beyt sevgisi y\u00fcksek bir bilgi ve ba\u011fl\u0131l\u0131kla terenn\u00fcm edilmektedir.&#8221;             &#8220;Ehl-i Beyt, Hz. Peygamber&#8217;in miras\u0131n\u0131n ta\u015f\u0131y\u0131c\u0131lar\u0131 olma hususunda t\u00fcm M\u00fcsl\u00fcmanlar a\u00e7\u0131s\u0131ndan en temel ortak referanslar aras\u0131nda yer almaktad\u0131r.  [Ba\u015fka bir deyi\u015fle:] M\u00fcsl\u00fcmanlar aras\u0131nda, birlik ve beraberli\u011fi tesis etmek \u00fczere Ehl-i Beyt gibi sa\u011flam bir bulu\u015fma noktas\u0131na sahibiz ve her birimiz i\u00e7in \u00f6nemli olan, Hz. Peygamber&#8217;in miras\u0131na sad\u0131k kalmak ve bu kutlu mirasa sahip \u00e7\u0131kmakt\u0131r.&#8221; <\/p>\n","protected":false},"excerpt":{"rendered":"<p>Peygamberimiz Hz. Muhammed (sallallahu aleyhi ve sellem) hatr\u0131m\u0131za gelip, bizlere b\u0131rakt\u0131\u011f\u0131 mirasa etti\u011fimiz muamele ve i\u00e7inde bulundu\u011fumuz manzara g\u00f6z\u00fcm\u00fczde canland\u0131\u011f\u0131nda kalbimize bir a\u011fr\u0131 saplanm\u0131yor mu? &#8220;Efendimiz<span class=\"excerpt-hellip\"> [\u2026]<\/span><\/p>\n","protected":false},"featured_media":0,"template":"","meta":{"_monsterinsights_skip_tracking":false,"_monsterinsights_sitenote_active":false,"_monsterinsights_sitenote_note":"","_monsterinsights_sitenote_category":0},"product_brand":[],"product_cat":[12718,12719],"product_tag":[],"class_list":{"0":"post-767104","1":"product","2":"type-product","3":"status-publish","5":"product_cat-din","6":"product_cat-islam","7":"pa_cilt-ciltsiz","8":"pa_tur-kitap","9":"pa_yayinevi-kalem-lugat-yayincilik","10":"pa_yazar-zubeyt-bozkurt","12":"first","13":"instock","14":"sale","15":"shipping-taxable","16":"purchasable","17":"product-type-simple"},"_links":{"self":[{"href":"https:\/\/roveyayinevi.com.tr\/index.php\/wp-json\/wp\/v2\/product\/767104","targetHints":{"allow":["GET"]}}],"collection":[{"href":"https:\/\/roveyayinevi.com.tr\/index.php\/wp-json\/wp\/v2\/product"}],"about":[{"href":"https:\/\/roveyayinevi.com.tr\/index.php\/wp-json\/wp\/v2\/types\/product"}],"wp:attachment":[{"href":"https:\/\/roveyayinevi.com.tr\/index.php\/wp-json\/wp\/v2\/media?parent=767104"}],"wp:term":[{"taxonomy":"product_brand","embeddable":true,"href":"https:\/\/roveyayinevi.com.tr\/index.php\/wp-json\/wp\/v2\/product_brand?post=767104"},{"taxonomy":"product_cat","embeddable":true,"href":"https:\/\/roveyayinevi.com.tr\/index.php\/wp-json\/wp\/v2\/product_cat?post=767104"},{"taxonomy":"product_tag","embeddable":true,"href":"https:\/\/roveyayinevi.com.tr\/index.php\/wp-json\/wp\/v2\/product_tag?post=767104"}],"curies":[{"name":"wp","href":"https:\/\/api.w.org\/{rel}","templated":true}]}}