{"id":767101,"date":"2025-08-28T12:36:57","date_gmt":"2025-08-28T09:36:57","guid":{"rendered":"https:\/\/roveyayinevi.com.tr\/index.php\/urun\/anadoluda-mogol-istilasi\/"},"modified":"2026-04-15T03:32:46","modified_gmt":"2026-04-15T00:32:46","slug":"anadoluda-mogol-istilasi","status":"publish","type":"product","link":"https:\/\/roveyayinevi.com.tr\/index.php\/urun\/anadoluda-mogol-istilasi\/","title":{"rendered":"Anadolu\u2019da Mo\u011fol \u0130stilas\u0131"},"content":{"rendered":"<p>13. y\u00fczy\u0131l\u0131n en b\u00fcy\u00fck g\u00fc\u00e7lerinden biri olan Mo\u011follar, Orta Asya bozk\u0131rlar\u0131ndan ba\u015flayarak Do\u011fu\u2019dan Bat\u0131\u2019ya uzanan b\u00fcy\u00fck bir fetih harek\u00e2t\u0131 ba\u015flatt\u0131lar. Cengiz Han liderli\u011finde 1206 y\u0131l\u0131nda kurulan Mo\u011fol \u0130mparatorlu\u011fu, Asya\u2019n\u0131n b\u00fcy\u00fck bir k\u0131sm\u0131n\u0131 ele ge\u00e7irerek tarihin g\u00f6rd\u00fc\u011f\u00fc en geni\u015f kara imparatorluklar\u0131ndan birini in\u015fa etti. \u00c7in\u2019den Orta Asya\u2019ya, \u0130ran\u2019dan Kafkaslara kadar yay\u0131lan Mo\u011fol ordular\u0131, sadece topraklar\u0131 de\u011fil, halklar\u0131 ve k\u00fclt\u00fcrleri de boyunduruk alt\u0131na ald\u0131. D\u00fcnyan\u0131n d\u00f6rt bir yan\u0131na korku salan bu devasa g\u00fc\u00e7, 1230\u2019lu y\u0131llarda Anadolu\u2019nun kap\u0131lar\u0131na dayand\u0131. \u0130lk olarak Harzem\u015fahlar\u2019\u0131 yenilgiye u\u011fratan Mo\u011follar, 1243 y\u0131l\u0131nda K\u00f6seda\u011f Sava\u015f\u0131 ile T\u00fcrkiye Sel\u00e7uklu Devleti\u2019ni de dize getirdiler. Anadolu, bu b\u00fcy\u00fck imparatorlu\u011fun i\u015fgal politikalar\u0131n\u0131n bir uzant\u0131s\u0131 olarak Mo\u011fol boyunduru\u011funa girdi ve bu s\u00fcre\u00e7, b\u00f6lgenin siyasi, ekonomik ve toplumsal yap\u0131s\u0131n\u0131 derinden etkiledi. Mo\u011follar\u0131n ac\u0131mas\u0131z asker\u00ee g\u00fcc\u00fc ve etkili stratejileri, yaln\u0131zca Anadolu\u2019nun de\u011fil, d\u00f6nemin pek \u00e7ok medeniyetinin kaderini de\u011fi\u015ftirdi. Anadolu\u2019da Mo\u011fol \u0130stilas\u0131, 1243-1277 y\u0131llar\u0131 aras\u0131nda i\u015fgale kar\u015f\u0131 sergilenen farkl\u0131 tepkileri ele al\u0131yor. Devlet adamlar\u0131ndan T\u00fcrkmenlere, Ahilerden Mevlevilere kadar farkl\u0131 kesimlerin, \u00f6zg\u00fcrl\u00fck m\u00fccadelesiyle ya da boyun e\u011fi\u015fiyle dolu hik\u00e2yeleri g\u00fcn y\u00fcz\u00fcne \u00e7\u0131kar\u0131l\u0131yor. Ba\u011f\u0131ms\u0131zl\u0131k i\u00e7in direnenlerin, zul\u00fcm ve zillet kar\u015f\u0131s\u0131nda boyun e\u011fmeyi reddedenlerin y\u00fcrek burkan ama ilham veren m\u00fccadeleleri t\u00fcm detaylar\u0131yla okuyucuya sunuluyor. Anadolu\u2019da Mo\u011fol \u0130stilas\u0131, T\u00fcrkiye Sel\u00e7uklu Devleti\u2019nin \u00e7\u00f6k\u00fc\u015f d\u00f6nemini ve bu d\u00f6nemin ard\u0131nda yatan insan hik\u00e2yelerini derinlemesine analiz ediyor. Yar\u0131m as\u0131rdan fazla devam eden bu ac\u0131 dolu s\u00fcre\u00e7te hem bir devletin y\u0131k\u0131l\u0131\u015f\u0131 hem de \u00f6zg\u00fcrl\u00fck a\u015fk\u0131yla yan\u0131p tutu\u015fanlar\u0131n direni\u015fi g\u00f6zler \u00f6n\u00fcne seriliyor. Tarih, yaln\u0131zca zaferlerle de\u011fil, m\u00fccadelelerle de yaz\u0131l\u0131r. Bu m\u00fccadeleyi anlamak i\u00e7in do\u011fru yerdesiniz. <\/p>\n","protected":false},"excerpt":{"rendered":"<p>13. y\u00fczy\u0131l\u0131n en b\u00fcy\u00fck g\u00fc\u00e7lerinden biri olan Mo\u011follar, Orta Asya bozk\u0131rlar\u0131ndan ba\u015flayarak Do\u011fu\u2019dan Bat\u0131\u2019ya uzanan b\u00fcy\u00fck bir fetih harek\u00e2t\u0131 ba\u015flatt\u0131lar. Cengiz Han liderli\u011finde 1206 y\u0131l\u0131nda kurulan<span class=\"excerpt-hellip\"> [\u2026]<\/span><\/p>\n","protected":false},"featured_media":0,"template":"","meta":{"_monsterinsights_skip_tracking":false,"_monsterinsights_sitenote_active":false,"_monsterinsights_sitenote_note":"","_monsterinsights_sitenote_category":0},"product_brand":[],"product_cat":[12304,13650],"product_tag":[],"class_list":{"0":"post-767101","1":"product","2":"type-product","3":"status-publish","5":"product_cat-tarih","6":"product_cat-turk-tarihi-arastirmalari","7":"pa_cilt-ciltsiz","8":"pa_tur-kitap","9":"pa_yayinevi-kronik-kitap","10":"pa_yazar-oguzhan-cakir","12":"first","13":"instock","14":"sale","15":"shipping-taxable","16":"purchasable","17":"product-type-simple"},"_links":{"self":[{"href":"https:\/\/roveyayinevi.com.tr\/index.php\/wp-json\/wp\/v2\/product\/767101","targetHints":{"allow":["GET"]}}],"collection":[{"href":"https:\/\/roveyayinevi.com.tr\/index.php\/wp-json\/wp\/v2\/product"}],"about":[{"href":"https:\/\/roveyayinevi.com.tr\/index.php\/wp-json\/wp\/v2\/types\/product"}],"wp:attachment":[{"href":"https:\/\/roveyayinevi.com.tr\/index.php\/wp-json\/wp\/v2\/media?parent=767101"}],"wp:term":[{"taxonomy":"product_brand","embeddable":true,"href":"https:\/\/roveyayinevi.com.tr\/index.php\/wp-json\/wp\/v2\/product_brand?post=767101"},{"taxonomy":"product_cat","embeddable":true,"href":"https:\/\/roveyayinevi.com.tr\/index.php\/wp-json\/wp\/v2\/product_cat?post=767101"},{"taxonomy":"product_tag","embeddable":true,"href":"https:\/\/roveyayinevi.com.tr\/index.php\/wp-json\/wp\/v2\/product_tag?post=767101"}],"curies":[{"name":"wp","href":"https:\/\/api.w.org\/{rel}","templated":true}]}}