{"id":767100,"date":"2025-08-28T12:36:56","date_gmt":"2025-08-28T09:36:56","guid":{"rendered":"https:\/\/roveyayinevi.com.tr\/index.php\/urun\/cizgi\/"},"modified":"2026-04-15T03:32:46","modified_gmt":"2026-04-15T00:32:46","slug":"cizgi","status":"publish","type":"product","link":"https:\/\/roveyayinevi.com.tr\/index.php\/urun\/cizgi\/","title":{"rendered":"\u00c7izgi"},"content":{"rendered":"<p>Allah\u2019u Te\u00e2l\u00e2\u2019n\u0131n verdi\u011fi nimeti, O\u2019nun sevdi\u011fi yerde harcamak \u015f\u00fck\u00fcr; sevmedi\u011fi yerde kullanmak ise k\u00fcfran-\u0131 nimettir. Belaya \u015f\u00fckretmek laz\u0131md\u0131r. \u00c7\u00fcnk\u00fc k\u00fcf\u00fcr ve g\u00fcnahlardan ba\u015fka bela yoktur ki, i\u00e7inde senin bilmedi\u011fin bir iyilik olmas\u0131n! Sab\u0131r insana mahsustur. Hayvanlarda sab\u0131r yoktur.  Meleklerin ise sabra ihtiyac\u0131 yoktur. Allah\u2019u Te\u00e2l\u00e2\u2019n\u0131n her yapt\u0131\u011f\u0131m\u0131z\u0131, her d\u00fc\u015f\u00fcnd\u00fc\u011f\u00fcm\u00fcz\u00fc bildi\u011fini unutmamal\u0131y\u0131z. \u0130nsanlar birbirinin d\u0131\u015f\u0131n\u0131 g\u00f6r\u00fcr. Allah\u2019u Te\u00e2l\u00e2 ise, hem d\u0131\u015f\u0131n\u0131, hem i\u00e7ini g\u00f6r\u00fcr. Bunu bilen bir kimsenin i\u015fleri ve d\u00fc\u015f\u00fcnceleri edepli olur. Akl\u0131 olan kimse nefsine demelidir ki; Benim sermayem, yaln\u0131z \u00f6mr\u00fcmd\u00fcr. Ba\u015fka bir \u015feyim yoktur. Yar\u0131n \u00f6lecekmi\u015f gibi b\u00fct\u00fcn azalar\u0131n\u0131 haramdan koru. Ey nefsim, sonra t\u00f6vbe ederim ve iyi \u015feyler yapar\u0131m, diyorsan, \u00f6l\u00fcm daha \u00f6nce gelebilir, pi\u015fman olup kal\u0131rs\u0131n. Yar\u0131n t\u00f6vbe etmeyi bug\u00fcn t\u00f6vbe etmekten kolay san\u0131yorsan, aldan\u0131yorsun. Nimeti g\u00f6ndereni unutma, getireni de ihmal etme. Takva \u00e7ok secdeden \u00f6t\u00fcr\u00fc al\u0131nda iz b\u0131rakma veya oru\u00e7 tutmaktan sararma veya secde ve r\u00fckudan belin b\u00fck\u00fclme hali de\u011fildir. E\u011filen boyunda veya sark\u0131t\u0131lan eteklerde takva aranmaz. Takva kalplerdeki vera halidir. Ahmakl\u0131kta en ileri gitmi\u015f olan kimse, nefsinin faziletlerine en \u00e7ok inanan kimsedir. Ak\u0131lda en ileri olan kimseler ise nefsini en \u00e7ok itham edenlerdir. <\/p>\n","protected":false},"excerpt":{"rendered":"<p>Allah\u2019u Te\u00e2l\u00e2\u2019n\u0131n verdi\u011fi nimeti, O\u2019nun sevdi\u011fi yerde harcamak \u015f\u00fck\u00fcr; sevmedi\u011fi yerde kullanmak ise k\u00fcfran-\u0131 nimettir. Belaya \u015f\u00fckretmek laz\u0131md\u0131r. \u00c7\u00fcnk\u00fc k\u00fcf\u00fcr ve g\u00fcnahlardan ba\u015fka bela yoktur ki,<span class=\"excerpt-hellip\"> [\u2026]<\/span><\/p>\n","protected":false},"featured_media":0,"template":"","meta":{"_monsterinsights_skip_tracking":false,"_monsterinsights_sitenote_active":false,"_monsterinsights_sitenote_note":"","_monsterinsights_sitenote_category":0},"product_brand":[],"product_cat":[12718,12719],"product_tag":[],"class_list":{"0":"post-767100","1":"product","2":"type-product","3":"status-publish","5":"product_cat-din","6":"product_cat-islam","7":"pa_cilt-ciltsiz","8":"pa_tur-kitap","9":"pa_yayinevi-kalem-lugat-yayincilik","10":"pa_yazar-zubeyt-bozkurt","12":"first","13":"instock","14":"sale","15":"shipping-taxable","16":"purchasable","17":"product-type-simple"},"_links":{"self":[{"href":"https:\/\/roveyayinevi.com.tr\/index.php\/wp-json\/wp\/v2\/product\/767100","targetHints":{"allow":["GET"]}}],"collection":[{"href":"https:\/\/roveyayinevi.com.tr\/index.php\/wp-json\/wp\/v2\/product"}],"about":[{"href":"https:\/\/roveyayinevi.com.tr\/index.php\/wp-json\/wp\/v2\/types\/product"}],"wp:attachment":[{"href":"https:\/\/roveyayinevi.com.tr\/index.php\/wp-json\/wp\/v2\/media?parent=767100"}],"wp:term":[{"taxonomy":"product_brand","embeddable":true,"href":"https:\/\/roveyayinevi.com.tr\/index.php\/wp-json\/wp\/v2\/product_brand?post=767100"},{"taxonomy":"product_cat","embeddable":true,"href":"https:\/\/roveyayinevi.com.tr\/index.php\/wp-json\/wp\/v2\/product_cat?post=767100"},{"taxonomy":"product_tag","embeddable":true,"href":"https:\/\/roveyayinevi.com.tr\/index.php\/wp-json\/wp\/v2\/product_tag?post=767100"}],"curies":[{"name":"wp","href":"https:\/\/api.w.org\/{rel}","templated":true}]}}