{"id":767097,"date":"2025-08-28T12:36:52","date_gmt":"2025-08-28T09:36:52","guid":{"rendered":"https:\/\/roveyayinevi.com.tr\/index.php\/urun\/batinin-afrika-talani\/"},"modified":"2026-04-15T03:32:46","modified_gmt":"2026-04-15T00:32:46","slug":"batinin-afrika-talani","status":"publish","type":"product","link":"https:\/\/roveyayinevi.com.tr\/index.php\/urun\/batinin-afrika-talani\/","title":{"rendered":"Bat\u0131\u2019n\u0131n Afrika Talan\u0131"},"content":{"rendered":"<p>Afrika Tarihinde S\u00f6m\u00fcrgecilik ve Soyk\u0131r\u0131mlar Afrika topraklar\u0131\u2026 Binlerce y\u0131l boyunca bilgeli\u011fi, k\u00fclt\u00fcrel zenginli\u011fi ve do\u011fas\u0131n\u0131n e\u015fsiz c\u00f6mertli\u011fiyle insanl\u0131\u011fa \u0131\u015f\u0131k tutan bir k\u0131ta. Ancak Bat\u0131, bu e\u015fsiz co\u011frafyaya &#8220;medeniyet&#8221; getirdi\u011fini iddia ederken, asl\u0131nda s\u00f6m\u00fcrgecili\u011fin en karanl\u0131k y\u00fcz\u00fcn\u00fc dayatt\u0131. Yaln\u0131zca topraklar\u0131 de\u011fil, halklar\u0131n onurunu, k\u00fclt\u00fcrlerini ve ge\u00e7mi\u015flerini de talan etti. Bat\u0131\u2019n\u0131n Afrika Talan\u0131, Cape Town\u2019dan Mombasa\u2019ya, Lagos\u2019tan Nairobi\u2019ye uzanan bir direni\u015f ve y\u0131k\u0131m hik\u00e2yesi. Bar\u0131\u015f i\u00e7inde ya\u015fayan k\u00f6yler, Bat\u0131\u2019n\u0131n a\u00e7g\u00f6zl\u00fc imparatorluk projelerinin kurban\u0131 oldu. Milyonlarca insan k\u00f6lele\u015ftirildi, kimliklerinden kopar\u0131ld\u0131, tarihleri ya yok edildi ya da kazananlar\u0131n anlatt\u0131\u011f\u0131 \u015fekliyle yeniden yaz\u0131ld\u0131. Ama bu hik\u00e2ye sadece bir kay\u0131p ve y\u0131k\u0131m \u00f6yk\u00fcs\u00fc de\u011fil. Afrika, ruhunu asla teslim etmedi. Zorbal\u0131\u011fa, a\u00e7g\u00f6zl\u00fcl\u00fc\u011fe ve zulme kar\u015f\u0131 direni\u015f, topra\u011f\u0131n derinliklerinden yank\u0131lanan sessiz bir hayk\u0131r\u0131\u015f gibi daima var oldu. Zincirler, insanlar\u0131 boyunduruk alt\u0131na alabilirdi ama ruhlar\u0131n\u0131 asla. Bat\u0131\u2019n\u0131n Afrika Talan\u0131, bir k\u0131tan\u0131n yitip gitmeyen umudu, \u00e7al\u0131nan bir tarihin yeniden yaz\u0131ld\u0131\u011f\u0131 ve kaybolan bir kimli\u011fin yeniden do\u011fu\u015f hik\u00e2yesidir. Afrika\u2019y\u0131 anlamak, yaln\u0131zca s\u00f6m\u00fcrgecili\u011fi de\u011fil, direni\u015fi de anlamakt\u0131r. Halim Gen\u00e7o\u011flu, y\u0131llar\u0131n birikimiyle kaleme ald\u0131\u011f\u0131 bu eserde, Bat\u0131&#8217;n\u0131n Afrika \u00fczerindeki b\u00fcy\u00fck talan\u0131n\u0131, s\u00f6m\u00fcrgecili\u011fin y\u0131k\u0131c\u0131 etkilerini ve halklar\u0131n benzersiz direni\u015flerini \u00e7arp\u0131c\u0131 detaylarla g\u00f6zler \u00f6n\u00fcne seriyor. Bat\u0131\u2019n\u0131n Afrika Talan\u0131, Afrika\u2019n\u0131n kan ve g\u00f6zya\u015f\u0131yla yaz\u0131lan tarihi kadar, k\u00fcllerinden yeniden do\u011fan bir k\u0131tan\u0131n gurur hik\u00e2yesine de tan\u0131kl\u0131k ediyor. Ger\u00e7ekleri \u00f6\u011frenmeye cesaretiniz var m\u0131?<\/p>\n","protected":false},"excerpt":{"rendered":"<p>Afrika Tarihinde S\u00f6m\u00fcrgecilik ve Soyk\u0131r\u0131mlar Afrika topraklar\u0131\u2026 Binlerce y\u0131l boyunca bilgeli\u011fi, k\u00fclt\u00fcrel zenginli\u011fi ve do\u011fas\u0131n\u0131n e\u015fsiz c\u00f6mertli\u011fiyle insanl\u0131\u011fa \u0131\u015f\u0131k tutan bir k\u0131ta. Ancak Bat\u0131, bu e\u015fsiz<span class=\"excerpt-hellip\"> [\u2026]<\/span><\/p>\n","protected":false},"featured_media":0,"template":"","meta":{"_monsterinsights_skip_tracking":false,"_monsterinsights_sitenote_active":false,"_monsterinsights_sitenote_note":"","_monsterinsights_sitenote_category":0},"product_brand":[],"product_cat":[12305,12304],"product_tag":[],"class_list":{"0":"post-767097","1":"product","2":"type-product","3":"status-publish","5":"product_cat-dunya-tarihi","6":"product_cat-tarih","7":"pa_cilt-ciltsiz","8":"pa_tur-kitap","9":"pa_yayinevi-kronik-kitap","10":"pa_yazar-halim-gencoglu","12":"first","13":"instock","14":"sale","15":"shipping-taxable","16":"purchasable","17":"product-type-simple"},"_links":{"self":[{"href":"https:\/\/roveyayinevi.com.tr\/index.php\/wp-json\/wp\/v2\/product\/767097","targetHints":{"allow":["GET"]}}],"collection":[{"href":"https:\/\/roveyayinevi.com.tr\/index.php\/wp-json\/wp\/v2\/product"}],"about":[{"href":"https:\/\/roveyayinevi.com.tr\/index.php\/wp-json\/wp\/v2\/types\/product"}],"wp:attachment":[{"href":"https:\/\/roveyayinevi.com.tr\/index.php\/wp-json\/wp\/v2\/media?parent=767097"}],"wp:term":[{"taxonomy":"product_brand","embeddable":true,"href":"https:\/\/roveyayinevi.com.tr\/index.php\/wp-json\/wp\/v2\/product_brand?post=767097"},{"taxonomy":"product_cat","embeddable":true,"href":"https:\/\/roveyayinevi.com.tr\/index.php\/wp-json\/wp\/v2\/product_cat?post=767097"},{"taxonomy":"product_tag","embeddable":true,"href":"https:\/\/roveyayinevi.com.tr\/index.php\/wp-json\/wp\/v2\/product_tag?post=767097"}],"curies":[{"name":"wp","href":"https:\/\/api.w.org\/{rel}","templated":true}]}}