{"id":767096,"date":"2025-08-28T12:36:51","date_gmt":"2025-08-28T09:36:51","guid":{"rendered":"https:\/\/roveyayinevi.com.tr\/index.php\/urun\/onun-adiyla\/"},"modified":"2026-04-15T03:32:46","modified_gmt":"2026-04-15T00:32:46","slug":"onun-adiyla","status":"publish","type":"product","link":"https:\/\/roveyayinevi.com.tr\/index.php\/urun\/onun-adiyla\/","title":{"rendered":"O&#8217;nun Ad\u0131yla"},"content":{"rendered":"<p>\u0130nsan yakla\u015f\u0131k 60-80 y\u0131ll\u0131k bir s\u00fcrenin ard\u0131ndan terk edece\u011fi d\u00fcnya hayat\u0131n\u0131n her an\u0131nda denemeden ge\u00e7irilmektedir. \u00d6l\u00fcm\u00fcn\u00fcn ard\u0131ndan, hayat\u0131 boyunca s\u00f6yledi\u011fi her s\u00f6z\u00fcn, yapt\u0131\u011f\u0131 her hareketin, ald\u0131\u011f\u0131 her karar\u0131n, do\u011frular\u0131n\u0131n ve yanl\u0131\u015flar\u0131n\u0131n hesab\u0131n\u0131 verecek, daha sonra da sonsuz ahiret hayat\u0131na ba\u015flayacakt\u0131r. Hesap g\u00fcn\u00fcnde hi\u00e7bir \u015fey eksik b\u0131rak\u0131lmayacak, k\u00fc\u00e7\u00fck ya da b\u00fcy\u00fck yap\u0131lan her\u015fey ortaya \u00e7\u0131kar\u0131lacak, hi\u00e7 kimse haks\u0131zl\u0131\u011fa u\u011frat\u0131lmayacakt\u0131r. O g\u00fcn geldi\u011finde peygamberlerin, do\u011frular\u0131n, salihlerin, samimiyetle kendilerini Allah&#8217;a teslim eden iman sahiplerinin, Allah&#8217;tan korkanlar\u0131n, Allah&#8217;\u0131n s\u0131n\u0131rlar\u0131n\u0131 titizlikle koruyanlar\u0131n, Allah&#8217;\u0131n r\u0131zas\u0131n\u0131, rahmetini ve cennetini umut edenlerin yolunu se\u00e7enler sonsuz cennet yurduyla sevineceklerdir. <\/p>\n","protected":false},"excerpt":{"rendered":"<p>\u0130nsan yakla\u015f\u0131k 60-80 y\u0131ll\u0131k bir s\u00fcrenin ard\u0131ndan terk edece\u011fi d\u00fcnya hayat\u0131n\u0131n her an\u0131nda denemeden ge\u00e7irilmektedir. \u00d6l\u00fcm\u00fcn\u00fcn ard\u0131ndan, hayat\u0131 boyunca s\u00f6yledi\u011fi her s\u00f6z\u00fcn, yapt\u0131\u011f\u0131 her hareketin, ald\u0131\u011f\u0131<span class=\"excerpt-hellip\"> [\u2026]<\/span><\/p>\n","protected":false},"featured_media":0,"template":"","meta":{"_monsterinsights_skip_tracking":false,"_monsterinsights_sitenote_active":false,"_monsterinsights_sitenote_note":"","_monsterinsights_sitenote_category":0},"product_brand":[],"product_cat":[12718],"product_tag":[],"class_list":{"0":"post-767096","1":"product","2":"type-product","3":"status-publish","5":"product_cat-din","6":"pa_cilt-ciltsiz","7":"pa_tur-kitap","8":"pa_yayinevi-kalem-lugat-yayincilik","9":"pa_yazar-zubeyt-bozkurt","11":"first","12":"instock","13":"sale","14":"shipping-taxable","15":"purchasable","16":"product-type-simple"},"_links":{"self":[{"href":"https:\/\/roveyayinevi.com.tr\/index.php\/wp-json\/wp\/v2\/product\/767096","targetHints":{"allow":["GET"]}}],"collection":[{"href":"https:\/\/roveyayinevi.com.tr\/index.php\/wp-json\/wp\/v2\/product"}],"about":[{"href":"https:\/\/roveyayinevi.com.tr\/index.php\/wp-json\/wp\/v2\/types\/product"}],"wp:attachment":[{"href":"https:\/\/roveyayinevi.com.tr\/index.php\/wp-json\/wp\/v2\/media?parent=767096"}],"wp:term":[{"taxonomy":"product_brand","embeddable":true,"href":"https:\/\/roveyayinevi.com.tr\/index.php\/wp-json\/wp\/v2\/product_brand?post=767096"},{"taxonomy":"product_cat","embeddable":true,"href":"https:\/\/roveyayinevi.com.tr\/index.php\/wp-json\/wp\/v2\/product_cat?post=767096"},{"taxonomy":"product_tag","embeddable":true,"href":"https:\/\/roveyayinevi.com.tr\/index.php\/wp-json\/wp\/v2\/product_tag?post=767096"}],"curies":[{"name":"wp","href":"https:\/\/api.w.org\/{rel}","templated":true}]}}