{"id":767095,"date":"2025-08-28T12:36:50","date_gmt":"2025-08-28T09:36:50","guid":{"rendered":"https:\/\/roveyayinevi.com.tr\/index.php\/urun\/cocuk-davamiz-2\/"},"modified":"2026-04-15T03:32:46","modified_gmt":"2026-04-15T00:32:46","slug":"cocuk-davamiz-2","status":"publish","type":"product","link":"https:\/\/roveyayinevi.com.tr\/index.php\/urun\/cocuk-davamiz-2\/","title":{"rendered":"\u00c7ocuk Davam\u0131z"},"content":{"rendered":"<p>\u201c\u00d6l\u00fcme mahk\u00fbm binlerce T\u00fcrk \u00e7ocu\u011funu kurtarmak ve onlar\u0131 istedi\u011fim tarzda hayat m\u00fccadelesine haz\u0131rlayabilmek muvaffakiyetini de tatmak bahtiyarl\u0131\u011f\u0131na kavu\u015fmu\u015f bir insan s\u0131fat\u0131yla \u2018\u00c7ocuk Davas\u0131\u2019 benim en zevkli u\u011fra\u015fma mevzuumdur.\u201d K\u00e2z\u0131m Karabekir *** T\u00fcrk asker\u00ee ve siyasi tarihinin unutulmaz \u015fahsiyetlerinden biri olan K\u00e2z\u0131m Karabekir\u2019e dair serimiz, yine kendisinin kaleme ald\u0131\u011f\u0131 kaynak bir eserle devam ediyor. *** K\u00e2z\u0131m Karabekir sava\u015f\u0131n en ac\u0131mas\u0131z \u015fartlar\u0131nda bile insan\u0131 ve \u00f6zellikle de \u00e7ocuklar\u0131 ya\u015fatmak i\u00e7in b\u00fcy\u00fck gayret g\u00f6stermi\u015ftir. Bu y\u00f6n\u00fc ile \u201c\u015eark Fatihi\u201d unvan\u0131n\u0131n yan\u0131nda \u201cYetimler Babas\u0131\u201d olarak da tan\u0131nmaktad\u0131r. Do\u011fu Anadolu\u2019da g\u00f6rev yapt\u0131\u011f\u0131 s\u00fcre\u00e7te Karabekir kimsesiz \u00e7ocuklar\u0131n durumu ile en az asker\u00ee ve politik meseleler kadar me\u015fgul olmu\u015f, peri\u015fan h\u00e2le gelen bu \u00e7ocuklar\u0131 kurdu\u011fu bak\u0131m merkezlerine ald\u0131rm\u0131\u015ft\u0131r. B\u00f6ylelikle bir taraftan onlar\u0131n ia\u015fe ve ibateleri ile ilgilenilirken di\u011fer taraftan da \u00e7ok kaliteli bir e\u011fitim-\u00f6\u011fretim program\u0131 ile \u00fclkelerine fayda sa\u011flayabilecek bireyler olmalar\u0131 sa\u011flanm\u0131\u015ft\u0131r. Asker\u00ee tarih\u00e7i \u2013 yazar Dr. Erhan \u00c7ifci\u2019nin titizlikle yay\u0131na haz\u0131rlad\u0131\u011f\u0131 ve \u00e7ok say\u0131daki dipnot bilgisiyle zenginle\u015ftirdi\u011fi \u201c\u00c7ocuk Davam\u0131z\u201d, K\u00e2z\u0131m Karabekir\u2019in himayesine ald\u0131\u011f\u0131 iki bini k\u0131z, alt\u0131 bin \u00e7ocu\u011fun e\u015fsiz hik\u00e2yesidir. Bu hik\u00e2yede okuyucular k\u00fcllerinden do\u011fan bir \u00fclkenin kimsesiz \u00e7ocuklar\u0131n\u0131 koruma, kollama ve topluma kazand\u0131rma \u00e7abalar\u0131na yak\u0131ndan tan\u0131k olacaklard\u0131r. <\/p>\n","protected":false},"excerpt":{"rendered":"<p>\u201c\u00d6l\u00fcme mahk\u00fbm binlerce T\u00fcrk \u00e7ocu\u011funu kurtarmak ve onlar\u0131 istedi\u011fim tarzda hayat m\u00fccadelesine haz\u0131rlayabilmek muvaffakiyetini de tatmak bahtiyarl\u0131\u011f\u0131na kavu\u015fmu\u015f bir insan s\u0131fat\u0131yla \u2018\u00c7ocuk Davas\u0131\u2019 benim en zevkli<span class=\"excerpt-hellip\"> [\u2026]<\/span><\/p>\n","protected":false},"featured_media":0,"template":"","meta":{"_monsterinsights_skip_tracking":false,"_monsterinsights_sitenote_active":false,"_monsterinsights_sitenote_note":"","_monsterinsights_sitenote_category":0},"product_brand":[],"product_cat":[12304,13650],"product_tag":[],"class_list":{"0":"post-767095","1":"product","2":"type-product","3":"status-publish","5":"product_cat-tarih","6":"product_cat-turk-tarihi-arastirmalari","7":"pa_cilt-ciltsiz","8":"pa_tur-kitap","9":"pa_yayinevi-kronik-kitap","10":"pa_yazar-kazim-karabekir","12":"first","13":"instock","14":"sale","15":"shipping-taxable","16":"purchasable","17":"product-type-simple"},"_links":{"self":[{"href":"https:\/\/roveyayinevi.com.tr\/index.php\/wp-json\/wp\/v2\/product\/767095","targetHints":{"allow":["GET"]}}],"collection":[{"href":"https:\/\/roveyayinevi.com.tr\/index.php\/wp-json\/wp\/v2\/product"}],"about":[{"href":"https:\/\/roveyayinevi.com.tr\/index.php\/wp-json\/wp\/v2\/types\/product"}],"wp:attachment":[{"href":"https:\/\/roveyayinevi.com.tr\/index.php\/wp-json\/wp\/v2\/media?parent=767095"}],"wp:term":[{"taxonomy":"product_brand","embeddable":true,"href":"https:\/\/roveyayinevi.com.tr\/index.php\/wp-json\/wp\/v2\/product_brand?post=767095"},{"taxonomy":"product_cat","embeddable":true,"href":"https:\/\/roveyayinevi.com.tr\/index.php\/wp-json\/wp\/v2\/product_cat?post=767095"},{"taxonomy":"product_tag","embeddable":true,"href":"https:\/\/roveyayinevi.com.tr\/index.php\/wp-json\/wp\/v2\/product_tag?post=767095"}],"curies":[{"name":"wp","href":"https:\/\/api.w.org\/{rel}","templated":true}]}}