{"id":767094,"date":"2025-08-28T12:36:49","date_gmt":"2025-08-28T09:36:49","guid":{"rendered":"https:\/\/roveyayinevi.com.tr\/index.php\/urun\/resullerimiz-diyor-ki\/"},"modified":"2026-04-15T03:32:46","modified_gmt":"2026-04-15T00:32:46","slug":"resullerimiz-diyor-ki","status":"publish","type":"product","link":"https:\/\/roveyayinevi.com.tr\/index.php\/urun\/resullerimiz-diyor-ki\/","title":{"rendered":"Resullerimiz Diyor ki"},"content":{"rendered":"<p>B\u00fct\u00fcn resuller insanlar\u0131 hak dine ve en do\u011fru yola \u00e7a\u011f\u0131rm\u0131\u015flard\u0131r. Bu \u00e7a\u011fr\u0131 onlar\u0131n \u00fcmmetleri i\u00e7in ge\u00e7erli oldu\u011fu gibi, bizim i\u00e7in de ge\u00e7erlidir. Hepsinin davet etti\u011fi temel imani ve ahlaki ger\u00e7ekler, sergiledikleri \u00fcst\u00fcn karakter \u00f6zellikleri, her devir i\u00e7in, dolay\u0131s\u0131yla bizler i\u00e7in de uyulmas\u0131 ve \u00f6rnek al\u0131nmas\u0131 gereken konulard\u0131r. Resullerin hayatlar\u0131 ve m\u00fccadeleleri, d\u00fc\u015f\u00fcnen ve \u00f6\u011f\u00fct almas\u0131n\u0131 bilen m\u00fcminler i\u00e7in ibretlerle doludur. Bu kitapta, resullerin tebli\u011f konular\u0131, kulland\u0131klar\u0131 ikna y\u00f6ntemleri ve daha bir\u00e7ok \u00f6zellikleri ayr\u0131nt\u0131l\u0131 olarak anlat\u0131l\u0131r. <\/p>\n","protected":false},"excerpt":{"rendered":"<p>B\u00fct\u00fcn resuller insanlar\u0131 hak dine ve en do\u011fru yola \u00e7a\u011f\u0131rm\u0131\u015flard\u0131r. Bu \u00e7a\u011fr\u0131 onlar\u0131n \u00fcmmetleri i\u00e7in ge\u00e7erli oldu\u011fu gibi, bizim i\u00e7in de ge\u00e7erlidir. Hepsinin davet etti\u011fi temel<span class=\"excerpt-hellip\"> [\u2026]<\/span><\/p>\n","protected":false},"featured_media":0,"template":"","meta":{"_monsterinsights_skip_tracking":false,"_monsterinsights_sitenote_active":false,"_monsterinsights_sitenote_note":"","_monsterinsights_sitenote_category":0},"product_brand":[],"product_cat":[12718,12719],"product_tag":[],"class_list":{"0":"post-767094","1":"product","2":"type-product","3":"status-publish","5":"product_cat-din","6":"product_cat-islam","7":"pa_cilt-ciltsiz","8":"pa_tur-kitap","9":"pa_yayinevi-kalem-lugat-yayincilik","10":"pa_yazar-zubeyt-bozkurt","12":"first","13":"instock","14":"sale","15":"shipping-taxable","16":"purchasable","17":"product-type-simple"},"_links":{"self":[{"href":"https:\/\/roveyayinevi.com.tr\/index.php\/wp-json\/wp\/v2\/product\/767094","targetHints":{"allow":["GET"]}}],"collection":[{"href":"https:\/\/roveyayinevi.com.tr\/index.php\/wp-json\/wp\/v2\/product"}],"about":[{"href":"https:\/\/roveyayinevi.com.tr\/index.php\/wp-json\/wp\/v2\/types\/product"}],"wp:attachment":[{"href":"https:\/\/roveyayinevi.com.tr\/index.php\/wp-json\/wp\/v2\/media?parent=767094"}],"wp:term":[{"taxonomy":"product_brand","embeddable":true,"href":"https:\/\/roveyayinevi.com.tr\/index.php\/wp-json\/wp\/v2\/product_brand?post=767094"},{"taxonomy":"product_cat","embeddable":true,"href":"https:\/\/roveyayinevi.com.tr\/index.php\/wp-json\/wp\/v2\/product_cat?post=767094"},{"taxonomy":"product_tag","embeddable":true,"href":"https:\/\/roveyayinevi.com.tr\/index.php\/wp-json\/wp\/v2\/product_tag?post=767094"}],"curies":[{"name":"wp","href":"https:\/\/api.w.org\/{rel}","templated":true}]}}