{"id":767093,"date":"2025-08-28T12:36:48","date_gmt":"2025-08-28T09:36:48","guid":{"rendered":"https:\/\/roveyayinevi.com.tr\/index.php\/urun\/kisa-bosna-tarihi\/"},"modified":"2026-04-15T03:32:46","modified_gmt":"2026-04-15T00:32:46","slug":"kisa-bosna-tarihi","status":"publish","type":"product","link":"https:\/\/roveyayinevi.com.tr\/index.php\/urun\/kisa-bosna-tarihi\/","title":{"rendered":"K\u0131sa Bosna Tarihi"},"content":{"rendered":"<p>BALKANLARIN KALB\u0130 BOSNA \u201cUluslararas\u0131 \u00fcne sahip Balkan tarih\u00e7isi Cathie Carmichael\u2019in bu ak\u0131c\u0131 kitab\u0131, yazar\u0131n yirmi y\u0131ll\u0131k ara\u015ft\u0131rmas\u0131na ve b\u00f6lgeyle olan ili\u015fkisine dayan\u0131yor. K\u0131sa Bosna Tarihi, \u00fclkenin zengin ve dinamik tarihine, k\u00fclt\u00fcr\u00fcne ve insanlar\u0131na ilgi duyan herkes i\u00e7in vazge\u00e7ilmez bir kitap.\u201d -Ivana Ma\u010dek, Stockholm \u00dcniversitesi  Da\u011flar\u0131n sert manzaras\u0131yla vadilerin bereketini birle\u015ftiren, k\u00fclt\u00fcrlerin, dinlerin ve imparatorluklar\u0131n bulu\u015fma noktas\u0131 olan Bosna, tarih boyunca hem co\u011frafi hem de siyasi s\u0131n\u0131rlar\u0131n \u015fekillendirdi\u011fi bir \u00fclke oldu. Sava\u015f\u0131n y\u0131k\u0131m\u0131yla sanat\u0131n zarafetini harmanlayan bu topraklar, Avrupa\u2019n\u0131n en \u00e7alkant\u0131l\u0131 olaylar\u0131na ev sahipli\u011fi yapt\u0131. Cathie Carmichael, Bosna\u2019n\u0131n tarihini de\u011fi\u015ftiren ba\u015fl\u0131ca siyasi, sosyal ve k\u00fclt\u00fcrel geli\u015fmeleri inceliyor. Osmanl\u0131 y\u00f6netiminde din\u00ee \u00e7o\u011fulculu\u011fun ortaya \u00e7\u0131k\u0131\u015f\u0131n\u0131, Avusturya-Macaristan \u0130mparatorlu\u011fu\u2019nun etkilerini ve Yugoslavya idaresi alt\u0131ndaki de\u011fi\u015fimi ustal\u0131kla ele al\u0131yor. 1990\u2019l\u0131 y\u0131llar\u0131n trajik Bosna Sava\u015f\u0131 ve insanl\u0131k tarihine kara bir leke olarak ge\u00e7en Srebrenica soyk\u0131r\u0131m\u0131, Carmichael\u2019in eserinde detayl\u0131 ve hassas bir \u015fekilde irdeleniyor. Bosna\u2019n\u0131n etnik ve k\u00fclt\u00fcrel \u00e7e\u015fitlili\u011fiyle bar\u0131\u015f ve \u00e7at\u0131\u015fma aras\u0131nda gidip gelen tarihini bir araya getiren Carmichael, bu b\u00f6lgenin zengin miras\u0131n\u0131 ve sanc\u0131l\u0131 ge\u00e7mi\u015fini anlamak i\u00e7in okuyuculara kapsaml\u0131 bir rehber sunuyor. Cambridge University Press taraf\u0131ndan yay\u0131mlanan ve Kronik Kitap K\u0131sa Tarih Dizisi\u2019nin yeni \u00fcyesi K\u0131sa Bosna Tarihi, yaln\u0131zca \u00f6\u011frenciler ve akademisyenler i\u00e7in de\u011fil, bu e\u015fsiz b\u00f6lgenin tarihine derinlemesine bir bak\u0131\u015f atmak isteyen herkes i\u00e7in de temel bir ba\u015fvuru kayna\u011f\u0131 olacak.<\/p>\n","protected":false},"excerpt":{"rendered":"<p>BALKANLARIN KALB\u0130 BOSNA \u201cUluslararas\u0131 \u00fcne sahip Balkan tarih\u00e7isi Cathie Carmichael\u2019in bu ak\u0131c\u0131 kitab\u0131, yazar\u0131n yirmi y\u0131ll\u0131k ara\u015ft\u0131rmas\u0131na ve b\u00f6lgeyle olan ili\u015fkisine dayan\u0131yor. K\u0131sa Bosna Tarihi, \u00fclkenin<span class=\"excerpt-hellip\"> [\u2026]<\/span><\/p>\n","protected":false},"featured_media":0,"template":"","meta":{"_monsterinsights_skip_tracking":false,"_monsterinsights_sitenote_active":false,"_monsterinsights_sitenote_note":"","_monsterinsights_sitenote_category":0},"product_brand":[],"product_cat":[12370,12304],"product_tag":[],"class_list":{"0":"post-767093","1":"product","2":"type-product","3":"status-publish","5":"product_cat-arastirma-inceleme","6":"product_cat-tarih","7":"pa_cilt-ciltsiz","8":"pa_tur-kitap","9":"pa_yayinevi-kronik-kitap","10":"pa_yazar-cathie-carmichael","12":"first","13":"instock","14":"sale","15":"shipping-taxable","16":"purchasable","17":"product-type-simple"},"_links":{"self":[{"href":"https:\/\/roveyayinevi.com.tr\/index.php\/wp-json\/wp\/v2\/product\/767093","targetHints":{"allow":["GET"]}}],"collection":[{"href":"https:\/\/roveyayinevi.com.tr\/index.php\/wp-json\/wp\/v2\/product"}],"about":[{"href":"https:\/\/roveyayinevi.com.tr\/index.php\/wp-json\/wp\/v2\/types\/product"}],"wp:attachment":[{"href":"https:\/\/roveyayinevi.com.tr\/index.php\/wp-json\/wp\/v2\/media?parent=767093"}],"wp:term":[{"taxonomy":"product_brand","embeddable":true,"href":"https:\/\/roveyayinevi.com.tr\/index.php\/wp-json\/wp\/v2\/product_brand?post=767093"},{"taxonomy":"product_cat","embeddable":true,"href":"https:\/\/roveyayinevi.com.tr\/index.php\/wp-json\/wp\/v2\/product_cat?post=767093"},{"taxonomy":"product_tag","embeddable":true,"href":"https:\/\/roveyayinevi.com.tr\/index.php\/wp-json\/wp\/v2\/product_tag?post=767093"}],"curies":[{"name":"wp","href":"https:\/\/api.w.org\/{rel}","templated":true}]}}