{"id":767087,"date":"2025-08-28T12:36:40","date_gmt":"2025-08-28T09:36:40","guid":{"rendered":"https:\/\/roveyayinevi.com.tr\/index.php\/urun\/imparatorluktan-cumhuriyete-cilt-1\/"},"modified":"2026-04-06T13:39:27","modified_gmt":"2026-04-06T10:39:27","slug":"imparatorluktan-cumhuriyete-cilt-1","status":"publish","type":"product","link":"https:\/\/roveyayinevi.com.tr\/index.php\/urun\/imparatorluktan-cumhuriyete-cilt-1\/","title":{"rendered":"\u0130mparatorluktan Cumhuriyete Cilt 1"},"content":{"rendered":"<p>\u201cFeroz Ahmad M\u00fcsl\u00fcman Hindistan&#8217;dan T\u00fcrkiye&#8217;ye, Do\u011fu&#8217;nun siyasi yap\u0131s\u0131n\u0131 g\u00f6zlemleyen ve de\u011ferlendiren \u00f6nemli bir tarih\u00e7i olup, \u00f6zellikle II. Me\u015frutiyet ve Modern T\u00fcrkiye \u00fczerine yapt\u0131\u011f\u0131 \u00e7al\u0131\u015fmalar\u0131yla tan\u0131n\u0131r. \u0130ki ayr\u0131 cilt halinde bir araya getirilen makalelerinde Ahmad, T\u00fcrkiye\u2019nin son y\u00fczy\u0131l\u0131nda kar\u015f\u0131la\u015ft\u0131\u011f\u0131 sorunlar\u0131 ele al\u0131yor. Hepsini T\u00fcrkologlar ve T\u00fcrk ayd\u0131nlar\u0131yla birlikte tart\u0131\u015f\u0131yor.\u201d \u0130lber ORTAYLI   Feroz Ahmad J\u00f6n T\u00fcrkler, \u0130ttihat Terakki Cemiyeti, II. Me\u015frutiyet ve Osmanl\u0131\u2019n\u0131n son d\u00f6nemi, yeni kurulan T\u00fcrkiye Cumhuriyeti konular\u0131nda akla gelen ilk gelen tarih\u00e7ilerinden biridir. T\u00fcrk tarihine b\u00fcy\u00fck katk\u0131lar sunan eserleriyle geni\u015f kitlelerin do\u011fru ve objektif bilgi edinebilmesini sa\u011flam\u0131\u015ft\u0131r. Kronik Kitap olarak Feroz Ahmad\u2019in farkl\u0131 zamanlarda Osmanl\u0131\u2019n\u0131n son zamanlar\u0131 ve modern T\u00fcrkiye \u00fczerine makalelerini derleyen \u0130mparatorluktan Cumhuriyete: Osmanl\u0131\u2019n\u0131n Son D\u00f6nemi ve Modern T\u00fcrkiye eserinin ilk cildini T\u00fcrk\u00e7eye kazand\u0131rmaktan mutluluk duyuyoruz. Kitap, T\u00fcrk modernle\u015fmesinin J\u00f6n T\u00fcrklerden T\u00fcrkiye Cumhuriyeti&#8217;ne uzanan, \u00f6nemi bug\u00fcn dahi hissedilen d\u00f6neme odaklan\u0131yor. \u0130ttihat ve Terakki Cemiyeti ile Modern T\u00fcrkiye Cumhuriyet aras\u0131ndaki ili\u015fkilere mercek tutuyor. Yeni bir toplumsal yap\u0131n\u0131n m\u00fchendisleri olarak adland\u0131r\u0131labilecek reformcu ku\u015faklar\u0131n \u00e7al\u0131\u015fmalar\u0131n\u0131n irdeleyen makaleler, T\u00fcrkiye\u2019nin modernle\u015fme yolunu \u015fekillendiren olaylara dikkat \u00e7ekiyor. \u00d6zellikle 1908 devriminden sonraki d\u00f6nemi ele al\u0131yor ve yeni T\u00fcrkiye&#8217;nin olu\u015fum s\u00fcrecini inceliyor. Bu eserinde Feroz Ahmad Osmanl\u0131 \u0130mparatorlu\u011fu\u2019nun kapit\u00fclasyonlara bak\u0131\u015f\u0131, T\u00fcrk d\u0131\u015f politikas\u0131n\u0131n tarihi arka plan\u0131, Kemalist politikan\u0131n seyri, J\u00f6n T\u00fcrkler ile az\u0131nl\u0131klar\u0131n ili\u015fkileri gibi konular yer al\u0131yor. Bunun yan\u0131 s\u0131ra kitapta, Hindistan\u2019da Kemalizm\u2019in nas\u0131l bir yank\u0131 buldu\u011fu, Tro\u00e7ki\u2019nin II. Me\u015frutiyet ve Balkan Sava\u015flar\u0131na bak\u0131\u015f\u0131, T\u00fcrkiye\u2019de i\u015f\u00e7i s\u0131n\u0131f\u0131 bilincinin olu\u015fumu ve di\u011fer bir\u00e7ok ilgi \u00e7ekici konu da bulunuyor. Kitaplardaki metinlerinde Feroz Ahmad bir tarih\u00e7inin ilgi ve oda\u011f\u0131n\u0131n nas\u0131l keskin olmas\u0131 gerekti\u011fini; ar\u015fiv belgelerinden, d\u00f6nem tan\u0131klar\u0131n\u0131n hat\u0131ralar\u0131ndan, gazete ve dergilerden elde edilen verilerin nas\u0131l de\u011ferlendirilerek kullan\u0131laca\u011f\u0131n\u0131 b\u00fcy\u00fck bir kalem maharetiyle g\u00f6steriyor. Yak\u0131n d\u00f6nem T\u00fcrkiye tarihine ilgi duyan herkesin okumas\u0131 gereken \u0130mparatorluktan Cumhuriyete: Osmanl\u0131\u2019n\u0131n Son D\u00f6nemi ve Modern T\u00fcrkiye\u2019nin birinci cildi \u00fclkenin 20. y\u00fczy\u0131l\u0131n ilk yar\u0131s\u0131nda giri\u015fti\u011fi modern bir devlet ve toplum kurma \u00e7abalar\u0131n\u0131 bir\u00e7ok y\u00f6n\u00fcyle g\u00f6zler \u00f6n\u00fcne seriyor. <\/p>\n","protected":false},"excerpt":{"rendered":"<p>\u201cFeroz Ahmad M\u00fcsl\u00fcman Hindistan&#8217;dan T\u00fcrkiye&#8217;ye, Do\u011fu&#8217;nun siyasi yap\u0131s\u0131n\u0131 g\u00f6zlemleyen ve de\u011ferlendiren \u00f6nemli bir tarih\u00e7i olup, \u00f6zellikle II. Me\u015frutiyet ve Modern T\u00fcrkiye \u00fczerine yapt\u0131\u011f\u0131 \u00e7al\u0131\u015fmalar\u0131yla tan\u0131n\u0131r. \u0130ki<span class=\"excerpt-hellip\"> [\u2026]<\/span><\/p>\n","protected":false},"featured_media":0,"template":"","meta":{"_monsterinsights_skip_tracking":false,"_monsterinsights_sitenote_active":false,"_monsterinsights_sitenote_note":"","_monsterinsights_sitenote_category":0},"product_brand":[],"product_cat":[12304,13650],"product_tag":[],"class_list":{"0":"post-767087","1":"product","2":"type-product","3":"status-publish","5":"product_cat-tarih","6":"product_cat-turk-tarihi-arastirmalari","7":"pa_cilt-ciltsiz","8":"pa_tur-kitap","9":"pa_yayinevi-kronik-kitap","10":"pa_yazar-feroz-ahmad","12":"first","13":"instock","14":"sale","15":"shipping-taxable","16":"purchasable","17":"product-type-simple"},"_links":{"self":[{"href":"https:\/\/roveyayinevi.com.tr\/index.php\/wp-json\/wp\/v2\/product\/767087","targetHints":{"allow":["GET"]}}],"collection":[{"href":"https:\/\/roveyayinevi.com.tr\/index.php\/wp-json\/wp\/v2\/product"}],"about":[{"href":"https:\/\/roveyayinevi.com.tr\/index.php\/wp-json\/wp\/v2\/types\/product"}],"wp:attachment":[{"href":"https:\/\/roveyayinevi.com.tr\/index.php\/wp-json\/wp\/v2\/media?parent=767087"}],"wp:term":[{"taxonomy":"product_brand","embeddable":true,"href":"https:\/\/roveyayinevi.com.tr\/index.php\/wp-json\/wp\/v2\/product_brand?post=767087"},{"taxonomy":"product_cat","embeddable":true,"href":"https:\/\/roveyayinevi.com.tr\/index.php\/wp-json\/wp\/v2\/product_cat?post=767087"},{"taxonomy":"product_tag","embeddable":true,"href":"https:\/\/roveyayinevi.com.tr\/index.php\/wp-json\/wp\/v2\/product_tag?post=767087"}],"curies":[{"name":"wp","href":"https:\/\/api.w.org\/{rel}","templated":true}]}}