{"id":767086,"date":"2025-08-28T12:36:39","date_gmt":"2025-08-28T09:36:39","guid":{"rendered":"https:\/\/roveyayinevi.com.tr\/index.php\/urun\/gelin-birlik-olalim\/"},"modified":"2026-04-15T03:32:46","modified_gmt":"2026-04-15T00:32:46","slug":"gelin-birlik-olalim","status":"publish","type":"product","link":"https:\/\/roveyayinevi.com.tr\/index.php\/urun\/gelin-birlik-olalim\/","title":{"rendered":"Gelin Birlik Olal\u0131m"},"content":{"rendered":"<p>D\u00fcnyan\u0131n bar\u0131\u015fa, dostlu\u011fa ve karde\u015fli\u011fe belki de en \u00e7ok ihtiya\u00e7 duydu\u011fu d\u00f6nemlerden birini ya\u015famaktay\u0131z. 20. y\u00fczy\u0131la damgas\u0131n\u0131 vuran \u00e7at\u0131\u015fmalar ve gerilimler, yeni y\u00fczy\u0131lda da t\u00fcm h\u0131z\u0131yla devam ediyor. D\u00fcnyan\u0131n d\u00f6rt bir yan\u0131nda masum insanlar bu \u00e7at\u0131\u015fma ve gerilimlerden dolay\u0131 ac\u0131 \u00e7ekiyor. Dayan\u0131\u015fman\u0131n ve yard\u0131mla\u015fman\u0131n g\u00fc\u00e7lenmesine duyulan acil ihtiyaca ra\u011fmen, baz\u0131 \u00e7evrelerin halen \u00e7at\u0131\u015fmay\u0131, \u00f6zellikle de d\u00fcnyan\u0131n iki b\u00fcy\u00fck ve k\u00f6kl\u00fc medeniyeti aras\u0131nda \u00e7at\u0131\u015fmay\u0131 k\u00f6r\u00fckl\u00fcyor olmalar\u0131, \u00fczerinde durulmas\u0131 gereken \u00f6nemli bir sorundur. Bu ki\u015filerin talep etti\u011fi gibi bir medeniyetler \u00e7at\u0131\u015fmas\u0131 ya\u015fanmas\u0131n\u0131n t\u00fcm insanl\u0131k i\u00e7in b\u00fcy\u00fck bir felakete neden olaca\u011f\u0131 a\u00e7\u0131kt\u0131r. B\u00f6yle bir felaketin engellenmesinin en \u00f6nemli yollar\u0131ndan biri, medeniyetler aras\u0131nda anlay\u0131\u015f\u0131n ve i\u015f birli\u011finin g\u00fc\u00e7lendirilmesidir. \u00dcstelik bu hi\u00e7 de zor de\u011fildir. \u00c7\u00fcnk\u00fc \u0130slam ve Bat\u0131 d\u00fcnyas\u0131 aras\u0131nda, baz\u0131lar\u0131n\u0131n iddia etti\u011fi gibi derin farkl\u0131l\u0131klar yoktur. Bu d\u00f6nemde d\u00fcnyay\u0131 ayd\u0131nl\u0131\u011fa ve huzura kavu\u015fturacak en \u00f6nemli vesilelerden biri olacakt\u0131r.    <\/p>\n","protected":false},"excerpt":{"rendered":"<p>D\u00fcnyan\u0131n bar\u0131\u015fa, dostlu\u011fa ve karde\u015fli\u011fe belki de en \u00e7ok ihtiya\u00e7 duydu\u011fu d\u00f6nemlerden birini ya\u015famaktay\u0131z. 20. y\u00fczy\u0131la damgas\u0131n\u0131 vuran \u00e7at\u0131\u015fmalar ve gerilimler, yeni y\u00fczy\u0131lda da t\u00fcm h\u0131z\u0131yla<span class=\"excerpt-hellip\"> [\u2026]<\/span><\/p>\n","protected":false},"featured_media":0,"template":"","meta":{"_monsterinsights_skip_tracking":false,"_monsterinsights_sitenote_active":false,"_monsterinsights_sitenote_note":"","_monsterinsights_sitenote_category":0},"product_brand":[],"product_cat":[13059,12337],"product_tag":[],"class_list":{"0":"post-767086","1":"product","2":"type-product","3":"status-publish","5":"product_cat-diger-politika-siyaset","6":"product_cat-politika-siyaset","7":"pa_cilt-ciltsiz","8":"pa_tur-kitap","9":"pa_yayinevi-kalem-lugat-yayincilik","10":"pa_yazar-zubeyt-bozkurt","12":"first","13":"instock","14":"sale","15":"shipping-taxable","16":"purchasable","17":"product-type-simple"},"_links":{"self":[{"href":"https:\/\/roveyayinevi.com.tr\/index.php\/wp-json\/wp\/v2\/product\/767086","targetHints":{"allow":["GET"]}}],"collection":[{"href":"https:\/\/roveyayinevi.com.tr\/index.php\/wp-json\/wp\/v2\/product"}],"about":[{"href":"https:\/\/roveyayinevi.com.tr\/index.php\/wp-json\/wp\/v2\/types\/product"}],"wp:attachment":[{"href":"https:\/\/roveyayinevi.com.tr\/index.php\/wp-json\/wp\/v2\/media?parent=767086"}],"wp:term":[{"taxonomy":"product_brand","embeddable":true,"href":"https:\/\/roveyayinevi.com.tr\/index.php\/wp-json\/wp\/v2\/product_brand?post=767086"},{"taxonomy":"product_cat","embeddable":true,"href":"https:\/\/roveyayinevi.com.tr\/index.php\/wp-json\/wp\/v2\/product_cat?post=767086"},{"taxonomy":"product_tag","embeddable":true,"href":"https:\/\/roveyayinevi.com.tr\/index.php\/wp-json\/wp\/v2\/product_tag?post=767086"}],"curies":[{"name":"wp","href":"https:\/\/api.w.org\/{rel}","templated":true}]}}