{"id":767085,"date":"2025-08-28T12:36:38","date_gmt":"2025-08-28T09:36:38","guid":{"rendered":"https:\/\/roveyayinevi.com.tr\/index.php\/urun\/dunyada-dis-politika\/"},"modified":"2026-04-15T03:32:46","modified_gmt":"2026-04-15T00:32:46","slug":"dunyada-dis-politika","status":"publish","type":"product","link":"https:\/\/roveyayinevi.com.tr\/index.php\/urun\/dunyada-dis-politika\/","title":{"rendered":"D\u00fcnya\u2019da D\u0131\u015f Politika"},"content":{"rendered":"<p>Osmanl\u0131 Devleti\u2019nin y\u0131k\u0131l\u0131\u015f s\u00fcreciyle Ortado\u011fu\u2019dan \u00e7ekilmesi ve Cumhuriyetin kurulmas\u0131, T\u00fcrkiye Cumhuriyeti\u2019ni bu b\u00f6lgede \u0130ngiliz ve Frans\u0131zlarla muhatap k\u0131lm\u0131\u015ft\u0131r. Osmanl\u0131\u2019n\u0131n y\u0131k\u0131l\u0131\u015f\u0131 d\u00f6neminden kalan travmalar, Cumhuriyetin ilk y\u0131llar\u0131nda \u0130tilaf devletleriyle belirli mesafede ili\u015fkiler kurma, bir nevi denge politikas\u0131 g\u00fctmeyi \u00f6n plana \u00e7\u0131kartm\u0131\u015ft\u0131r. T\u00fcrkiye Cumhuriyeti, geldi\u011fimiz noktada, e\u011fitim sistemine; d\u0131\u015f politikadan i\u00e7 politikaya; Amerikan tarz\u0131 milliyet\u00e7ilik s\u00f6ylemine var\u0131ncaya kadar ABD etkisine girmi\u015ftir. Bu s\u00fcrd\u00fcr\u00fclebilir de\u011fildir. Bu y\u00f6nelim devam ederse, ABD ve onu y\u00f6neten Siyonist lobilerin etkisine girmi\u015f, dini ve milli de\u011ferlerinden uzakla\u015fm\u0131\u015f bir \u00fclke olmam\u0131z ka\u00e7\u0131n\u0131lmazd\u0131r. <\/p>\n","protected":false},"excerpt":{"rendered":"<p>Osmanl\u0131 Devleti\u2019nin y\u0131k\u0131l\u0131\u015f s\u00fcreciyle Ortado\u011fu\u2019dan \u00e7ekilmesi ve Cumhuriyetin kurulmas\u0131, T\u00fcrkiye Cumhuriyeti\u2019ni bu b\u00f6lgede \u0130ngiliz ve Frans\u0131zlarla muhatap k\u0131lm\u0131\u015ft\u0131r. Osmanl\u0131\u2019n\u0131n y\u0131k\u0131l\u0131\u015f\u0131 d\u00f6neminden kalan travmalar, Cumhuriyetin ilk y\u0131llar\u0131nda<span class=\"excerpt-hellip\"> [\u2026]<\/span><\/p>\n","protected":false},"featured_media":0,"template":"","meta":{"_monsterinsights_skip_tracking":false,"_monsterinsights_sitenote_active":false,"_monsterinsights_sitenote_note":"","_monsterinsights_sitenote_category":0},"product_brand":[],"product_cat":[48062,12337],"product_tag":[],"class_list":{"0":"post-767085","1":"product","2":"type-product","3":"status-publish","5":"product_cat-dis-politika","6":"product_cat-politika-siyaset","7":"pa_cilt-ciltsiz","8":"pa_tur-kitap","9":"pa_yayinevi-kalem-lugat-yayincilik","10":"pa_yazar-zubeyt-bozkurt","12":"first","13":"instock","14":"sale","15":"shipping-taxable","16":"purchasable","17":"product-type-simple"},"_links":{"self":[{"href":"https:\/\/roveyayinevi.com.tr\/index.php\/wp-json\/wp\/v2\/product\/767085","targetHints":{"allow":["GET"]}}],"collection":[{"href":"https:\/\/roveyayinevi.com.tr\/index.php\/wp-json\/wp\/v2\/product"}],"about":[{"href":"https:\/\/roveyayinevi.com.tr\/index.php\/wp-json\/wp\/v2\/types\/product"}],"wp:attachment":[{"href":"https:\/\/roveyayinevi.com.tr\/index.php\/wp-json\/wp\/v2\/media?parent=767085"}],"wp:term":[{"taxonomy":"product_brand","embeddable":true,"href":"https:\/\/roveyayinevi.com.tr\/index.php\/wp-json\/wp\/v2\/product_brand?post=767085"},{"taxonomy":"product_cat","embeddable":true,"href":"https:\/\/roveyayinevi.com.tr\/index.php\/wp-json\/wp\/v2\/product_cat?post=767085"},{"taxonomy":"product_tag","embeddable":true,"href":"https:\/\/roveyayinevi.com.tr\/index.php\/wp-json\/wp\/v2\/product_tag?post=767085"}],"curies":[{"name":"wp","href":"https:\/\/api.w.org\/{rel}","templated":true}]}}