{"id":767084,"date":"2025-08-28T12:36:37","date_gmt":"2025-08-28T09:36:37","guid":{"rendered":"https:\/\/roveyayinevi.com.tr\/index.php\/urun\/romanovlar\/"},"modified":"2026-04-15T03:32:46","modified_gmt":"2026-04-15T00:32:46","slug":"romanovlar","status":"publish","type":"product","link":"https:\/\/roveyayinevi.com.tr\/index.php\/urun\/romanovlar\/","title":{"rendered":"Romanovlar"},"content":{"rendered":"<p>\u201cSimon Sebag Montefiore&#8217;nin Romanovlar\u0131 en b\u00fcy\u00fck \u00f6l\u00e7ekte destans\u0131 bir tarih anlat\u0131s\u0131. . . . Komplolar\u0131n, darbelerin, suikastlar\u0131n, i\u015fkencelerin, kaz\u0131\u011fa oturtmalar\u0131n, k\u0131rba\u00e7lamalar\u0131n, cinsel ve alkolik a\u015f\u0131r\u0131l\u0131\u011f\u0131n, \u015farlatanlar ve sahtekarlar\u0131n, ezici bir serfli\u011fe dayal\u0131 g\u00f6steri\u015fli zenginli\u011fin ve hi\u00e7 de \u015fa\u015f\u0131rt\u0131c\u0131 olmayan \u015fekilde bask\u0131 ve isyandan olu\u015fan bir k\u0131s\u0131r d\u00f6ng\u00fcn\u00fcn hikayesi. Kar\u015f\u0131la\u015ft\u0131r\u0131ld\u0131\u011f\u0131nda Game of Thrones s\u0131k\u0131c\u0131 bir be\u015f \u00e7ay\u0131na benziyor. . . . Montefiore&#8217;nin m\u00fckemmel anlat\u0131m\u0131n\u0131 okuyunca, Rus monar\u015fisinin bu denli y\u0131k\u0131c\u0131 liderler alt\u0131nda nas\u0131l hayatta kalabildi\u011fini anlayabilmek zor.\u201d \u2013 Antony Beevor   \u201cKitap harikulade bir okuma deneyimi sunuyor ve y\u00fczy\u0131l\u0131n sonundan devrimci felakete uzanan son \u00fc\u00e7te birlik b\u00f6l\u00fcm bilhassa taktire \u015fayan. Nikolay ve Alexandra ile ilgili sayfalar belki de \u015fimdiye kadarkilerin en iyisi, \u00f6zl\u00fc ayn\u0131 anda dokunakl\u0131 ve keskin. Montefiore, t\u0131pk\u0131 bir romanc\u0131n\u0131n diyaloglar\u0131 kullanmas\u0131 gibi, her bir k\u0131z\u0131n do\u011fumunu hat\u0131ratlardan \u00f6zl\u00fc al\u0131nt\u0131larla aktar\u0131yor. \u00c7\u00f6k\u00fc\u015f\u00fcn kapsaml\u0131 hikayesinde, Rasputin&#8217;in entrikalar\u0131n\u0131 ve cinayetini ya da 1918&#8217;de 18 Romanov&#8217;un infaz\u0131n\u0131 keskin bir dille anlat\u0131yor. Simon Sebag Montefiore&#8217;nin yetenekleri sayesinde Romanov hanedan\u0131 bundan sonra daha da inan\u0131lmaz ve tekinsiz g\u00f6r\u00fcnecek.\u201d \u2013 Stephen Kotkin *** Romanovlar, \u00fc\u00e7 y\u00fczy\u0131l boyunca d\u00fcnya anakaras\u0131n\u0131n alt\u0131da birini y\u00f6neten, modern zamanlar\u0131n en ba\u015far\u0131l\u0131 hanedanlar\u0131ndan biriydi. Bir aile, sava\u015f\u0131n tarumar etti\u011fi bir prensli\u011fi nas\u0131l oldu da d\u00fcnyan\u0131n en b\u00fcy\u00fck imparatorluklar\u0131ndan birine d\u00f6n\u00fc\u015ft\u00fcrd\u00fc? Ayn\u0131 zamanda, nas\u0131l oldu da her \u015feyi kaybettiler? Kimi deli, kimi dahi ama hepsi de imparatorluk h\u0131rs\u0131ndan pay\u0131na d\u00fc\u015feni alm\u0131\u015f yirmi \u00e7ar ve \u00e7ari\u00e7enin en d\u00fcr\u00fcst anlat\u0131s\u0131 olan Romanovlar, \u00dcnl\u00fc tarih\u00e7i Simon Sebag Montefiore\u2019nin kaleminden okurlarla bulu\u015fuyor. Bu ilgin\u00e7 ve entrika dolu hanedan\u0131, Korkun\u00e7 \u0130van\u2019dan Tolstoy ve Pu\u015fkin\u2019e, Bismarck, Lincoln ve Krali\u00e7e Victoria\u2019dan Lenin\u2019e uzanan tarihi \u015fahsiyetlerle birlikte daha yak\u0131ndan tan\u0131yacaks\u0131n\u0131z. Macerac\u0131lar\u0131n, devrimcilerin, fahi\u015felerin ve \u015fairlerin kol gezdi\u011fi saray koridorlar\u0131nda ya\u015fanan komplolara, aile i\u00e7i \u00e7eki\u015fmelere, cinsel a\u015f\u0131r\u0131l\u0131\u011f\u0131 takip eden ahlaki \u00e7\u00f6k\u00fc\u015fe, vah\u015fi bir savurganl\u0131\u011f\u0131n g\u00f6lgesindeki s\u0131n\u0131rs\u0131z iktidar g\u00fcc\u00fcne ve imparatorlu\u011fun ac\u0131mas\u0131zca in\u015fa s\u00fcrecine bilfiil tan\u0131k olacaks\u0131n\u0131z.  Ak\u0131c\u0131, rahat okunabilen, yer yer e\u011flendiren, yer yerse gerilim sa\u00e7an anlat\u0131s\u0131yla Romanovlar, \u00fc\u00e7 as\u0131rl\u0131k dev bir hanedan\u0131 t\u00fcm \u00e7\u0131plakl\u0131\u011f\u0131yla anlat\u0131yor. Yeni ar\u015fiv \u00e7al\u0131\u015fmalar\u0131n\u0131 kaynak alan Montefiore, Rusya\u2019n\u0131n hem ge\u00e7mi\u015fini hem de bug\u00fcn\u00fcn\u00fc anlamam\u0131z\u0131 sa\u011fl\u0131yor. Sundu\u011fu zafer, trajedi, a\u015fk ve cinayet temalar\u0131yla g\u00fcn\u00fcm\u00fcz tarih\u00e7ili\u011finin son derece ba\u015far\u0131l\u0131 bir \u00f6rne\u011fini sergiliyor. <\/p>\n","protected":false},"excerpt":{"rendered":"<p>\u201cSimon Sebag Montefiore&#8217;nin Romanovlar\u0131 en b\u00fcy\u00fck \u00f6l\u00e7ekte destans\u0131 bir tarih anlat\u0131s\u0131. . . . Komplolar\u0131n, darbelerin, suikastlar\u0131n, i\u015fkencelerin, kaz\u0131\u011fa oturtmalar\u0131n, k\u0131rba\u00e7lamalar\u0131n, cinsel ve alkolik a\u015f\u0131r\u0131l\u0131\u011f\u0131n, \u015farlatanlar<span class=\"excerpt-hellip\"> [\u2026]<\/span><\/p>\n","protected":false},"featured_media":0,"template":"","meta":{"_monsterinsights_skip_tracking":false,"_monsterinsights_sitenote_active":false,"_monsterinsights_sitenote_note":"","_monsterinsights_sitenote_category":0},"product_brand":[],"product_cat":[12305,12304],"product_tag":[],"class_list":{"0":"post-767084","1":"product","2":"type-product","3":"status-publish","5":"product_cat-dunya-tarihi","6":"product_cat-tarih","7":"pa_cilt-ciltsiz","8":"pa_tur-kitap","9":"pa_yayinevi-kronik-kitap","10":"pa_yazar-simon-sebag-montefiore","12":"first","13":"instock","14":"sale","15":"shipping-taxable","16":"purchasable","17":"product-type-simple"},"_links":{"self":[{"href":"https:\/\/roveyayinevi.com.tr\/index.php\/wp-json\/wp\/v2\/product\/767084","targetHints":{"allow":["GET"]}}],"collection":[{"href":"https:\/\/roveyayinevi.com.tr\/index.php\/wp-json\/wp\/v2\/product"}],"about":[{"href":"https:\/\/roveyayinevi.com.tr\/index.php\/wp-json\/wp\/v2\/types\/product"}],"wp:attachment":[{"href":"https:\/\/roveyayinevi.com.tr\/index.php\/wp-json\/wp\/v2\/media?parent=767084"}],"wp:term":[{"taxonomy":"product_brand","embeddable":true,"href":"https:\/\/roveyayinevi.com.tr\/index.php\/wp-json\/wp\/v2\/product_brand?post=767084"},{"taxonomy":"product_cat","embeddable":true,"href":"https:\/\/roveyayinevi.com.tr\/index.php\/wp-json\/wp\/v2\/product_cat?post=767084"},{"taxonomy":"product_tag","embeddable":true,"href":"https:\/\/roveyayinevi.com.tr\/index.php\/wp-json\/wp\/v2\/product_tag?post=767084"}],"curies":[{"name":"wp","href":"https:\/\/api.w.org\/{rel}","templated":true}]}}