{"id":767083,"date":"2025-08-28T12:36:36","date_gmt":"2025-08-28T09:36:36","guid":{"rendered":"https:\/\/roveyayinevi.com.tr\/index.php\/urun\/islamin-abideleri-dayiken-islame\/"},"modified":"2026-04-15T03:32:46","modified_gmt":"2026-04-15T00:32:46","slug":"islamin-abideleri-dayiken-islame","status":"publish","type":"product","link":"https:\/\/roveyayinevi.com.tr\/index.php\/urun\/islamin-abideleri-dayiken-islame\/","title":{"rendered":"\u0130slam\u2019\u0131n Abideleri &amp; Dayiken \u0130slame"},"content":{"rendered":"<p>Bu kitapta, \u0130sl\u00e2m&#8217;da b\u00fcy\u00fck rolleri olan bir\u00e7ok han\u0131m\u0131n hayat\u0131 anlat\u0131lmaktad\u0131r. Bu han\u0131mlar\u0131n baz\u0131lar\u0131, m\u00fcminlerin anneleridir. Baz\u0131lar\u0131 Hz. Peygamberin k\u0131zlar\u0131d\u0131r. Baz\u0131lar\u0131 Res\u00fbl\u00fcllah&#8217;\u0131n Ehl-i Beyti&#8217;dir. Baz\u0131lar\u0131 Allah\u2019\u0131n yedi kat seman\u0131n \u00fcst\u00fcnden \u015fik\u00e2yetini duydu\u011fu han\u0131mlard\u0131r. Baz\u0131lar\u0131 \u00c2lim ve Hab\u00eer olan Allah\u2019\u0131n&#8217; onlar hakk\u0131nda Kur&#8217;\u00e2n ayeti indirdi\u011fi han\u0131mlard\u0131r. Baz\u0131lar\u0131, Akabe bey&#8217;atmda Res\u00fbl\u00fcllah\u2019a Bey \u2018at eden han\u0131mlard\u0131r Baz\u0131lar\u0131 Ras\u00fbl\u00fcllah&#8217;\u0131 en beli\u011f ve en g\u00fczel \u015fekilde tarif eden han\u0131mlard\u0131r. Baz\u0131lar\u0131, Bedir g\u00fcn\u00fcnde, yaral\u0131lar\u0131 tedavi etmek ve \u015fehit olmak i\u00e7in Ras\u00fbl\u00fcllah&#8217;tan harbe \u00e7\u0131kmay\u0131 isteyip Ras\u00fbl\u00fcllah&#8217;\u0131 da onlardan evlerinde kalmalar\u0131n\u0131 istedi\u011fi ve Allah&#8217;\u0131n onlara \u015fehitlik sevab\u0131n\u0131 l\u00fctfedece\u011fini s\u00f6yledi\u011fi han\u0131mlard\u0131r. Baz\u0131lar\u0131 R\u0131dvan Bey&#8217;atmda a\u011fac\u0131n alt\u0131nda Ras\u00fbl\u00fcllah&#8217;a bey&#8217;at eden han\u0131mlard\u0131r.   Di v\u00ea pirt\u00fbk\u00ea de jiyana gelek jin\u00ean ku di \u00ceslam\u00ea de xebatin her\u00ee mezinkar an\u00eene vedib\u00eaje. Hin ji van jinan day\u00eek\u00ean bawermendan in. Hin ji wan ke\u00e7\u00ean p\u00eaxember in. Hin ji wan Ehl\u00ea Beyta Res\u00fbl\u00ea Xwed\u00ea ne. Hin ji wan jin in ku Xwed\u00ea gaz\u00ee n\u00ea wan ji ser heft ezmanan re bih\u00eestiye. Hin ji wan jin in ku Xweday\u00ea zana \u00fb h\u00eadar li ser wan ayetene Qur\u2019an\u00ea bo wan hinartiye. Hin ji wan ew jin\u00ean ku li Bey&#8217;ata Aqeb\u00ea de ji Res\u00fbl\u00ea Xwed\u00ea re b\u00ea\u2019atkirine. Hin jin\u00ean ku Cebra\u00eel d\u00eetine. Hin ji wan jin in, ku Xwed\u00ea \u015ferbete bi wan da\u00ee vexwartin ku pi\u015ft\u00ee w\u00ea tehnbun\u00ea qet nebinin. Hin ji wan jin\u00ean ku Res\u00fbl\u00ea Xuda \u00ea Te\u2019\u00e2la bi awayek\u00ee her\u00ee xwe\u015f wesif dikirin. Hin ji wan jin\u00ean ku ji Res\u00fbl\u00ea Xwed\u00ea xwestine ku di roja Bedr\u00ea de herin \u015fer \u00fb bir\u00eendaran derman bikin \u00fb \u015feh\u00eed bibin \u00fb Res\u00fbl\u00ea Xwed\u00ea j\u00ee ji wan xwest ku di mal\u00ean xwe de bim\u00eenin \u00fb Xwed\u00ea xelata \u015fehadet\u00ea dide wan. Hin ji wan jin\u00ean ku di b\u00ea\u2019atu\u2019 ridvan di bin dara Bey&#8217;et\u00ea de ji Res\u00fbl\u00ea Xwed\u00ea re b\u00ea\u2019et kirine. <\/p>\n","protected":false},"excerpt":{"rendered":"<p>Bu kitapta, \u0130sl\u00e2m&#8217;da b\u00fcy\u00fck rolleri olan bir\u00e7ok han\u0131m\u0131n hayat\u0131 anlat\u0131lmaktad\u0131r. Bu han\u0131mlar\u0131n baz\u0131lar\u0131, m\u00fcminlerin anneleridir. Baz\u0131lar\u0131 Hz. Peygamberin k\u0131zlar\u0131d\u0131r. Baz\u0131lar\u0131 Res\u00fbl\u00fcllah&#8217;\u0131n Ehl-i Beyti&#8217;dir. Baz\u0131lar\u0131 Allah\u2019\u0131n yedi<span class=\"excerpt-hellip\"> [\u2026]<\/span><\/p>\n","protected":false},"featured_media":0,"template":"","meta":{"_monsterinsights_skip_tracking":false,"_monsterinsights_sitenote_active":false,"_monsterinsights_sitenote_note":"","_monsterinsights_sitenote_category":0},"product_brand":[],"product_cat":[12718],"product_tag":[],"class_list":{"0":"post-767083","1":"product","2":"type-product","3":"status-publish","5":"product_cat-din","6":"pa_cilt-ciltsiz","7":"pa_tur-kitap","8":"pa_yayinevi-kalem-lugat-yayincilik","9":"pa_yazar-zubeyt-bozkurt","11":"first","12":"instock","13":"sale","14":"shipping-taxable","15":"purchasable","16":"product-type-simple"},"_links":{"self":[{"href":"https:\/\/roveyayinevi.com.tr\/index.php\/wp-json\/wp\/v2\/product\/767083","targetHints":{"allow":["GET"]}}],"collection":[{"href":"https:\/\/roveyayinevi.com.tr\/index.php\/wp-json\/wp\/v2\/product"}],"about":[{"href":"https:\/\/roveyayinevi.com.tr\/index.php\/wp-json\/wp\/v2\/types\/product"}],"wp:attachment":[{"href":"https:\/\/roveyayinevi.com.tr\/index.php\/wp-json\/wp\/v2\/media?parent=767083"}],"wp:term":[{"taxonomy":"product_brand","embeddable":true,"href":"https:\/\/roveyayinevi.com.tr\/index.php\/wp-json\/wp\/v2\/product_brand?post=767083"},{"taxonomy":"product_cat","embeddable":true,"href":"https:\/\/roveyayinevi.com.tr\/index.php\/wp-json\/wp\/v2\/product_cat?post=767083"},{"taxonomy":"product_tag","embeddable":true,"href":"https:\/\/roveyayinevi.com.tr\/index.php\/wp-json\/wp\/v2\/product_tag?post=767083"}],"curies":[{"name":"wp","href":"https:\/\/api.w.org\/{rel}","templated":true}]}}