{"id":767082,"date":"2025-08-28T12:36:35","date_gmt":"2025-08-28T09:36:35","guid":{"rendered":"https:\/\/roveyayinevi.com.tr\/index.php\/urun\/dakikalar-icinde-gunes-sistemi\/"},"modified":"2026-04-15T03:32:46","modified_gmt":"2026-04-15T00:32:46","slug":"dakikalar-icinde-gunes-sistemi","status":"publish","type":"product","link":"https:\/\/roveyayinevi.com.tr\/index.php\/urun\/dakikalar-icinde-gunes-sistemi\/","title":{"rendered":"Dakikalar \u0130\u00e7inde G\u00fcne\u015f Sistemi"},"content":{"rendered":"<p>G\u00dcNE\u015e S\u0130STEM\u0130M\u0130ZE DA\u0130R BENZERS\u0130Z B\u0130LG\u0130LER!   G\u00fcne\u015fin t\u00fcm G\u00fcne\u015f Sistemi\u2019ne nas\u0131l g\u00fc\u00e7 verdi\u011fini hi\u00e7 merak ettiniz mi? Mars ger\u00e7ekten bir sonraki evimiz olabilir mi? J\u00fcpiter&#8217;in B\u00fcy\u00fck K\u0131rm\u0131z\u0131 Lekesini y\u00fczy\u0131llard\u0131r canl\u0131 tutan \u015fey ne? Ven\u00fcs neden b\u00f6ylesine parlak? Europa gibi uydularda ger\u00e7ekten okyanuslar olabilir mi? Sat\u00fcrn&#8217;\u00fcn g\u00f6rkemli halkalar\u0131 nas\u0131l olu\u015ftu? Pl\u00fcton ve \u00f6tesinin buzlu derinliklerinde hangi gizemler sakl\u0131?   \u0130\u00e7erisinde g\u00fcvenle ya\u015fad\u0131\u011f\u0131m\u0131z ama bir o kadar da tehlikeli olan G\u00fcne\u015f Sistemimiz, halen ke\u015ffedilmeyi bekleyen \u00e7ok say\u0131da gizemle dolu. Bu b\u00fcy\u00fcleyici rehber, gezegenlerin, uydular\u0131n, asteroitlerin ve daha fazlas\u0131n\u0131n gizemlerini ke\u015ffetmenizi sa\u011flayacak ve hem D\u00fcnyam\u0131z hem de kom\u015fu gezegenlerimize dair \u00e7ok say\u0131da bilgiyse ufkunuzu a\u00e7acak.   Dakikalar \u0130\u00e7inde G\u00fcne\u015f Sistemi; 200 temel kavram\u0131 a\u00e7\u0131klarken, kara deliklerden c\u00fcce gezegenlere, uydulardan asteroitlere, Merk\u00fcr\u2019den Pl\u00fcton\u2019a uzanan geni\u015f yelpazesi ve g\u00f6rselleriyle G\u00fcne\u015f Sistemimizin karanl\u0131kta kalan k\u0131s\u0131mlar\u0131n\u0131 ayd\u0131nlat\u0131yor. Dakikalar \u0130\u00e7inde G\u00fcne\u015f Sistemi hem h\u0131zla okunabiliyor hem de okuyucusunu nefes kesici bir maceraya davet ediyor. <\/p>\n","protected":false},"excerpt":{"rendered":"<p>G\u00dcNE\u015e S\u0130STEM\u0130M\u0130ZE DA\u0130R BENZERS\u0130Z B\u0130LG\u0130LER! G\u00fcne\u015fin t\u00fcm G\u00fcne\u015f Sistemi\u2019ne nas\u0131l g\u00fc\u00e7 verdi\u011fini hi\u00e7 merak ettiniz mi? Mars ger\u00e7ekten bir sonraki evimiz olabilir mi? J\u00fcpiter&#8217;in B\u00fcy\u00fck K\u0131rm\u0131z\u0131<span class=\"excerpt-hellip\"> [\u2026]<\/span><\/p>\n","protected":false},"featured_media":0,"template":"","meta":{"_monsterinsights_skip_tracking":false,"_monsterinsights_sitenote_active":false,"_monsterinsights_sitenote_note":"","_monsterinsights_sitenote_category":0},"product_brand":[],"product_cat":[43754,13005],"product_tag":[],"class_list":{"0":"post-767082","1":"product","2":"type-product","3":"status-publish","5":"product_cat-astronomi","6":"product_cat-bilim-muhendislik","7":"pa_cilt-ciltsiz","8":"pa_tur-kitap","9":"pa_yayinevi-kronik-kitap","10":"pa_yazar-giles-sparrow","12":"first","13":"instock","14":"sale","15":"shipping-taxable","16":"purchasable","17":"product-type-simple"},"_links":{"self":[{"href":"https:\/\/roveyayinevi.com.tr\/index.php\/wp-json\/wp\/v2\/product\/767082","targetHints":{"allow":["GET"]}}],"collection":[{"href":"https:\/\/roveyayinevi.com.tr\/index.php\/wp-json\/wp\/v2\/product"}],"about":[{"href":"https:\/\/roveyayinevi.com.tr\/index.php\/wp-json\/wp\/v2\/types\/product"}],"wp:attachment":[{"href":"https:\/\/roveyayinevi.com.tr\/index.php\/wp-json\/wp\/v2\/media?parent=767082"}],"wp:term":[{"taxonomy":"product_brand","embeddable":true,"href":"https:\/\/roveyayinevi.com.tr\/index.php\/wp-json\/wp\/v2\/product_brand?post=767082"},{"taxonomy":"product_cat","embeddable":true,"href":"https:\/\/roveyayinevi.com.tr\/index.php\/wp-json\/wp\/v2\/product_cat?post=767082"},{"taxonomy":"product_tag","embeddable":true,"href":"https:\/\/roveyayinevi.com.tr\/index.php\/wp-json\/wp\/v2\/product_tag?post=767082"}],"curies":[{"name":"wp","href":"https:\/\/api.w.org\/{rel}","templated":true}]}}