{"id":767081,"date":"2025-08-28T12:36:34","date_gmt":"2025-08-28T09:36:34","guid":{"rendered":"https:\/\/roveyayinevi.com.tr\/index.php\/urun\/fransiz-devrimi-infografik-ciltli\/"},"modified":"2026-04-15T03:32:46","modified_gmt":"2026-04-15T00:32:46","slug":"fransiz-devrimi-infografik-ciltli","status":"publish","type":"product","link":"https:\/\/roveyayinevi.com.tr\/index.php\/urun\/fransiz-devrimi-infografik-ciltli\/","title":{"rendered":"Frans\u0131z Devrimi: \u0130nfografik (Ciltli)"},"content":{"rendered":"<p>FRANSIZ DEVR\u0130M\u0130\u2019N\u0130 DAHA \u00d6NCE H\u0130\u00c7 B\u00d6YLE OKUMADINIZ.   ZEK\u0130CE TASARLANAN GRAF\u0130KLER, TABLOLAR VE D\u0130YAGRAMLARLA ALI\u015eILAGELD\u0130K ANLATIM KALIPLARINI YIKAN FRANSIZ DEVR\u0130M\u0130: \u0130NFOGRAF\u0130K, OKURLARINA VER\u0130LERE DAYALI G\u00d6RSEL B\u0130R \u015e\u00d6LEN SUNUYOR. \u2022 Y\u00dcZLERCE \u00c7\u0130Z\u0130M \u2022 \u00c7OK SAYIDA GRAF\u0130K \u2022 \u00d6ZEL HAR\u0130TALAR \u2022 B\u0130NLERCE \u0130STAT\u0130ST\u0130K \u2022 G\u00dc\u00c7 DENGELER\u0130N\u0130 ANLATAN TABLOLAR \u2022 S\u0130YAS\u00ce, ASKER\u00ce VE EKONOM\u0130K \u0130L\u0130\u015eK\u0130LERE DA\u0130R D\u0130YAGRAMLAR   18. y\u00fczy\u0131lda Paris\u2019in \u00e7alkant\u0131l\u0131 d\u00fcnyas\u0131na ad\u0131m ataca\u011f\u0131n\u0131z, fikirleri, ideolojileri, siyasi ili\u015fkileri ve daha nicelerini sanki oradaym\u0131\u015f\u00e7as\u0131na inceleyece\u011finiz FRANSIZ DEVR\u0130M\u0130: \u0130NFOGRAF\u0130K, bu karma\u015f\u0131k ve kanl\u0131 d\u00f6nemi herkes\u00e7e anla\u015f\u0131labilir bir dil ve farkl\u0131 bir perspektifle sunuyor.   Bastille\u2019in zapt\u0131ndan Ter\u00f6r saltanat\u0131na, Napol\u00e9on\u2019un y\u00fckseli\u015finden \u00fclkeye egemen olan kaosa, g\u00fcnl\u00fck ya\u015famdan kad\u0131n haklar\u0131na uzanan geni\u015f bir yelpaze sunan elinizdeki bu kitap, \u00f6zel \u00e7izimleri, grafikleri ve verileriyle canl\u0131 bir anlat\u0131m vadediyor.   \u0130ster alan\u0131nda uzman bir tarih\u00e7i, isterseniz bu d\u00f6neme merakl\u0131 bir tarihsever olun, FRANSIZ DEVR\u0130M\u0130: \u0130NFOGRAF\u0130K hayal g\u00fcc\u00fcn\u00fcz\u00fcn zincirlerini k\u0131rarak sizleri Fransa\u2019n\u0131n \u00f6zg\u00fcrl\u00fck, e\u015fitlik ve karde\u015flik sloganlar\u0131yla inleyen sokaklar\u0131nda nefes kesici bir maceraya \u00e7\u0131kar\u0131yor.   &#8220;Elinizdeki kitap, o y\u0131llara damgas\u0131n\u0131 vuran \u00f6nemli olaylar\u0131 ve de\u011fi\u015fimleri t\u00fcm \u00e7e\u015fitlili\u011fi ve karma\u015f\u0131kl\u0131\u011f\u0131yla aktarmak i\u00e7in anlat\u0131 ve modellemeyi bir araya getiriyor. Amac\u0131m\u0131z bir metni \u00e7izimlerle s\u00fcslemek de\u011fil, tarihin sanki bir \u00e7i\u00e7ek d\u00fcrb\u00fcn\u00fcnden [kaleydoskop] bak\u0131yormu\u015f\u00e7as\u0131na farkl\u0131 bir okumas\u0131n\u0131 yapmak.&#8221;<\/p>\n","protected":false},"excerpt":{"rendered":"<p>FRANSIZ DEVR\u0130M\u0130\u2019N\u0130 DAHA \u00d6NCE H\u0130\u00c7 B\u00d6YLE OKUMADINIZ. ZEK\u0130CE TASARLANAN GRAF\u0130KLER, TABLOLAR VE D\u0130YAGRAMLARLA ALI\u015eILAGELD\u0130K ANLATIM KALIPLARINI YIKAN FRANSIZ DEVR\u0130M\u0130: \u0130NFOGRAF\u0130K, OKURLARINA VER\u0130LERE DAYALI G\u00d6RSEL B\u0130R \u015e\u00d6LEN<span class=\"excerpt-hellip\"> [\u2026]<\/span><\/p>\n","protected":false},"featured_media":0,"template":"","meta":{"_monsterinsights_skip_tracking":false,"_monsterinsights_sitenote_active":false,"_monsterinsights_sitenote_note":"","_monsterinsights_sitenote_category":0},"product_brand":[],"product_cat":[12305,12304],"product_tag":[],"class_list":{"0":"post-767081","1":"product","2":"type-product","3":"status-publish","5":"product_cat-dunya-tarihi","6":"product_cat-tarih","7":"pa_cilt-ciltli","8":"pa_tur-kitap","9":"pa_yayinevi-kronik-kitap","10":"pa_yazar-jean-clement-martin-julien-peltier","12":"first","13":"instock","14":"sale","15":"shipping-taxable","16":"purchasable","17":"product-type-simple"},"_links":{"self":[{"href":"https:\/\/roveyayinevi.com.tr\/index.php\/wp-json\/wp\/v2\/product\/767081","targetHints":{"allow":["GET"]}}],"collection":[{"href":"https:\/\/roveyayinevi.com.tr\/index.php\/wp-json\/wp\/v2\/product"}],"about":[{"href":"https:\/\/roveyayinevi.com.tr\/index.php\/wp-json\/wp\/v2\/types\/product"}],"wp:attachment":[{"href":"https:\/\/roveyayinevi.com.tr\/index.php\/wp-json\/wp\/v2\/media?parent=767081"}],"wp:term":[{"taxonomy":"product_brand","embeddable":true,"href":"https:\/\/roveyayinevi.com.tr\/index.php\/wp-json\/wp\/v2\/product_brand?post=767081"},{"taxonomy":"product_cat","embeddable":true,"href":"https:\/\/roveyayinevi.com.tr\/index.php\/wp-json\/wp\/v2\/product_cat?post=767081"},{"taxonomy":"product_tag","embeddable":true,"href":"https:\/\/roveyayinevi.com.tr\/index.php\/wp-json\/wp\/v2\/product_tag?post=767081"}],"curies":[{"name":"wp","href":"https:\/\/api.w.org\/{rel}","templated":true}]}}