{"id":767080,"date":"2025-08-28T12:36:32","date_gmt":"2025-08-28T09:36:32","guid":{"rendered":"https:\/\/roveyayinevi.com.tr\/index.php\/urun\/guclu-ve-vasifli-musluman\/"},"modified":"2026-04-15T03:32:46","modified_gmt":"2026-04-15T00:32:46","slug":"guclu-ve-vasifli-musluman","status":"publish","type":"product","link":"https:\/\/roveyayinevi.com.tr\/index.php\/urun\/guclu-ve-vasifli-musluman\/","title":{"rendered":"G\u00fc\u00e7l\u00fc ve Vas\u0131fl\u0131 M\u00fcsl\u00fcman"},"content":{"rendered":"<p>Allah Kuran ayetlerinde insanlar\u0131 kendisine yak\u0131nla\u015fmak i\u00e7in vesileler aramaya \u00e7a\u011f\u0131rm\u0131\u015ft\u0131r. Her insan\u0131n en \u00f6nemli hedefi Allah\u2019\u0131n bu \u00e7a\u011fr\u0131s\u0131na uygun olarak \u00e7aba harcamakt\u0131r. Bunun i\u00e7in de Allah\u2019\u0131n dinini \u00e7ok iyi bilmek gerekmektedir.            Her kim Allah&#8217;a ve Resul\u00fcne itaat eder, Allah&#8217;a sayg\u0131 duyar ve O&#8217;ndan sak\u0131n\u0131rsa, i\u015fte as\u0131l bunlar mutlulu\u011fa erenlerdir. Rabbimden niyaz\u0131m, bu m\u00fctevaz\u0131 \u00e7al\u0131\u015fmam\u0131z\u0131n d\u00fc\u015f\u00fcnen insanlar\u0131m\u0131za ve bilhassa e\u011fitimcilerimize, gen\u00e7lerimize, ailelerimize faydal\u0131 olmas\u0131d\u0131r. R\u0131zas\u0131na muvaf\u0131k amellerle dolu bir hayat ya\u015famay\u0131 ve insan\u0131m\u0131za, milletimize, \u00fcmmetimize faydal\u0131 olmay\u0131 bizlere nasip eylesin. Allah\u2019\u0131m, Sana lay\u0131k oldu\u011fun en g\u00fczel s\u00f6zlerle hamd ederiz. Nas\u0131l hamd etmeyiz; sen bizi insan olarak yaratt\u0131n.  \u0130nsanl\u0131\u011f\u0131m\u0131z\u0131n \u00fczerine bize iman nimetini indirdin. M\u00fcmin karde\u015flerimizle \u00e7evreledin bizi. \u0130nsan olarak ald\u0131\u011f\u0131m\u0131z her nefes i\u00e7in sana hamd ederiz. Allah\u2019\u0131m, \u0130nsanl\u0131\u011f\u0131n efendisi Peygamberin Muhammed\u2019e salat ve selam ederiz. En m\u00fckemmel insanl\u0131k \u00f6rnekleri ile bezenmi\u015f hayat\u0131 ile bizim ufkumuzu ayd\u0131nlatt\u0131. Yer \u015fartlar\u0131ndan g\u00f6klerin enginli\u011fine ta\u015f\u0131d\u0131 bizi. Ehli beytine, ashab\u0131na salat ve selam ederiz. Kabul buyur Allah\u2019\u0131m <\/p>\n","protected":false},"excerpt":{"rendered":"<p>Allah Kuran ayetlerinde insanlar\u0131 kendisine yak\u0131nla\u015fmak i\u00e7in vesileler aramaya \u00e7a\u011f\u0131rm\u0131\u015ft\u0131r. Her insan\u0131n en \u00f6nemli hedefi Allah\u2019\u0131n bu \u00e7a\u011fr\u0131s\u0131na uygun olarak \u00e7aba harcamakt\u0131r. Bunun i\u00e7in de Allah\u2019\u0131n<span class=\"excerpt-hellip\"> [\u2026]<\/span><\/p>\n","protected":false},"featured_media":0,"template":"","meta":{"_monsterinsights_skip_tracking":false,"_monsterinsights_sitenote_active":false,"_monsterinsights_sitenote_note":"","_monsterinsights_sitenote_category":0},"product_brand":[],"product_cat":[12718,12719],"product_tag":[],"class_list":{"0":"post-767080","1":"product","2":"type-product","3":"status-publish","5":"product_cat-din","6":"product_cat-islam","7":"pa_cilt-ciltsiz","8":"pa_tur-kitap","9":"pa_yayinevi-kalem-lugat-yayincilik","10":"pa_yazar-zubeyt-bozkurt","12":"first","13":"instock","14":"sale","15":"shipping-taxable","16":"purchasable","17":"product-type-simple"},"_links":{"self":[{"href":"https:\/\/roveyayinevi.com.tr\/index.php\/wp-json\/wp\/v2\/product\/767080","targetHints":{"allow":["GET"]}}],"collection":[{"href":"https:\/\/roveyayinevi.com.tr\/index.php\/wp-json\/wp\/v2\/product"}],"about":[{"href":"https:\/\/roveyayinevi.com.tr\/index.php\/wp-json\/wp\/v2\/types\/product"}],"wp:attachment":[{"href":"https:\/\/roveyayinevi.com.tr\/index.php\/wp-json\/wp\/v2\/media?parent=767080"}],"wp:term":[{"taxonomy":"product_brand","embeddable":true,"href":"https:\/\/roveyayinevi.com.tr\/index.php\/wp-json\/wp\/v2\/product_brand?post=767080"},{"taxonomy":"product_cat","embeddable":true,"href":"https:\/\/roveyayinevi.com.tr\/index.php\/wp-json\/wp\/v2\/product_cat?post=767080"},{"taxonomy":"product_tag","embeddable":true,"href":"https:\/\/roveyayinevi.com.tr\/index.php\/wp-json\/wp\/v2\/product_tag?post=767080"}],"curies":[{"name":"wp","href":"https:\/\/api.w.org\/{rel}","templated":true}]}}