{"id":767079,"date":"2025-08-28T12:36:31","date_gmt":"2025-08-28T09:36:31","guid":{"rendered":"https:\/\/roveyayinevi.com.tr\/index.php\/urun\/bakterin-kadar-yasa\/"},"modified":"2026-04-15T03:32:46","modified_gmt":"2026-04-15T00:32:46","slug":"bakterin-kadar-yasa","status":"publish","type":"product","link":"https:\/\/roveyayinevi.com.tr\/index.php\/urun\/bakterin-kadar-yasa\/","title":{"rendered":"Bakterin Kadar Ya\u015fa"},"content":{"rendered":"<p>\u0130nsan v\u00fccudu, i\u00e7inde koskoca bir evreni bar\u0131nd\u0131r\u0131yor. Milyarca h\u00fccre, pek \u00e7ok organ, sinir a\u011flar\u0131 ve bizim faydam\u0131z i\u00e7in har\u0131l har\u0131l \u00e7al\u0131\u015fan gizli kahramanlar, dost bakterilerimiz\u2026 G\u00fcn\u00fcm\u00fczde bilinen ad\u0131yla ba\u011f\u0131rsa\u011f\u0131n, ikinci beynimizin mucizevi emektarlar\u0131 \u201cG\u00f6r\u00fcnmez Ordu\u201d bakteriler\u2026 Oysa biz y\u00fczy\u0131llar boyunca bakterilere kar\u015f\u0131 sava\u015f a\u00e7t\u0131k; onlar\u0131 d\u00fc\u015fman, hatta hastal\u0131k ve \u00f6l\u00fcm\u00fcn birer habercisi olarak g\u00f6rd\u00fck. Bitmedi, modern hayatla gelen baz\u0131 sa\u011fl\u0131ks\u0131z ya\u015fam al\u0131\u015fkanl\u0131klar\u0131m\u0131zla bedenimizi daha da harap ettik. \u0130\u00e7imizdeki evreni eviniz olarak hayal edin! Eviniz, en g\u00fcvenli ya\u015fam alan\u0131n\u0131z; \u00e2deta kaleniz. Ancak kalenizin i\u00e7i kimyasallarla kapl\u0131&#8230; B\u00f6yle bir ortamda nereye kadar ya\u015fayabilece\u011fiz? \u015eayet sa\u011fl\u0131kl\u0131 bir ya\u015fam, sa\u011fl\u0131kl\u0131 nesiller ve din\u00e7 bir zihin istiyorsak bakterilerimize olan borcumuzu \u00f6demenin vakti geldi de ge\u00e7iyor. \u00b7         \u00c7ocukluktan itibaren mikrobiyota nas\u0131l desteklenebilir? \u00b7         Depresyonda olmam\u0131z\u0131n sebebi v\u00fccudumuzdaki yararl\u0131 bakterilerimizin tahribata u\u011framas\u0131 olabilir mi? \u00b7         Konu bakteriler olunca hangi besinler t\u00fcketilmeli, hangi al\u0131\u015fkanl\u0131klardan uzak durulmal\u0131? \u00b7         Prebiyotik nedir, probiyotik nedir? \u00b7         Mikrobiyotam\u0131z kanser ba\u015fta olmak \u00fczere pek \u00e7ok hastal\u0131\u011fa o beklenilen \u00e7\u00f6z\u00fcm m\u00fc? \u00b7         Kar\u015f\u0131m\u0131zdaki ki\u015fiye duydu\u011fumuz a\u015fk\u0131n tohumlar\u0131n\u0131 bakterilerimiz mi at\u0131yor? \u00b7         Peki, sa\u011fl\u0131kl\u0131 bir \u00f6m\u00fcr i\u00e7in kadim bakterilerimizi geri kazanman\u0131n yollar\u0131 neler? Uzun y\u0131llar boyunca laboratuvarlarda insan mikrobiyotas\u0131 ve yeni nesil probiyotikler \u00fczerine \u00e7al\u0131\u015fmalar yapan de\u011ferli bilim insan\u0131 Ali R\u0131za Ak\u0131n\u2019\u0131n kaleminden; BAKTER\u0130N KADAR YA\u015eA! \u0130\u00c7\u0130M\u0130ZDEK\u0130 EVREN: M\u0130KROB\u0130YOTA. Yeni y\u00fczy\u0131l, yapay zek\u00e2 ve teknolojinin yan\u0131 s\u0131ra, bakterilerin y\u00fczy\u0131l\u0131 olacak. <\/p>\n","protected":false},"excerpt":{"rendered":"<p>\u0130nsan v\u00fccudu, i\u00e7inde koskoca bir evreni bar\u0131nd\u0131r\u0131yor. Milyarca h\u00fccre, pek \u00e7ok organ, sinir a\u011flar\u0131 ve bizim faydam\u0131z i\u00e7in har\u0131l har\u0131l \u00e7al\u0131\u015fan gizli kahramanlar, dost bakterilerimiz\u2026 G\u00fcn\u00fcm\u00fczde<span class=\"excerpt-hellip\"> [\u2026]<\/span><\/p>\n","protected":false},"featured_media":0,"template":"","meta":{"_monsterinsights_skip_tracking":false,"_monsterinsights_sitenote_active":false,"_monsterinsights_sitenote_note":"","_monsterinsights_sitenote_category":0},"product_brand":[],"product_cat":[20313,13365],"product_tag":[],"class_list":{"0":"post-767079","1":"product","2":"type-product","3":"status-publish","5":"product_cat-basvuru-kitaplari-saglik","6":"product_cat-saglik","7":"pa_cilt-ciltsiz","8":"pa_tur-kitap","9":"pa_yayinevi-kronik-kitap","10":"pa_yazar-ali-riza-akin","12":"first","13":"instock","14":"sale","15":"shipping-taxable","16":"purchasable","17":"product-type-simple"},"_links":{"self":[{"href":"https:\/\/roveyayinevi.com.tr\/index.php\/wp-json\/wp\/v2\/product\/767079","targetHints":{"allow":["GET"]}}],"collection":[{"href":"https:\/\/roveyayinevi.com.tr\/index.php\/wp-json\/wp\/v2\/product"}],"about":[{"href":"https:\/\/roveyayinevi.com.tr\/index.php\/wp-json\/wp\/v2\/types\/product"}],"wp:attachment":[{"href":"https:\/\/roveyayinevi.com.tr\/index.php\/wp-json\/wp\/v2\/media?parent=767079"}],"wp:term":[{"taxonomy":"product_brand","embeddable":true,"href":"https:\/\/roveyayinevi.com.tr\/index.php\/wp-json\/wp\/v2\/product_brand?post=767079"},{"taxonomy":"product_cat","embeddable":true,"href":"https:\/\/roveyayinevi.com.tr\/index.php\/wp-json\/wp\/v2\/product_cat?post=767079"},{"taxonomy":"product_tag","embeddable":true,"href":"https:\/\/roveyayinevi.com.tr\/index.php\/wp-json\/wp\/v2\/product_tag?post=767079"}],"curies":[{"name":"wp","href":"https:\/\/api.w.org\/{rel}","templated":true}]}}