{"id":767078,"date":"2025-08-28T12:36:30","date_gmt":"2025-08-28T09:36:30","guid":{"rendered":"https:\/\/roveyayinevi.com.tr\/index.php\/urun\/cihan-saadeti\/"},"modified":"2026-04-15T03:32:46","modified_gmt":"2026-04-15T00:32:46","slug":"cihan-saadeti","status":"publish","type":"product","link":"https:\/\/roveyayinevi.com.tr\/index.php\/urun\/cihan-saadeti\/","title":{"rendered":"Cihan Saadeti"},"content":{"rendered":"<p>En y\u00fcce ahl\u00e2ka sahip oldu\u011funda; y\u00fczy\u0131llar boyunca, dost ve d\u00fc\u015fman, herkesin \u00fczerinde birle\u015fti\u011fi tek bir insan vard\u0131r: O da Hz. Peygamberimizdir. Zaten O, yery\u00fcz\u00fcnde bulunu\u015f maksad\u0131n\u0131, &#8220;g\u00fczel ahl\u00e2k\u0131 tamamlamak&#8221; olarak ifade ediyordu. Onu en son el\u00e7isi olarak insanl\u0131\u011fa g\u00f6nderen Y\u00fcce Allah da,  Peygamberimizde bizim i\u00e7in &#8220;en g\u00fczel &#8221; \u00f6rne\u011fin bulundu\u011funu haber veriyor.  E\u011fitimde g\u00fczel \u00f6rneklerin ne kadar \u00f6nemli oldu\u011funu hepimiz biliyoruz. B\u00fcy\u00fckler kendi ya\u015fay\u0131\u015flar\u0131nda ne kadar iyi \u00f6rnek olurlarsa, k\u00fc\u00e7\u00fcklerin iyiye ve g\u00fczele y\u00f6nelmesi o kadar kolay ve rahat olur. G\u00fczel \u00f6rnek olmak ve g\u00fczel \u00f6rnekleri tan\u0131tmak, gen\u00e7li\u011fe yap\u0131labilecek en b\u00fcy\u00fck hizmetlerden biridir. \u00c7ocuklar\u0131m\u0131z\u0131n ve gen\u00e7lerimizin \u00f6rnek alabilecekleri en m\u00fckemmel insan peygamberimizdir. Peygamberimizin ahl\u00e2k\u0131n\u0131 kendimize \u00f6rnek almal\u0131y\u0131z. <\/p>\n","protected":false},"excerpt":{"rendered":"<p>En y\u00fcce ahl\u00e2ka sahip oldu\u011funda; y\u00fczy\u0131llar boyunca, dost ve d\u00fc\u015fman, herkesin \u00fczerinde birle\u015fti\u011fi tek bir insan vard\u0131r: O da Hz. Peygamberimizdir. Zaten O, yery\u00fcz\u00fcnde bulunu\u015f maksad\u0131n\u0131,<span class=\"excerpt-hellip\"> [\u2026]<\/span><\/p>\n","protected":false},"featured_media":0,"template":"","meta":{"_monsterinsights_skip_tracking":false,"_monsterinsights_sitenote_active":false,"_monsterinsights_sitenote_note":"","_monsterinsights_sitenote_category":0},"product_brand":[],"product_cat":[12718,12719],"product_tag":[],"class_list":{"0":"post-767078","1":"product","2":"type-product","3":"status-publish","5":"product_cat-din","6":"product_cat-islam","7":"pa_cilt-ciltsiz","8":"pa_tur-kitap","9":"pa_yayinevi-kalem-lugat-yayincilik","10":"pa_yazar-zubeyt-bozkurt","12":"first","13":"instock","14":"sale","15":"shipping-taxable","16":"purchasable","17":"product-type-simple"},"_links":{"self":[{"href":"https:\/\/roveyayinevi.com.tr\/index.php\/wp-json\/wp\/v2\/product\/767078","targetHints":{"allow":["GET"]}}],"collection":[{"href":"https:\/\/roveyayinevi.com.tr\/index.php\/wp-json\/wp\/v2\/product"}],"about":[{"href":"https:\/\/roveyayinevi.com.tr\/index.php\/wp-json\/wp\/v2\/types\/product"}],"wp:attachment":[{"href":"https:\/\/roveyayinevi.com.tr\/index.php\/wp-json\/wp\/v2\/media?parent=767078"}],"wp:term":[{"taxonomy":"product_brand","embeddable":true,"href":"https:\/\/roveyayinevi.com.tr\/index.php\/wp-json\/wp\/v2\/product_brand?post=767078"},{"taxonomy":"product_cat","embeddable":true,"href":"https:\/\/roveyayinevi.com.tr\/index.php\/wp-json\/wp\/v2\/product_cat?post=767078"},{"taxonomy":"product_tag","embeddable":true,"href":"https:\/\/roveyayinevi.com.tr\/index.php\/wp-json\/wp\/v2\/product_tag?post=767078"}],"curies":[{"name":"wp","href":"https:\/\/api.w.org\/{rel}","templated":true}]}}