{"id":767077,"date":"2025-08-28T12:36:29","date_gmt":"2025-08-28T09:36:29","guid":{"rendered":"https:\/\/roveyayinevi.com.tr\/index.php\/urun\/temel-dini-sorunlar\/"},"modified":"2026-04-15T03:32:46","modified_gmt":"2026-04-15T00:32:46","slug":"temel-dini-sorunlar","status":"publish","type":"product","link":"https:\/\/roveyayinevi.com.tr\/index.php\/urun\/temel-dini-sorunlar\/","title":{"rendered":"Temel Dini Sorunlar"},"content":{"rendered":"<p>\u0130slam\u2019a hizmet etmek ve toplumumuza dini konularda rehberlik yapmak toplumsal ihtiya\u00e7 ve sorunlara y\u00f6nelik inisiyatif almakta ve bu do\u011frultuda somut ad\u0131mlar atmaktad\u0131r. Bu kitle ileti\u015fim ara\u00e7lar\u0131, yaz\u0131l\u0131 medya, sosyal medya vb. \u00e7e\u015fitli bas\u0131n-yay\u0131n ve ileti\u015fim ara\u00e7lar\u0131 \u00fczerinden tart\u0131\u015fma konusu yap\u0131lan baz\u0131 din\u00ee konular\u0131 ele almaktad\u0131r.  Dinin iki temel kayna\u011f\u0131 olan Kit\u00e2b\/Kur\u2019\u00e2n ve S\u00fcnnet ile \u0130slam ilim gelene\u011finin bin d\u00f6rt y\u00fczy\u0131l\u0131 a\u015fk\u0131n muhte\u015fem birikim ve tecr\u00fcbesi do\u011frultusunda haz\u0131rlanan \u00e7al\u0131\u015fma, kimi tevar\u00fcs eden, kimi yeniden d\u00fc\u015f\u00fcn\u00fclmesi gereken, kimi de yeni durumlar kar\u015f\u0131s\u0131nda ilk defa ortaya \u00e7\u0131kan baz\u0131 hususlar\u0131 ele al\u0131p de\u011ferlendirme \u00e7abas\u0131 i\u00e7indedir. Eser, ortalama bir okuyucunun anlayabilece\u011fi yal\u0131n ve sade bir \u00fcslupla kaleme al\u0131nm\u0131\u015ft\u0131r. <\/p>\n","protected":false},"excerpt":{"rendered":"<p>\u0130slam\u2019a hizmet etmek ve toplumumuza dini konularda rehberlik yapmak toplumsal ihtiya\u00e7 ve sorunlara y\u00f6nelik inisiyatif almakta ve bu do\u011frultuda somut ad\u0131mlar atmaktad\u0131r. Bu kitle ileti\u015fim ara\u00e7lar\u0131,<span class=\"excerpt-hellip\"> [\u2026]<\/span><\/p>\n","protected":false},"featured_media":0,"template":"","meta":{"_monsterinsights_skip_tracking":false,"_monsterinsights_sitenote_active":false,"_monsterinsights_sitenote_note":"","_monsterinsights_sitenote_category":0},"product_brand":[],"product_cat":[12718,12719],"product_tag":[],"class_list":{"0":"post-767077","1":"product","2":"type-product","3":"status-publish","5":"product_cat-din","6":"product_cat-islam","7":"pa_cilt-ciltsiz","8":"pa_tur-kitap","9":"pa_yayinevi-kalem-lugat-yayincilik","10":"pa_yazar-zubeyt-bozkurt","12":"first","13":"instock","14":"sale","15":"shipping-taxable","16":"purchasable","17":"product-type-simple"},"_links":{"self":[{"href":"https:\/\/roveyayinevi.com.tr\/index.php\/wp-json\/wp\/v2\/product\/767077","targetHints":{"allow":["GET"]}}],"collection":[{"href":"https:\/\/roveyayinevi.com.tr\/index.php\/wp-json\/wp\/v2\/product"}],"about":[{"href":"https:\/\/roveyayinevi.com.tr\/index.php\/wp-json\/wp\/v2\/types\/product"}],"wp:attachment":[{"href":"https:\/\/roveyayinevi.com.tr\/index.php\/wp-json\/wp\/v2\/media?parent=767077"}],"wp:term":[{"taxonomy":"product_brand","embeddable":true,"href":"https:\/\/roveyayinevi.com.tr\/index.php\/wp-json\/wp\/v2\/product_brand?post=767077"},{"taxonomy":"product_cat","embeddable":true,"href":"https:\/\/roveyayinevi.com.tr\/index.php\/wp-json\/wp\/v2\/product_cat?post=767077"},{"taxonomy":"product_tag","embeddable":true,"href":"https:\/\/roveyayinevi.com.tr\/index.php\/wp-json\/wp\/v2\/product_tag?post=767077"}],"curies":[{"name":"wp","href":"https:\/\/api.w.org\/{rel}","templated":true}]}}