{"id":767076,"date":"2025-08-28T12:36:28","date_gmt":"2025-08-28T09:36:28","guid":{"rendered":"https:\/\/roveyayinevi.com.tr\/index.php\/urun\/islam-tarihinde-cemel-ve-siffin\/"},"modified":"2026-04-15T03:32:46","modified_gmt":"2026-04-15T00:32:46","slug":"islam-tarihinde-cemel-ve-siffin","status":"publish","type":"product","link":"https:\/\/roveyayinevi.com.tr\/index.php\/urun\/islam-tarihinde-cemel-ve-siffin\/","title":{"rendered":"\u0130slam Tarihi\u2019nde Cemel ve S\u0131ffin"},"content":{"rendered":"<p>Biz bu \u00e7al\u0131\u015fmam\u0131zda Cemel ve S\u0131ff\u00een Sava\u015flar\u0131\u2019n\u0131 derinlemesine i\u015fleyerek, meydana geli\u015f sebeplerini ve bu sava\u015flar sonucu ortaya \u00e7\u0131kan siyasi ve itikad\u0131 s\u00f6ylemlerin M\u00fcsl\u00fcmanlar \u00fczerinde olu\u015fturdu\u011fu ayr\u0131l\u0131k\u00e7\u0131 fikirleri belli ba\u015fl\u0131 baz\u0131 mezheplere g\u00f6re incelemeye \u00e7al\u0131\u015ft\u0131k. \u00c7al\u0131\u015fmam\u0131z bir giri\u015f ve iki b\u00f6l\u00fcmden olu\u015fmaktad\u0131r. Giri\u015f b\u00f6l\u00fcm\u00fcnde \u0130slamiyet\u2019te tevhid ilkesine verilen \u00f6nem \u00fczerinde durulmu\u015f ve \u0130slam tarihinde siyasi ve itikad\u0131 ayr\u0131l\u0131klara zemin haz\u0131rlayan unsurlara yer verilmi\u015ftir. Birinci b\u00f6l\u00fcmde Cemel ve S\u0131ff\u00een Sava\u015flar\u0131 incelenmi\u015f olup ikinci b\u00f6l\u00fcmde ise Cemel ve S\u0131ff\u00een Sava\u015flar\u0131 sonras\u0131nda insanlar aras\u0131nda ilk defa g\u00fcndeme gelen yahut daha \u00f6nceden mevcut olup da bu sava\u015flarla g\u00fcn y\u00fcz\u00fcne \u00e7\u0131kan baz\u0131 siyasi ve kelam\u0131 meseleler belli ba\u015fl\u0131 itikad\u0131 mezheplerin bak\u0131\u015f a\u00e7\u0131lar\u0131na g\u00f6re irdelenmi\u015ftir.   \u0130slam tarihinde esas itibariyle siy\u00e2s\u00ee olmakla birlikte \u00e7e\u015fitli sebeplerle d\u00een\u00ee ve itik\u00e2d\u00ee mesele haline d\u00f6n\u00fc\u015fen Cemel ve S\u0131ff\u00een Sava\u015flar\u0131\u2019n\u0131n, \u201c\u00fcmmet birli\u011fi\u201d kavram\u0131n\u0131n par\u00e7alanmas\u0131 hususunda etkin bir rol oynad\u0131\u011f\u0131n\u0131 g\u00f6r\u00fcyoruz. M\u00fcsl\u00fcmanlar aras\u0131nda ortaya \u00e7\u0131kan ihtilaflarda, \u00f6zellikle insan unsurunun b\u00e2riz bir \u015fekilde \u00f6n plana \u00e7\u0131kt\u0131\u011f\u0131na \u015fahit oluyoruz. \u00c7\u00fcnk\u00fc sah\u00e2b\u00eelerin \u015fahs\u00ee karakterleri, tav\u0131rlar\u0131, mensubu bulunduklar\u0131 s\u00fcl\u00e2lelerin sosyal konumu bu olaylar\u0131n ortaya \u00e7\u0131kmas\u0131nda \u00f6nemli roller oynam\u0131\u015ft\u0131r. <\/p>\n","protected":false},"excerpt":{"rendered":"<p>Biz bu \u00e7al\u0131\u015fmam\u0131zda Cemel ve S\u0131ff\u00een Sava\u015flar\u0131\u2019n\u0131 derinlemesine i\u015fleyerek, meydana geli\u015f sebeplerini ve bu sava\u015flar sonucu ortaya \u00e7\u0131kan siyasi ve itikad\u0131 s\u00f6ylemlerin M\u00fcsl\u00fcmanlar \u00fczerinde olu\u015fturdu\u011fu ayr\u0131l\u0131k\u00e7\u0131<span class=\"excerpt-hellip\"> [\u2026]<\/span><\/p>\n","protected":false},"featured_media":0,"template":"","meta":{"_monsterinsights_skip_tracking":false,"_monsterinsights_sitenote_active":false,"_monsterinsights_sitenote_note":"","_monsterinsights_sitenote_category":0},"product_brand":[],"product_cat":[12718,12719,18109],"product_tag":[],"class_list":{"0":"post-767076","1":"product","2":"type-product","3":"status-publish","5":"product_cat-din","6":"product_cat-islam","7":"product_cat-islam-tarihi","8":"pa_cilt-ciltsiz","9":"pa_tur-kitap","10":"pa_yayinevi-kalem-lugat-yayincilik","11":"pa_yazar-zubeyt-bozkurt","13":"first","14":"instock","15":"sale","16":"shipping-taxable","17":"purchasable","18":"product-type-simple"},"_links":{"self":[{"href":"https:\/\/roveyayinevi.com.tr\/index.php\/wp-json\/wp\/v2\/product\/767076","targetHints":{"allow":["GET"]}}],"collection":[{"href":"https:\/\/roveyayinevi.com.tr\/index.php\/wp-json\/wp\/v2\/product"}],"about":[{"href":"https:\/\/roveyayinevi.com.tr\/index.php\/wp-json\/wp\/v2\/types\/product"}],"wp:attachment":[{"href":"https:\/\/roveyayinevi.com.tr\/index.php\/wp-json\/wp\/v2\/media?parent=767076"}],"wp:term":[{"taxonomy":"product_brand","embeddable":true,"href":"https:\/\/roveyayinevi.com.tr\/index.php\/wp-json\/wp\/v2\/product_brand?post=767076"},{"taxonomy":"product_cat","embeddable":true,"href":"https:\/\/roveyayinevi.com.tr\/index.php\/wp-json\/wp\/v2\/product_cat?post=767076"},{"taxonomy":"product_tag","embeddable":true,"href":"https:\/\/roveyayinevi.com.tr\/index.php\/wp-json\/wp\/v2\/product_tag?post=767076"}],"curies":[{"name":"wp","href":"https:\/\/api.w.org\/{rel}","templated":true}]}}