{"id":767075,"date":"2025-08-28T12:36:26","date_gmt":"2025-08-28T09:36:26","guid":{"rendered":"https:\/\/roveyayinevi.com.tr\/index.php\/urun\/yuce-tanri-panin-kizi-helen\/"},"modified":"2026-04-15T03:32:46","modified_gmt":"2026-04-15T00:32:46","slug":"yuce-tanri-panin-kizi-helen","status":"publish","type":"product","link":"https:\/\/roveyayinevi.com.tr\/index.php\/urun\/yuce-tanri-panin-kizi-helen\/","title":{"rendered":"Y\u00fcce Tanr\u0131 Pan\u2019\u0131n K\u0131z\u0131 Helen"},"content":{"rendered":"<p>B\u0130L\u0130NMEYENLE Y\u00dcZLE\u015eMEK CESARET \u0130STER AMA BAZI SIRLAR, RUHUN KALDIRAMAYACA\u011eI KADAR A\u011eIRDIR. Arthur Machen\u2019in bu eseri, insan\u0131n bilinmeyene olan arzusu ve yasak bilgiye ula\u015fma \u00e7abalar\u0131n\u0131n do\u011furabilece\u011fi y\u0131k\u0131m\u0131 konu al\u0131yor. Dr. Raymond, bir kad\u0131n\u0131n zihnini kadim do\u011fa tanr\u0131s\u0131 Pan\u2019a a\u00e7arak ger\u00e7ekli\u011fin s\u0131n\u0131rlar\u0131n\u0131 a\u015fmay\u0131 dener. Bu deneyim, ak\u0131l almaz deh\u015fetlerin ve lanetli bir varl\u0131\u011f\u0131n serbest kalmas\u0131na neden olur. Esrarengiz Helen Vaughan\u2019\u0131n etraf\u0131nda b\u00fcy\u00fcyen s\u0131r perdesi, zamanla Londra sokaklar\u0131nda kaosa ve a\u00e7\u0131klanamayan \u00f6l\u00fcmlere yol a\u00e7ar. Delilik ve \u00f6l\u00fcm\u00fcn g\u00f6lgesinde, korkunun insan ruhunu nas\u0131l ele ge\u00e7irdi\u011fi sorusuyla y\u00fczle\u015fmeye haz\u0131r olun. \u201cArthur Machen\u2019in klasikle\u015fmi\u015f ba\u015fyap\u0131t\u0131, deh\u015fetin asla yaln\u0131zca d\u0131\u015f d\u00fcnyada bulunmad\u0131\u011f\u0131n\u0131 hat\u0131rlat\u0131yor. Belki de yaz\u0131lm\u0131\u015f en korkun\u00e7 hik\u00e2ye.&#8221; \u2014 Stephen King <\/p>\n","protected":false},"excerpt":{"rendered":"<p>B\u0130L\u0130NMEYENLE Y\u00dcZLE\u015eMEK CESARET \u0130STER AMA BAZI SIRLAR, RUHUN KALDIRAMAYACA\u011eI KADAR A\u011eIRDIR. Arthur Machen\u2019in bu eseri, insan\u0131n bilinmeyene olan arzusu ve yasak bilgiye ula\u015fma \u00e7abalar\u0131n\u0131n do\u011furabilece\u011fi y\u0131k\u0131m\u0131<span class=\"excerpt-hellip\"> [\u2026]<\/span><\/p>\n","protected":false},"featured_media":0,"template":"","meta":{"_monsterinsights_skip_tracking":false,"_monsterinsights_sitenote_active":false,"_monsterinsights_sitenote_note":"","_monsterinsights_sitenote_category":0},"product_brand":[],"product_cat":[12291,17033],"product_tag":[],"class_list":{"0":"post-767075","1":"product","2":"type-product","3":"status-publish","5":"product_cat-edebiyat","6":"product_cat-korku-gerilim","7":"pa_cilt-ciltsiz","8":"pa_tur-kitap","9":"pa_yayinevi-ulysses-yayinlari","10":"pa_yazar-arthur-machen","12":"first","13":"instock","14":"sale","15":"shipping-taxable","16":"purchasable","17":"product-type-simple"},"_links":{"self":[{"href":"https:\/\/roveyayinevi.com.tr\/index.php\/wp-json\/wp\/v2\/product\/767075","targetHints":{"allow":["GET"]}}],"collection":[{"href":"https:\/\/roveyayinevi.com.tr\/index.php\/wp-json\/wp\/v2\/product"}],"about":[{"href":"https:\/\/roveyayinevi.com.tr\/index.php\/wp-json\/wp\/v2\/types\/product"}],"wp:attachment":[{"href":"https:\/\/roveyayinevi.com.tr\/index.php\/wp-json\/wp\/v2\/media?parent=767075"}],"wp:term":[{"taxonomy":"product_brand","embeddable":true,"href":"https:\/\/roveyayinevi.com.tr\/index.php\/wp-json\/wp\/v2\/product_brand?post=767075"},{"taxonomy":"product_cat","embeddable":true,"href":"https:\/\/roveyayinevi.com.tr\/index.php\/wp-json\/wp\/v2\/product_cat?post=767075"},{"taxonomy":"product_tag","embeddable":true,"href":"https:\/\/roveyayinevi.com.tr\/index.php\/wp-json\/wp\/v2\/product_tag?post=767075"}],"curies":[{"name":"wp","href":"https:\/\/api.w.org\/{rel}","templated":true}]}}